{"id":116862,"date":"2024-12-16T00:32:19","date_gmt":"2024-12-16T00:32:19","guid":{"rendered":"https:\/\/www.otiumhome.fi\/?p=116862"},"modified":"2025-06-06T17:15:14","modified_gmt":"2025-06-06T17:15:14","slug":"sangynrunko-harmaa-taysi-manty-160x200-cm","status":"publish","type":"product","link":"https:\/\/www.otiumhome.fi\/index.php\/tuote\/sangynrunko-harmaa-taysi-manty-160x200-cm\/","title":{"rendered":"S\u00e4ngynrunko harmaa t\u00e4ysi m\u00e4nty 160&#215;200 cm"},"content":{"rendered":"<p>Yksinkertaisen ajaton s\u00e4ngynrunko on k\u00e4yt\u00e4nn\u00f6llinen sek\u00e4 koristeellinen lis\u00e4 makuuhuoneeseesi.<\/p>\n<\/p>\n<ul>\n<li>Ensiluokkainen materiaali: T\u00e4ysi m\u00e4nty on kaunis luonnollinen materiaali. M\u00e4nnyll\u00e4 on suorat puunsyyt, sen oksanpaikat antavat materiaalille sen ominaisen, rustiikkisen ilmeen.<\/li>\n<li>Tukevat s\u00e4leet: Vaneris\u00e4leet tarjoavat hyv\u00e4n painon jakautumisen, taaten patjan pysymisen paikallaan jokaisen k\u00e4\u00e4nn\u00f6ksen ja liikahduksen my\u00f6t\u00e4, joita unissasi teet. <\/li>\n<li>K\u00e4yt\u00e4nn\u00f6llinen s\u00e4nky: Nauti hyvist\u00e4 y\u00f6unista t\u00e4m\u00e4n paris\u00e4ngyn avulla! <\/li>\n<\/ul>\n<p>Huomioi:<\/p>\n<ul>\n<li>Patja ei sis\u00e4lly toimitukseen. Patja ei mukana. Voit etsi\u00e4 myym\u00e4l\u00e4st\u00e4mme sopivia patjoja.<\/li>\n<\/ul>\n<ul>\n<li>V\u00e4ri: harmaa<\/li>\n<li>Materiaali: t\u00e4ysi m\u00e4nty, vaneri<\/li>\n<li>Mitat: 208 x 168 x 77 cm (P x L x K)<\/li>\n<li>Sopiva patjan koko: 160 x 200 cm (L x P) (patja ei sis\u00e4lly tilaukseen)<\/li>\n<li>Asennus vaaditaan: kyll\u00e4<\/li>\n<\/ul>\n","protected":false},"excerpt":{"rendered":"<ul>\n<li>V\u00e4ri: harmaa<\/li>\n<li>Materiaali: t\u00e4ysi m\u00e4nty, vaneri<\/li>\n<li>Mitat: 208 x 168 x 77 cm (P x L x K)<\/li>\n<li>Sopiva patjan koko: 160 x 200 cm (L x P) (patja ei sis\u00e4lly tilaukseen)<\/li>\n<li>Asennus vaaditaan: kyll\u00e4<\/li>\n<\/ul>\n","protected":false},"featured_media":100000116862,"comment_status":"closed","ping_status":"closed","template":"","meta":[],"product_brand":[],"product_cat":[84,8638],"product_tag":[],"class_list":{"0":"post-116862","1":"product","2":"type-product","3":"status-publish","4":"has-post-thumbnail","6":"product_cat-huonekalut","7":"product_cat-sangyt-sangynrungot","9":"first","10":"instock","11":"taxable","12":"shipping-taxable","13":"purchasable","14":"product-type-simple"},"_links":{"self":[{"href":"https:\/\/www.otiumhome.fi\/index.php\/wp-json\/wp\/v2\/product\/116862","targetHints":{"allow":["GET"]}}],"collection":[{"href":"https:\/\/www.otiumhome.fi\/index.php\/wp-json\/wp\/v2\/product"}],"about":[{"href":"https:\/\/www.otiumhome.fi\/index.php\/wp-json\/wp\/v2\/types\/product"}],"replies":[{"embeddable":true,"href":"https:\/\/www.otiumhome.fi\/index.php\/wp-json\/wp\/v2\/comments?post=116862"}],"wp:featuredmedia":[{"embeddable":true,"href":"https:\/\/www.otiumhome.fi\/index.php\/wp-json\/"}],"wp:attachment":[{"href":"https:\/\/www.otiumhome.fi\/index.php\/wp-json\/wp\/v2\/media?parent=116862"}],"wp:term":[{"taxonomy":"product_brand","embeddable":true,"href":"https:\/\/www.otiumhome.fi\/index.php\/wp-json\/wp\/v2\/product_brand?post=116862"},{"taxonomy":"product_cat","embeddable":true,"href":"https:\/\/www.otiumhome.fi\/index.php\/wp-json\/wp\/v2\/product_cat?post=116862"},{"taxonomy":"product_tag","embeddable":true,"href":"https:\/\/www.otiumhome.fi\/index.php\/wp-json\/wp\/v2\/product_tag?post=116862"}],"curies":[{"name":"wp","href":"https:\/\/api.w.org\/{rel}","templated":true}]}}