{"id":116526,"date":"2024-12-16T00:30:05","date_gmt":"2024-12-16T00:30:05","guid":{"rendered":"https:\/\/www.otiumhome.fi\/?p=116526"},"modified":"2025-06-06T17:12:36","modified_gmt":"2025-06-06T17:12:36","slug":"sangynrunko-valkoinen-taysi-manty-180x200-cm","status":"publish","type":"product","link":"https:\/\/www.otiumhome.fi\/index.php\/tuote\/sangynrunko-valkoinen-taysi-manty-180x200-cm\/","title":{"rendered":"S\u00e4ngynrunko valkoinen t\u00e4ysi m\u00e4nty 180&#215;200 cm"},"content":{"rendered":"<p>Luo makuuhuoneeseesi siisti tunnelma t\u00e4ll\u00e4 t\u00e4yspuisella s\u00e4ngynrungolla! Se on k\u00e4yt\u00e4nn\u00f6llinen ja koristeellinen lis\u00e4 sisustukseen.<\/p>\n<\/p>\n<p>Tukevarakenteinen, t\u00e4ydest\u00e4 m\u00e4nnyst\u00e4 valmistettu s\u00e4nky on eritt\u00e4in tukeva ja kest\u00e4v\u00e4. Lujat vaneris\u00e4leet tarjoavat riitt\u00e4v\u00e4n tuen ja mukavuuden.<\/p>\n<\/p>\n<p>Otathan huomioon, ett\u00e4 toimituksessa on vain s\u00e4ngynrunko. Patja ei tule mukana. Voit l\u00f6yt\u00e4\u00e4 kaupastamme my\u00f6s yhteensopivia patjoja.<\/p>\n<ul>\n<li>V\u00e4ri: valkoinen<\/li>\n<li>Materiaali: t\u00e4ysi m\u00e4nty, vaneri<\/li>\n<li>Mitat: 206 x 186 x 66 cm (P x L x K)<\/li>\n<li>Sopiva patjan koko: 180 x 200 cm (L x P) (patja ei mukana)<\/li>\n<li>Nukkumiskorkeus maasta mitattuna: 32 cm<\/li>\n<li>Asennus vaaditaan: kyll\u00e4<\/li>\n<\/ul>\n","protected":false},"excerpt":{"rendered":"<ul>\n<li>V\u00e4ri: valkoinen<\/li>\n<li>Materiaali: t\u00e4ysi m\u00e4nty, vaneri<\/li>\n<li>Mitat: 206 x 186 x 66 cm (P x L x K)<\/li>\n<li>Sopiva patjan koko: 180 x 200 cm (L x P) (patja ei mukana)<\/li>\n<li>Nukkumiskorkeus maasta mitattuna: 32 cm<\/li>\n<li>Asennus vaaditaan: kyll\u00e4<\/li>\n<\/ul>\n","protected":false},"featured_media":100000116526,"comment_status":"closed","ping_status":"closed","template":"","meta":[],"product_brand":[],"product_cat":[84,8638],"product_tag":[],"class_list":{"0":"post-116526","1":"product","2":"type-product","3":"status-publish","4":"has-post-thumbnail","6":"product_cat-huonekalut","7":"product_cat-sangyt-sangynrungot","9":"first","10":"instock","11":"taxable","12":"shipping-taxable","13":"purchasable","14":"product-type-simple"},"_links":{"self":[{"href":"https:\/\/www.otiumhome.fi\/index.php\/wp-json\/wp\/v2\/product\/116526","targetHints":{"allow":["GET"]}}],"collection":[{"href":"https:\/\/www.otiumhome.fi\/index.php\/wp-json\/wp\/v2\/product"}],"about":[{"href":"https:\/\/www.otiumhome.fi\/index.php\/wp-json\/wp\/v2\/types\/product"}],"replies":[{"embeddable":true,"href":"https:\/\/www.otiumhome.fi\/index.php\/wp-json\/wp\/v2\/comments?post=116526"}],"wp:featuredmedia":[{"embeddable":true,"href":"https:\/\/www.otiumhome.fi\/index.php\/wp-json\/"}],"wp:attachment":[{"href":"https:\/\/www.otiumhome.fi\/index.php\/wp-json\/wp\/v2\/media?parent=116526"}],"wp:term":[{"taxonomy":"product_brand","embeddable":true,"href":"https:\/\/www.otiumhome.fi\/index.php\/wp-json\/wp\/v2\/product_brand?post=116526"},{"taxonomy":"product_cat","embeddable":true,"href":"https:\/\/www.otiumhome.fi\/index.php\/wp-json\/wp\/v2\/product_cat?post=116526"},{"taxonomy":"product_tag","embeddable":true,"href":"https:\/\/www.otiumhome.fi\/index.php\/wp-json\/wp\/v2\/product_tag?post=116526"}],"curies":[{"name":"wp","href":"https:\/\/api.w.org\/{rel}","templated":true}]}}