{"id":114185,"date":"2024-12-15T23:02:17","date_gmt":"2024-12-15T23:02:17","guid":{"rendered":"https:\/\/www.otiumhome.fi\/?p=114185"},"modified":"2025-06-06T17:09:22","modified_gmt":"2025-06-06T17:09:22","slug":"sangynrunko-harmaa-taysi-puu-200x200-cm","status":"publish","type":"product","link":"https:\/\/www.otiumhome.fi\/index.php\/tuote\/sangynrunko-harmaa-taysi-puu-200x200-cm\/","title":{"rendered":"S\u00e4ngynrunko harmaa t\u00e4ysi puu 200&#215;200 cm"},"content":{"rendered":"<p>T\u00e4m\u00e4 perinteinen s\u00e4ngynrunko on yksinkertaisen ajaton, se on suunniteltu k\u00e4yt\u00e4nn\u00f6lliseksi ja koristeelliseksi lis\u00e4ksi makuuhuoneeseesi.<\/p>\n<\/p>\n<ul>\n<li>T\u00e4ysi m\u00e4nty: T\u00e4ysi m\u00e4ntypuu on luonnollisen kaunis materiaali. M\u00e4nnyll\u00e4 on suorat puunsyyt ja sen oksanpaikat antavat materiaalille sen ominaisen rustiikkisen ilmeen.<\/li>\n<li> Vaneris\u00e4leet: Vaneris\u00e4leet tarjoavat hyv\u00e4n painon jakautumisen, taaten patjan pysymisen paikallaan jokaisen k\u00e4\u00e4nn\u00f6ksen ja liikahduksen my\u00f6t\u00e4, joita unissasi teet.<\/li>\n<li>Mukava kokemus: Yhdist\u00e4 t\u00e4m\u00e4 puinen s\u00e4ngynrunko ja s\u00e4ngynp\u00e4\u00e4ty nauttiaksesi illoistasi parhaalla mahdollisella tavalla. On se sitten nojaaminen s\u00e4ngynp\u00e4\u00e4tyyn kirjaa lukiessa tai vain hyvist\u00e4 unista nauttiminen, t\u00e4m\u00e4 puinen s\u00e4ngynp\u00e4\u00e4ty t\u00e4ytt\u00e4\u00e4 taatusti tarpeesi.<\/li>\n<\/ul>\n<p>Huomioi:<\/p>\n<ul>\n<li>Patja ei sis\u00e4lly toimitukseen. Voit etsi\u00e4 myym\u00e4l\u00e4st\u00e4mme sopivia patjoja.<\/li>\n<li>T\u00e4m\u00e4 s\u00e4ngynrunko sopii patjalle, jonka mitat ovat 200 x 200 cm.<\/li>\n<\/ul>\n<ul>\n<li>V\u00e4ri: harmaa<\/li>\n<li>S\u00e4ngynrungon materiaali: T\u00e4ysi m\u00e4nty<\/li>\n<li>S\u00e4lemateriaali: Vaneri<\/li>\n<li>S\u00e4ngynrungon mitat: 205,5 x 205,5 x 31 cm (P x L x K)<\/li>\n<li>S\u00e4ngynp\u00e4\u00e4dyn mitat: 205,5 x 4 x 100 cm (P x L x K)<\/li>\n<li>Sopiva patjan koko: 200 x 200 cm (L x P) (patja ei mukana)<\/li>\n<li>Asennus vaaditaan: kyll\u00e4<\/li>\n<li><strong>Toimitus sis\u00e4lt\u00e4\u00e4:<\/strong><\/li>\n<li>1 x s\u00e4ngyn runko<\/li>\n<li>1 x P\u00e4\u00e4tylevy<\/li>\n<\/ul>\n","protected":false},"excerpt":{"rendered":"<ul>\n<li>V\u00e4ri: harmaa<\/li>\n<li>S\u00e4ngynrungon materiaali: T\u00e4ysi m\u00e4nty<\/li>\n<li>S\u00e4lemateriaali: Vaneri<\/li>\n<li>S\u00e4ngynrungon mitat: 205,5 x 205,5 x 31 cm (P x L x K)<\/li>\n<li>S\u00e4ngynp\u00e4\u00e4dyn mitat: 205,5 x 4 x 100 cm (P x L x K)<\/li>\n<li>Sopiva patjan koko: 200 x 200 cm (L x P) (patja ei mukana)<\/li>\n<li>Asennus vaaditaan: kyll\u00e4<\/li>\n<li><strong>Toimitus sis\u00e4lt\u00e4\u00e4:<\/strong><\/li>\n<li>1 x s\u00e4ngyn runko<\/li>\n<li>1 x P\u00e4\u00e4tylevy<\/li>\n<\/ul>\n","protected":false},"featured_media":100000114185,"comment_status":"closed","ping_status":"closed","template":"","meta":[],"product_brand":[],"product_cat":[84,8638],"product_tag":[],"class_list":{"0":"post-114185","1":"product","2":"type-product","3":"status-publish","4":"has-post-thumbnail","6":"product_cat-huonekalut","7":"product_cat-sangyt-sangynrungot","9":"first","10":"instock","11":"taxable","12":"shipping-taxable","13":"purchasable","14":"product-type-simple"},"_links":{"self":[{"href":"https:\/\/www.otiumhome.fi\/index.php\/wp-json\/wp\/v2\/product\/114185","targetHints":{"allow":["GET"]}}],"collection":[{"href":"https:\/\/www.otiumhome.fi\/index.php\/wp-json\/wp\/v2\/product"}],"about":[{"href":"https:\/\/www.otiumhome.fi\/index.php\/wp-json\/wp\/v2\/types\/product"}],"replies":[{"embeddable":true,"href":"https:\/\/www.otiumhome.fi\/index.php\/wp-json\/wp\/v2\/comments?post=114185"}],"wp:featuredmedia":[{"embeddable":true,"href":"https:\/\/www.otiumhome.fi\/index.php\/wp-json\/"}],"wp:attachment":[{"href":"https:\/\/www.otiumhome.fi\/index.php\/wp-json\/wp\/v2\/media?parent=114185"}],"wp:term":[{"taxonomy":"product_brand","embeddable":true,"href":"https:\/\/www.otiumhome.fi\/index.php\/wp-json\/wp\/v2\/product_brand?post=114185"},{"taxonomy":"product_cat","embeddable":true,"href":"https:\/\/www.otiumhome.fi\/index.php\/wp-json\/wp\/v2\/product_cat?post=114185"},{"taxonomy":"product_tag","embeddable":true,"href":"https:\/\/www.otiumhome.fi\/index.php\/wp-json\/wp\/v2\/product_tag?post=114185"}],"curies":[{"name":"wp","href":"https:\/\/api.w.org\/{rel}","templated":true}]}}