{"id":114118,"date":"2024-12-15T23:02:09","date_gmt":"2024-12-15T23:02:09","guid":{"rendered":"https:\/\/www.otiumhome.fi\/?p=114118"},"modified":"2025-06-06T17:07:48","modified_gmt":"2025-06-06T17:07:48","slug":"sangynrunko-musta-taysi-puu-200x200-cm","status":"publish","type":"product","link":"https:\/\/www.otiumhome.fi\/index.php\/tuote\/sangynrunko-musta-taysi-puu-200x200-cm\/","title":{"rendered":"S\u00e4ngynrunko musta t\u00e4ysi puu 200&#215;200 cm"},"content":{"rendered":"<p>Yksinkertaisen ajaton puinen s\u00e4ngynrunko on k\u00e4yt\u00e4nn\u00f6llinen sek\u00e4 koristeellinen lis\u00e4 makuuhuoneeseesi.<\/p>\n<\/p>\n<ul>\n<li>Ensiluokkainen materiaali: T\u00e4ysi m\u00e4nty on kaunis luonnollinen materiaali. M\u00e4nnyll\u00e4 on suorat puunsyyt, sen oksanpaikat antavat materiaalille sen ominaisen, rustiikkisen ilmeen.<\/li>\n<li>Tukeva ja vakaa s\u00e4ngynrunko: Puurunko takaa s\u00e4ngyn tukevuuden ja vakauden.<\/li>\n<li>Mukava tuki: S\u00e4ngynp\u00e4\u00e4ty tarjoaa erinomaisen selk\u00e4tuen, kun istut s\u00e4ngyll\u00e4 lukemassa kirjaa tai katselet elokuvaa.<\/li>\n<li>Ajaton suunnittelu: S\u00e4ngynp\u00e4\u00e4dyn tyylik\u00e4s v\u00e4ri ja suunnittelu sulautuvat helposti sisustukseesi.<\/li>\n<\/ul>\n<p>Huomioi:<\/p>\n<ul>\n<li>Patja ei sis\u00e4lly toimitukseen. Voit etsi\u00e4 myym\u00e4l\u00e4st\u00e4mme sopivia patjoja (200 x 200 cm).<\/li>\n<\/ul>\n<ul>\n<li>V\u00e4ri: musta<\/li>\n<li>Materiaali: t\u00e4ysi m\u00e4nty<\/li>\n<li>S\u00e4ngyn rungon kokonaismitat: 206 x 205,5 x 100 cm (P x L x K)<\/li>\n<li>Sopiva patjan koko: 200 x 200 cm (L x P) (patja ei mukana)<\/li>\n<li>P\u00e4\u00e4tylevyn mitat: 206 x 4 x 100 cm (L x S x K)<\/li>\n<li>Asennus vaaditaan: kyll\u00e4<\/li>\n<li><strong>Toimitus sis\u00e4lt\u00e4\u00e4:<\/strong><\/li>\n<li>1 x s\u00e4ngyn runko<\/li>\n<li>1 x P\u00e4\u00e4tylevy<\/li>\n<\/ul>\n","protected":false},"excerpt":{"rendered":"<ul>\n<li>V\u00e4ri: musta<\/li>\n<li>Materiaali: t\u00e4ysi m\u00e4nty<\/li>\n<li>S\u00e4ngyn rungon kokonaismitat: 206 x 205,5 x 100 cm (P x L x K)<\/li>\n<li>Sopiva patjan koko: 200 x 200 cm (L x P) (patja ei mukana)<\/li>\n<li>P\u00e4\u00e4tylevyn mitat: 206 x 4 x 100 cm (L x S x K)<\/li>\n<li>Asennus vaaditaan: kyll\u00e4<\/li>\n<li><strong>Toimitus sis\u00e4lt\u00e4\u00e4:<\/strong><\/li>\n<li>1 x s\u00e4ngyn runko<\/li>\n<li>1 x P\u00e4\u00e4tylevy<\/li>\n<\/ul>\n","protected":false},"featured_media":100000114118,"comment_status":"closed","ping_status":"closed","template":"","meta":[],"product_brand":[],"product_cat":[84,8638],"product_tag":[],"class_list":{"0":"post-114118","1":"product","2":"type-product","3":"status-publish","4":"has-post-thumbnail","6":"product_cat-huonekalut","7":"product_cat-sangyt-sangynrungot","9":"first","10":"instock","11":"taxable","12":"shipping-taxable","13":"purchasable","14":"product-type-simple"},"_links":{"self":[{"href":"https:\/\/www.otiumhome.fi\/index.php\/wp-json\/wp\/v2\/product\/114118","targetHints":{"allow":["GET"]}}],"collection":[{"href":"https:\/\/www.otiumhome.fi\/index.php\/wp-json\/wp\/v2\/product"}],"about":[{"href":"https:\/\/www.otiumhome.fi\/index.php\/wp-json\/wp\/v2\/types\/product"}],"replies":[{"embeddable":true,"href":"https:\/\/www.otiumhome.fi\/index.php\/wp-json\/wp\/v2\/comments?post=114118"}],"wp:featuredmedia":[{"embeddable":true,"href":"https:\/\/www.otiumhome.fi\/index.php\/wp-json\/"}],"wp:attachment":[{"href":"https:\/\/www.otiumhome.fi\/index.php\/wp-json\/wp\/v2\/media?parent=114118"}],"wp:term":[{"taxonomy":"product_brand","embeddable":true,"href":"https:\/\/www.otiumhome.fi\/index.php\/wp-json\/wp\/v2\/product_brand?post=114118"},{"taxonomy":"product_cat","embeddable":true,"href":"https:\/\/www.otiumhome.fi\/index.php\/wp-json\/wp\/v2\/product_cat?post=114118"},{"taxonomy":"product_tag","embeddable":true,"href":"https:\/\/www.otiumhome.fi\/index.php\/wp-json\/wp\/v2\/product_tag?post=114118"}],"curies":[{"name":"wp","href":"https:\/\/api.w.org\/{rel}","templated":true}]}}