{"id":113283,"date":"2024-12-15T22:51:15","date_gmt":"2024-12-15T22:51:15","guid":{"rendered":"https:\/\/www.otiumhome.fi\/?p=113283"},"modified":"2025-06-06T17:06:42","modified_gmt":"2025-06-06T17:06:42","slug":"sangynrunko-valkoinen-manty-100x200-cm","status":"publish","type":"product","link":"https:\/\/www.otiumhome.fi\/index.php\/tuote\/sangynrunko-valkoinen-manty-100x200-cm\/","title":{"rendered":"S\u00e4ngynrunko valkoinen m\u00e4nty 100&#215;200 cm"},"content":{"rendered":"<p>Luo makuuhuoneestasi siistin moderni ajattomalla t\u00e4yspuisella s\u00e4ngynrungolla! Se on k\u00e4yt\u00e4nn\u00f6llinen ja koristeellinen lis\u00e4 sisustukseen.<\/p>\n<\/p>\n<p>T\u00e4ydest\u00e4 m\u00e4nnyst\u00e4 valmistettu s\u00e4ngynrunko on eritt\u00e4in vankka ja kest\u00e4v\u00e4. S\u00e4ngynrunkoon sopii 100 x 200 cm kokoinen patja.<\/p>\n<\/p>\n<p>Ole hyv\u00e4 ja ota huomioon, ett\u00e4 toimituksessa on vain s\u00e4ngyn runko, patja ei mukana. S\u00e4nky on helppo koota.<\/p>\n<ul>\n<li>V\u00e4ri: valkoinen<\/li>\n<li>Materiaali: t\u00e4ysi m\u00e4ntypuinen runko ja vaneriset s\u00e4leet<\/li>\n<li>Mitat: 213 x 105 x 66 cm (P x L x K)<\/li>\n<li>Sopiva patjan koko: 100 x 200 cm (L x P) (patja ei mukana)<\/li>\n<\/ul>\n","protected":false},"excerpt":{"rendered":"<ul>\n<li>V\u00e4ri: valkoinen<\/li>\n<li>Materiaali: t\u00e4ysi m\u00e4ntypuinen runko ja vaneriset s\u00e4leet<\/li>\n<li>Mitat: 213 x 105 x 66 cm (P x L x K)<\/li>\n<li>Sopiva patjan koko: 100 x 200 cm (L x P) (patja ei mukana)<\/li>\n<\/ul>\n","protected":false},"featured_media":100000113283,"comment_status":"closed","ping_status":"closed","template":"","meta":[],"product_brand":[],"product_cat":[84,8638],"product_tag":[],"class_list":{"0":"post-113283","1":"product","2":"type-product","3":"status-publish","4":"has-post-thumbnail","6":"product_cat-huonekalut","7":"product_cat-sangyt-sangynrungot","9":"first","10":"instock","11":"taxable","12":"shipping-taxable","13":"purchasable","14":"product-type-simple"},"_links":{"self":[{"href":"https:\/\/www.otiumhome.fi\/index.php\/wp-json\/wp\/v2\/product\/113283","targetHints":{"allow":["GET"]}}],"collection":[{"href":"https:\/\/www.otiumhome.fi\/index.php\/wp-json\/wp\/v2\/product"}],"about":[{"href":"https:\/\/www.otiumhome.fi\/index.php\/wp-json\/wp\/v2\/types\/product"}],"replies":[{"embeddable":true,"href":"https:\/\/www.otiumhome.fi\/index.php\/wp-json\/wp\/v2\/comments?post=113283"}],"wp:featuredmedia":[{"embeddable":true,"href":"https:\/\/www.otiumhome.fi\/index.php\/wp-json\/"}],"wp:attachment":[{"href":"https:\/\/www.otiumhome.fi\/index.php\/wp-json\/wp\/v2\/media?parent=113283"}],"wp:term":[{"taxonomy":"product_brand","embeddable":true,"href":"https:\/\/www.otiumhome.fi\/index.php\/wp-json\/wp\/v2\/product_brand?post=113283"},{"taxonomy":"product_cat","embeddable":true,"href":"https:\/\/www.otiumhome.fi\/index.php\/wp-json\/wp\/v2\/product_cat?post=113283"},{"taxonomy":"product_tag","embeddable":true,"href":"https:\/\/www.otiumhome.fi\/index.php\/wp-json\/wp\/v2\/product_tag?post=113283"}],"curies":[{"name":"wp","href":"https:\/\/api.w.org\/{rel}","templated":true}]}}