{"id":113268,"date":"2024-12-15T22:51:14","date_gmt":"2024-12-15T22:51:14","guid":{"rendered":"https:\/\/www.otiumhome.fi\/?p=113268"},"modified":"2025-06-06T17:06:39","modified_gmt":"2025-06-06T17:06:39","slug":"lavasangynrunko-ruskea-taysi-manty-100x200-cm","status":"publish","type":"product","link":"https:\/\/www.otiumhome.fi\/index.php\/tuote\/lavasangynrunko-ruskea-taysi-manty-100x200-cm\/","title":{"rendered":"Lavas\u00e4ngynrunko ruskea t\u00e4ysi m\u00e4nty 100&#215;200 cm"},"content":{"rendered":"<p>Klassisesta lavas\u00e4ngynrungosta tulee makuuhuoneen keskipiste. Ajaton t\u00e4yspuinen s\u00e4ngynrunko on k\u00e4yt\u00e4nn\u00f6llinen sek\u00e4 koristeellinen lis\u00e4 sisustukseesi.<\/p>\n<\/p>\n<p>T\u00e4ydest\u00e4 m\u00e4nnyst\u00e4 valmistettu s\u00e4ngynrunko on tukeva ja kest\u00e4v\u00e4. Vahvat s\u00e4leet tarjoavat tarvittavan tuen ja ovat eritt\u00e4in mukavat. T\u00e4m\u00e4 s\u00e4ngynrunko sopii patjalle, jonka koko on 100 x 200 cm.<\/p>\n<\/p>\n<p>Otathan huomioon, ett\u00e4 toimituksessa on vain s\u00e4ngynrunko; patja ei tule mukana. S\u00e4nky on helppo koota. Voit l\u00f6yt\u00e4\u00e4 kaupastamme my\u00f6s yhteensopivia patjoja.<\/p>\n<ul>\n<li>V\u00e4ri: ruskea<\/li>\n<li>Materiaali: t\u00e4ysi m\u00e4ntyrunko<\/li>\n<li>Mitat: 200 x 100 x 14 cm (P x L x K)<\/li>\n<li>Levyn paksuus: 20 mm<\/li>\n<li>Sopiva patjan koko: 100 x 200 cm (L x P) (patja ei mukana)<\/li>\n<\/ul>\n","protected":false},"excerpt":{"rendered":"<ul>\n<li>V\u00e4ri: ruskea<\/li>\n<li>Materiaali: t\u00e4ysi m\u00e4ntyrunko<\/li>\n<li>Mitat: 200 x 100 x 14 cm (P x L x K)<\/li>\n<li>Levyn paksuus: 20 mm<\/li>\n<li>Sopiva patjan koko: 100 x 200 cm (L x P) (patja ei mukana)<\/li>\n<\/ul>\n","protected":false},"featured_media":100000113268,"comment_status":"closed","ping_status":"closed","template":"","meta":[],"product_brand":[],"product_cat":[84,8638],"product_tag":[],"class_list":{"0":"post-113268","1":"product","2":"type-product","3":"status-publish","4":"has-post-thumbnail","6":"product_cat-huonekalut","7":"product_cat-sangyt-sangynrungot","9":"first","10":"instock","11":"taxable","12":"shipping-taxable","13":"purchasable","14":"product-type-simple"},"_links":{"self":[{"href":"https:\/\/www.otiumhome.fi\/index.php\/wp-json\/wp\/v2\/product\/113268","targetHints":{"allow":["GET"]}}],"collection":[{"href":"https:\/\/www.otiumhome.fi\/index.php\/wp-json\/wp\/v2\/product"}],"about":[{"href":"https:\/\/www.otiumhome.fi\/index.php\/wp-json\/wp\/v2\/types\/product"}],"replies":[{"embeddable":true,"href":"https:\/\/www.otiumhome.fi\/index.php\/wp-json\/wp\/v2\/comments?post=113268"}],"wp:featuredmedia":[{"embeddable":true,"href":"https:\/\/www.otiumhome.fi\/index.php\/wp-json\/"}],"wp:attachment":[{"href":"https:\/\/www.otiumhome.fi\/index.php\/wp-json\/wp\/v2\/media?parent=113268"}],"wp:term":[{"taxonomy":"product_brand","embeddable":true,"href":"https:\/\/www.otiumhome.fi\/index.php\/wp-json\/wp\/v2\/product_brand?post=113268"},{"taxonomy":"product_cat","embeddable":true,"href":"https:\/\/www.otiumhome.fi\/index.php\/wp-json\/wp\/v2\/product_cat?post=113268"},{"taxonomy":"product_tag","embeddable":true,"href":"https:\/\/www.otiumhome.fi\/index.php\/wp-json\/wp\/v2\/product_tag?post=113268"}],"curies":[{"name":"wp","href":"https:\/\/api.w.org\/{rel}","templated":true}]}}