{"id":113251,"date":"2024-12-15T22:51:12","date_gmt":"2024-12-15T22:51:12","guid":{"rendered":"https:\/\/www.otiumhome.fi\/?p=113251"},"modified":"2025-07-27T00:39:13","modified_gmt":"2025-07-27T00:39:13","slug":"sangynrunko-harmaa-luonnollinen-rottinki-140x200-cm","status":"publish","type":"product","link":"https:\/\/www.otiumhome.fi\/index.php\/tuote\/sangynrunko-harmaa-luonnollinen-rottinki-140x200-cm\/","title":{"rendered":"S\u00e4ngynrunko harmaa luonnollinen rottinki 140&#215;200 cm"},"content":{"rendered":"<p>Rottinkisessa s\u00e4ngynrungossa on ainutlaatuinen punottu rakenne ja se on t\u00e4ydellinen valinta henkil\u00f6ille, jotka kaipaavat eksoottista tunnelmaa makuuhuoneeseen.<\/p>\n<\/p>\n<p>S\u00e4ngynrunko on k\u00e4sintehty t\u00e4ydest\u00e4 mahongista ja mangopuusta sek\u00e4 luonnollisesta kubu-rottingista, ja se kest\u00e4\u00e4 p\u00e4ivitt\u00e4ist\u00e4 k\u00e4ytt\u00f6\u00e4. S\u00e4ngyn p\u00e4\u00e4ty tarjoaa mukavan selk\u00e4nojan. S\u00e4ngynrunkoon sopii 140 x 200 cm kokoinen patja.<\/p>\n<\/p>\n<p>Huomioithan: toimituksessa mukana ainoastaan s\u00e4ngynrunko, s\u00e4leet ja patja eiv\u00e4t tule mukana. S\u00e4ngynrunko on helppo koota.<\/p>\n<ul>\n<li>V\u00e4ri: Harmaa<\/li>\n<li>Materiaali: Mahonki- ja mangopuu + luonnonrottinki<\/li>\n<li>Kokonaismitat: 210 x 149 x 77 cm (P x L x K)<\/li>\n<li>Korkeus lattiasta rungon yl\u00e4osaan\/jalkoihin: 32 cm \/ 7 cm<\/li>\n<li>Sopiva patjan koko: 140 x 200 (L x P) (patja ei sis\u00e4lly)<\/li>\n<li>Nukkumiskorkeus maasta: 33 cm<\/li>\n<\/ul>\n","protected":false},"excerpt":{"rendered":"<ul>\n<li>V\u00e4ri: Harmaa<\/li>\n<li>Materiaali: Mahonki- ja mangopuu + luonnonrottinki<\/li>\n<li>Kokonaismitat: 210 x 149 x 77 cm (P x L x K)<\/li>\n<li>Korkeus lattiasta rungon yl\u00e4osaan\/jalkoihin: 32 cm \/ 7 cm<\/li>\n<li>Sopiva patjan koko: 140 x 200 (L x P) (patja ei sis\u00e4lly)<\/li>\n<li>Nukkumiskorkeus maasta: 33 cm<\/li>\n<\/ul>\n","protected":false},"featured_media":100000113251,"comment_status":"closed","ping_status":"closed","template":"","meta":[],"product_brand":[],"product_cat":[84,8638],"product_tag":[],"class_list":{"0":"post-113251","1":"product","2":"type-product","3":"status-publish","4":"has-post-thumbnail","6":"product_cat-huonekalut","7":"product_cat-sangyt-sangynrungot","9":"first","10":"instock","11":"taxable","12":"shipping-taxable","13":"purchasable","14":"product-type-simple"},"_links":{"self":[{"href":"https:\/\/www.otiumhome.fi\/index.php\/wp-json\/wp\/v2\/product\/113251","targetHints":{"allow":["GET"]}}],"collection":[{"href":"https:\/\/www.otiumhome.fi\/index.php\/wp-json\/wp\/v2\/product"}],"about":[{"href":"https:\/\/www.otiumhome.fi\/index.php\/wp-json\/wp\/v2\/types\/product"}],"replies":[{"embeddable":true,"href":"https:\/\/www.otiumhome.fi\/index.php\/wp-json\/wp\/v2\/comments?post=113251"}],"wp:featuredmedia":[{"embeddable":true,"href":"https:\/\/www.otiumhome.fi\/index.php\/wp-json\/"}],"wp:attachment":[{"href":"https:\/\/www.otiumhome.fi\/index.php\/wp-json\/wp\/v2\/media?parent=113251"}],"wp:term":[{"taxonomy":"product_brand","embeddable":true,"href":"https:\/\/www.otiumhome.fi\/index.php\/wp-json\/wp\/v2\/product_brand?post=113251"},{"taxonomy":"product_cat","embeddable":true,"href":"https:\/\/www.otiumhome.fi\/index.php\/wp-json\/wp\/v2\/product_cat?post=113251"},{"taxonomy":"product_tag","embeddable":true,"href":"https:\/\/www.otiumhome.fi\/index.php\/wp-json\/wp\/v2\/product_tag?post=113251"}],"curies":[{"name":"wp","href":"https:\/\/api.w.org\/{rel}","templated":true}]}}