{"id":113235,"date":"2024-12-15T22:51:10","date_gmt":"2024-12-15T22:51:10","guid":{"rendered":"https:\/\/www.otiumhome.fi\/?p=113235"},"modified":"2025-06-06T17:06:39","modified_gmt":"2025-06-06T17:06:39","slug":"sangynrunko-ilman-patjaa-vihrea-kangas-135x190-cm","status":"publish","type":"product","link":"https:\/\/www.otiumhome.fi\/index.php\/tuote\/sangynrunko-ilman-patjaa-vihrea-kangas-135x190-cm\/","title":{"rendered":"S\u00e4ngynrunko ilman patjaa Vihre\u00e4 kangas 135&#215;190 cm"},"content":{"rendered":"<p>T\u00e4st\u00e4 klassisesta s\u00e4ngynrungosta tulee taatusti makuuhuoneesi keskipiste.<\/p>\n<\/p>\n<p>S\u00e4ngynrungon vaatimattoman elegantti suunnittelu antaa makuuhuoneesi sisustukseen eleganttia charmia. Jauhemaalatusta raudasta ja MDF:st\u00e4 valmistettu s\u00e4ngynrunko on todella vankka ja kest\u00e4v\u00e4. T\u00e4yspuiset jalat lis\u00e4\u00e4v\u00e4t s\u00e4ngyn kest\u00e4vyytt\u00e4. Sen kest\u00e4v\u00e4st\u00e4 kankaasta valmistettu p\u00e4\u00e4llyste lis\u00e4\u00e4 houkuttelevaa ulkon\u00e4k\u00f6\u00e4 ja on my\u00f6s helppo puhdistaa. S\u00e4ngynrunkoon sopii 135 x 190 cm patja.<\/p>\n<\/p>\n<p>Otathan huomioon, ett\u00e4 toimituksessa on vain s\u00e4ngynrunko; patja ei tule mukana. S\u00e4nky on helppo koota. Voit l\u00f6yt\u00e4\u00e4 kaupastamme my\u00f6s yhteensopivia patjoja.<\/p>\n<ul>\n<li>V\u00e4ri: vihre\u00e4<\/li>\n<li>Materiaali: jauhemaalattu rautarunko + MDF + t\u00e4yspuiset jalat<\/li>\n<li>P\u00e4\u00e4tylevyn materiaali: MDF + kangas<\/li>\n<li>Kokonaismitat: 197 x 141 x 95 cm (P x L x K)<\/li>\n<li>Sopiva patjan koko: 135 x 190 cm (L x P) (Patja ei sis\u00e4lly tilaukseen)<\/li>\n<li>Nukkumiskorkeus maasta mitattuna: 19 cm<\/li>\n<li>Tekstiili: Polyesteri: 100%<\/li>\n<\/ul>\n","protected":false},"excerpt":{"rendered":"<ul>\n<li>V\u00e4ri: vihre\u00e4<\/li>\n<li>Materiaali: jauhemaalattu rautarunko + MDF + t\u00e4yspuiset jalat<\/li>\n<li>P\u00e4\u00e4tylevyn materiaali: MDF + kangas<\/li>\n<li>Kokonaismitat: 197 x 141 x 95 cm (P x L x K)<\/li>\n<li>Sopiva patjan koko: 135 x 190 cm (L x P) (Patja ei sis\u00e4lly tilaukseen)<\/li>\n<li>Nukkumiskorkeus maasta mitattuna: 19 cm<\/li>\n<li>Tekstiili: Polyesteri: 100%<\/li>\n<\/ul>\n","protected":false},"featured_media":100000113235,"comment_status":"closed","ping_status":"closed","template":"","meta":[],"product_brand":[],"product_cat":[84,8638],"product_tag":[],"class_list":{"0":"post-113235","1":"product","2":"type-product","3":"status-publish","4":"has-post-thumbnail","6":"product_cat-huonekalut","7":"product_cat-sangyt-sangynrungot","9":"first","10":"instock","11":"taxable","12":"shipping-taxable","13":"purchasable","14":"product-type-simple"},"_links":{"self":[{"href":"https:\/\/www.otiumhome.fi\/index.php\/wp-json\/wp\/v2\/product\/113235","targetHints":{"allow":["GET"]}}],"collection":[{"href":"https:\/\/www.otiumhome.fi\/index.php\/wp-json\/wp\/v2\/product"}],"about":[{"href":"https:\/\/www.otiumhome.fi\/index.php\/wp-json\/wp\/v2\/types\/product"}],"replies":[{"embeddable":true,"href":"https:\/\/www.otiumhome.fi\/index.php\/wp-json\/wp\/v2\/comments?post=113235"}],"wp:featuredmedia":[{"embeddable":true,"href":"https:\/\/www.otiumhome.fi\/index.php\/wp-json\/"}],"wp:attachment":[{"href":"https:\/\/www.otiumhome.fi\/index.php\/wp-json\/wp\/v2\/media?parent=113235"}],"wp:term":[{"taxonomy":"product_brand","embeddable":true,"href":"https:\/\/www.otiumhome.fi\/index.php\/wp-json\/wp\/v2\/product_brand?post=113235"},{"taxonomy":"product_cat","embeddable":true,"href":"https:\/\/www.otiumhome.fi\/index.php\/wp-json\/wp\/v2\/product_cat?post=113235"},{"taxonomy":"product_tag","embeddable":true,"href":"https:\/\/www.otiumhome.fi\/index.php\/wp-json\/wp\/v2\/product_tag?post=113235"}],"curies":[{"name":"wp","href":"https:\/\/api.w.org\/{rel}","templated":true}]}}