{"id":113114,"date":"2024-12-15T22:06:35","date_gmt":"2024-12-15T22:06:35","guid":{"rendered":"https:\/\/www.otiumhome.fi\/?p=113114"},"modified":"2025-12-14T11:22:35","modified_gmt":"2025-12-14T11:22:35","slug":"sangynrunko-ledilla-ilman-patjaa-cappuccinoa-135x190-cm","status":"publish","type":"product","link":"https:\/\/www.otiumhome.fi\/index.php\/tuote\/sangynrunko-ledilla-ilman-patjaa-cappuccinoa-135x190-cm\/","title":{"rendered":"S\u00e4ngynrunko LEDill\u00e4 ilman patjaa Cappuccinoa 135&#215;190 cm"},"content":{"rendered":"<p>T\u00e4st\u00e4 klassisesta s\u00e4ngynrungosta tulee taatusti makuuhuoneesi keskipiste. Siin\u00e4 on v\u00e4ri\u00e4 vaihtava LED-valonauha.<\/p>\n<\/p>\n<p>Sen vaatimattoman elegantti suunnittelu antaa makuuhuoneesi sisustukseen eleganttia charmia. Koska se on valmistettu puusta ja ter\u00e4ksest\u00e4, t\u00e4m\u00e4 s\u00e4ngynrunko on todella vakaa ja kest\u00e4v\u00e4. T\u00e4yspuujalat lis\u00e4\u00e4v\u00e4t s\u00e4ngyn vakautta. Sen kest\u00e4v\u00e4st\u00e4 keinonahasta valmistettu p\u00e4\u00e4llyste lis\u00e4\u00e4 houkuttelevaa ulkon\u00e4k\u00f6\u00e4 ja on my\u00f6s helppo puhdistaa. Voit lis\u00e4ksi s\u00e4\u00e4t\u00e4\u00e4 LED-valonauhan voimakkuutta, kirkkautta ja vilkkuvien v\u00e4rien s\u00e4vy\u00e4 mukana tulevalla 24 painikkeen kauko-ohjaimella luodaksesi upean valoesityksen. S\u00e4ngynrunkoon sopii 135 x 190 cm patja.<\/p>\n<\/p>\n<p>Otathan huomioon, ett\u00e4 toimituksessa on vain s\u00e4ngynrunko; patja ei tule mukana. S\u00e4nky on helppo koota. Voit l\u00f6yt\u00e4\u00e4 kaupastamme my\u00f6s yhteensopivia patjoja.<\/p>\n<ul>\n<li><strong>S\u00e4ngyn runko:<\/strong><\/li>\n<li>V\u00e4ri: cappuccino<\/li>\n<li>Materiaali: jauhemaalattu rautakehys + MDF + ter\u00e4sjalat<\/li>\n<li>P\u00e4\u00e4tylevyn materiaali: MDF + keinonahka<\/li>\n<li>Kokonaismitat: 201 x 140 x 70 cm (P x L x K)<\/li>\n<li>Sopiva patjan koko: 135 x 190 cm (L x P) (Patja ei sis\u00e4lly tilaukseen)<\/li>\n<li>Nukkumiskorkeus maasta mitattuna: 23 cm<\/li>\n<li><strong>LED-valonauha:<\/strong><\/li>\n<li>Pituus: 110 cm<\/li>\n<li>Teho: 4,6 W<\/li>\n<li>24-n\u00e4pp\u00e4iminen kauko-ohjaus teholle, kirkkaudelle ja eri v\u00e4reille<\/li>\n<\/ul>\n","protected":false},"excerpt":{"rendered":"<ul>\n<li><strong>S\u00e4ngyn runko:<\/strong><\/li>\n<li>V\u00e4ri: cappuccino<\/li>\n<li>Materiaali: jauhemaalattu rautakehys + MDF + ter\u00e4sjalat<\/li>\n<li>P\u00e4\u00e4tylevyn materiaali: MDF + keinonahka<\/li>\n<li>Kokonaismitat: 201 x 140 x 70 cm (P x L x K)<\/li>\n<li>Sopiva patjan koko: 135 x 190 cm (L x P) (Patja ei sis\u00e4lly tilaukseen)<\/li>\n<li>Nukkumiskorkeus maasta mitattuna: 23 cm<\/li>\n<li><strong>LED-valonauha:<\/strong><\/li>\n<li>Pituus: 110 cm<\/li>\n<li>Teho: 4,6 W<\/li>\n<li>24-n\u00e4pp\u00e4iminen kauko-ohjaus teholle, kirkkaudelle ja eri v\u00e4reille<\/li>\n<\/ul>\n","protected":false},"featured_media":100000113114,"comment_status":"closed","ping_status":"closed","template":"","meta":[],"product_brand":[],"product_cat":[84,8638],"product_tag":[],"class_list":{"0":"post-113114","1":"product","2":"type-product","3":"status-publish","4":"has-post-thumbnail","6":"product_cat-huonekalut","7":"product_cat-sangyt-sangynrungot","9":"first","10":"instock","11":"taxable","12":"shipping-taxable","13":"purchasable","14":"product-type-simple"},"_links":{"self":[{"href":"https:\/\/www.otiumhome.fi\/index.php\/wp-json\/wp\/v2\/product\/113114","targetHints":{"allow":["GET"]}}],"collection":[{"href":"https:\/\/www.otiumhome.fi\/index.php\/wp-json\/wp\/v2\/product"}],"about":[{"href":"https:\/\/www.otiumhome.fi\/index.php\/wp-json\/wp\/v2\/types\/product"}],"replies":[{"embeddable":true,"href":"https:\/\/www.otiumhome.fi\/index.php\/wp-json\/wp\/v2\/comments?post=113114"}],"wp:featuredmedia":[{"embeddable":true,"href":"https:\/\/www.otiumhome.fi\/index.php\/wp-json\/"}],"wp:attachment":[{"href":"https:\/\/www.otiumhome.fi\/index.php\/wp-json\/wp\/v2\/media?parent=113114"}],"wp:term":[{"taxonomy":"product_brand","embeddable":true,"href":"https:\/\/www.otiumhome.fi\/index.php\/wp-json\/wp\/v2\/product_brand?post=113114"},{"taxonomy":"product_cat","embeddable":true,"href":"https:\/\/www.otiumhome.fi\/index.php\/wp-json\/wp\/v2\/product_cat?post=113114"},{"taxonomy":"product_tag","embeddable":true,"href":"https:\/\/www.otiumhome.fi\/index.php\/wp-json\/wp\/v2\/product_tag?post=113114"}],"curies":[{"name":"wp","href":"https:\/\/api.w.org\/{rel}","templated":true}]}}