{"id":113038,"date":"2024-12-15T22:01:28","date_gmt":"2024-12-15T22:01:28","guid":{"rendered":"https:\/\/www.otiumhome.fi\/?p=113038"},"modified":"2025-06-06T17:06:30","modified_gmt":"2025-06-06T17:06:30","slug":"sangyn-salepohja-42-saleella-7-vyohyketta-90x200-cm","status":"publish","type":"product","link":"https:\/\/www.otiumhome.fi\/index.php\/tuote\/sangyn-salepohja-42-saleella-7-vyohyketta-90x200-cm\/","title":{"rendered":"S\u00e4ngyn s\u00e4lepohja 42 s\u00e4leell\u00e4 7 vy\u00f6hykett\u00e4 90&#215;200 cm"},"content":{"rendered":"<p>T\u00e4m\u00e4 mukava s\u00e4ngyn s\u00e4lepohja saa sinut rakastamaan s\u00e4nky\u00e4si entist\u00e4 enemm\u00e4n!<\/p>\n<\/p>\n<p>Runko on tehty t\u00e4ydest\u00e4 py\u00f6kist\u00e4 ja s\u00e4leet koivusta. S\u00e4lepohja on tukeva ja kest\u00e4v\u00e4. Seitsem\u00e4n mukavuutta lis\u00e4\u00e4v\u00e4\u00e4 vy\u00f6hykett\u00e4 tukevat kehoasi ihanteellisesti. S\u00e4leiden molemmat p\u00e4\u00e4t ovat kiinni SBS-kumitupeilla, jotka tekev\u00e4t rakenteesta vakaan. Pohjan kovuutta voi s\u00e4\u00e4t\u00e4\u00e4 keskell\u00e4 olevilla kuudella tuplas\u00e4leell\u00e4. Rungon molempia p\u00e4\u00e4tyj\u00e4 voidaan s\u00e4\u00e4t\u00e4\u00e4 parhaan mukavuuden l\u00f6yt\u00e4miseksi. S\u00e4lepohjan kokoaminen on helppoa.<\/p>\n<\/p>\n<p>Otathan huomioon, ett\u00e4 toimitukseen sis\u00e4ltyy vain s\u00e4lepohja. Patja ja s\u00e4ngynrunko eiv\u00e4t sis\u00e4lly toimitukseen.<\/p>\n<\/p>\n<p>Hyv\u00e4 tiet\u00e4\u00e4: Vaatii kokoamisen toimitusrajoitusten vuoksi, jotka rajoittavat pakkauksen koon enint\u00e4\u00e4n 120 cm mittaan.<\/p>\n<ul>\n<li>Materiaali: py\u00f6kkirunko + koivus\u00e4leet<\/li>\n<li>Mitat: 195 x 90 x 10 cm (P x L x K)<\/li>\n<li>Sopiva patjan koko: 90 x 200 cm (L x P) (patja ei sis\u00e4lly toimitukseen)<\/li>\n<li>42 s\u00e4lett\u00e4 (6 tuplas\u00e4lett\u00e4 j\u00e4ykkyyden s\u00e4\u00e4t\u00e4miseksi)<\/li>\n<li>Keskell\u00e4 vahvistusnauha<\/li>\n<li>SBS-kumitulpat s\u00e4leiden paikallaan pit\u00e4miseksi<\/li>\n<li>P\u00e4\u00e4- ja jalkop\u00e4\u00e4ty s\u00e4\u00e4dett\u00e4viss\u00e4<\/li>\n<li>Helppo koota<\/li>\n<\/ul>\n","protected":false},"excerpt":{"rendered":"<ul>\n<li>Materiaali: py\u00f6kkirunko + koivus\u00e4leet<\/li>\n<li>Mitat: 195 x 90 x 10 cm (P x L x K)<\/li>\n<li>Sopiva patjan koko: 90 x 200 cm (L x P) (patja ei sis\u00e4lly toimitukseen)<\/li>\n<li>42 s\u00e4lett\u00e4 (6 tuplas\u00e4lett\u00e4 j\u00e4ykkyyden s\u00e4\u00e4t\u00e4miseksi)<\/li>\n<li>Keskell\u00e4 vahvistusnauha<\/li>\n<li>SBS-kumitulpat s\u00e4leiden paikallaan pit\u00e4miseksi<\/li>\n<li>P\u00e4\u00e4- ja jalkop\u00e4\u00e4ty s\u00e4\u00e4dett\u00e4viss\u00e4<\/li>\n<li>Helppo koota<\/li>\n<\/ul>\n","protected":false},"featured_media":100000113038,"comment_status":"closed","ping_status":"closed","template":"","meta":[],"product_brand":[],"product_cat":[84,8638],"product_tag":[],"class_list":{"0":"post-113038","1":"product","2":"type-product","3":"status-publish","4":"has-post-thumbnail","6":"product_cat-huonekalut","7":"product_cat-sangyt-sangynrungot","9":"first","10":"instock","11":"taxable","12":"shipping-taxable","13":"purchasable","14":"product-type-simple"},"_links":{"self":[{"href":"https:\/\/www.otiumhome.fi\/index.php\/wp-json\/wp\/v2\/product\/113038","targetHints":{"allow":["GET"]}}],"collection":[{"href":"https:\/\/www.otiumhome.fi\/index.php\/wp-json\/wp\/v2\/product"}],"about":[{"href":"https:\/\/www.otiumhome.fi\/index.php\/wp-json\/wp\/v2\/types\/product"}],"replies":[{"embeddable":true,"href":"https:\/\/www.otiumhome.fi\/index.php\/wp-json\/wp\/v2\/comments?post=113038"}],"wp:featuredmedia":[{"embeddable":true,"href":"https:\/\/www.otiumhome.fi\/index.php\/wp-json\/"}],"wp:attachment":[{"href":"https:\/\/www.otiumhome.fi\/index.php\/wp-json\/wp\/v2\/media?parent=113038"}],"wp:term":[{"taxonomy":"product_brand","embeddable":true,"href":"https:\/\/www.otiumhome.fi\/index.php\/wp-json\/wp\/v2\/product_brand?post=113038"},{"taxonomy":"product_cat","embeddable":true,"href":"https:\/\/www.otiumhome.fi\/index.php\/wp-json\/wp\/v2\/product_cat?post=113038"},{"taxonomy":"product_tag","embeddable":true,"href":"https:\/\/www.otiumhome.fi\/index.php\/wp-json\/wp\/v2\/product_tag?post=113038"}],"curies":[{"name":"wp","href":"https:\/\/api.w.org\/{rel}","templated":true}]}}