{"id":112987,"date":"2024-12-15T21:55:41","date_gmt":"2024-12-15T21:55:41","guid":{"rendered":"https:\/\/www.otiumhome.fi\/?p=112987"},"modified":"2025-06-06T17:06:23","modified_gmt":"2025-06-06T17:06:23","slug":"sangynrunko-salepohjalla-valkoinen-metalli-200x200-cm","status":"publish","type":"product","link":"https:\/\/www.otiumhome.fi\/index.php\/tuote\/sangynrunko-salepohjalla-valkoinen-metalli-200x200-cm\/","title":{"rendered":"S\u00e4ngynrunko s\u00e4lepohjalla valkoinen metalli 200&#215;200 cm"},"content":{"rendered":"<p>Luo t\u00e4m\u00e4n metallisen s\u00e4ngynrungon avulla makuuhuoneeseesi elegantti ja klassinen tunnelma!<\/p>\n<\/p>\n<p>S\u00e4ngynrungossa on vakaa metallinen rakenne. Vakaat vaneris\u00e4leet tarjoavat vaaditun tuen ja tekev\u00e4t s\u00e4ngyst\u00e4 eritt\u00e4in mukavan. Kaikkien n\u00e4iden ominaisuuksien ansiosta saat varmasti hyv\u00e4t y\u00f6unet t\u00e4ss\u00e4 s\u00e4ngyss\u00e4! S\u00e4ngynrunko t\u00e4ytyy koota.<\/p>\n<\/p>\n<p>Otathan huomioon, ett\u00e4 toimituksessa on vain s\u00e4ngynrunko ja s\u00e4lepohja; patja ei tule mukana. Voit l\u00f6yt\u00e4\u00e4 kaupastamme my\u00f6s yhteensopivia patjoja.<\/p>\n<ul>\n<li>V\u00e4ri: valkoinen<\/li>\n<li>Materiaali: metallirunko, vaneris\u00e4leet<\/li>\n<li>Kokonaismitat: 204 x 205 x 95 cm (P x L x K)<\/li>\n<li>Sopiva patjan koko: 200 x 200 cm (L x P) (patja ei mukana)<\/li>\n<li>Nukkumiskorkeus maasta mitattuna: 28 cm<\/li>\n<li>Sivukiskot, joissa kukkia<\/li>\n<li>S\u00e4ngynrunko s\u00e4lepohjalla<\/li>\n<li>Asennus vaaditaan: kyll\u00e4<\/li>\n<\/ul>\n","protected":false},"excerpt":{"rendered":"<ul>\n<li>V\u00e4ri: valkoinen<\/li>\n<li>Materiaali: metallirunko, vaneris\u00e4leet<\/li>\n<li>Kokonaismitat: 204 x 205 x 95 cm (P x L x K)<\/li>\n<li>Sopiva patjan koko: 200 x 200 cm (L x P) (patja ei mukana)<\/li>\n<li>Nukkumiskorkeus maasta mitattuna: 28 cm<\/li>\n<li>Sivukiskot, joissa kukkia<\/li>\n<li>S\u00e4ngynrunko s\u00e4lepohjalla<\/li>\n<li>Asennus vaaditaan: kyll\u00e4<\/li>\n<\/ul>\n","protected":false},"featured_media":100000112987,"comment_status":"closed","ping_status":"closed","template":"","meta":[],"product_brand":[],"product_cat":[84,8638],"product_tag":[],"class_list":{"0":"post-112987","1":"product","2":"type-product","3":"status-publish","4":"has-post-thumbnail","6":"product_cat-huonekalut","7":"product_cat-sangyt-sangynrungot","9":"first","10":"instock","11":"taxable","12":"shipping-taxable","13":"purchasable","14":"product-type-simple"},"_links":{"self":[{"href":"https:\/\/www.otiumhome.fi\/index.php\/wp-json\/wp\/v2\/product\/112987","targetHints":{"allow":["GET"]}}],"collection":[{"href":"https:\/\/www.otiumhome.fi\/index.php\/wp-json\/wp\/v2\/product"}],"about":[{"href":"https:\/\/www.otiumhome.fi\/index.php\/wp-json\/wp\/v2\/types\/product"}],"replies":[{"embeddable":true,"href":"https:\/\/www.otiumhome.fi\/index.php\/wp-json\/wp\/v2\/comments?post=112987"}],"wp:featuredmedia":[{"embeddable":true,"href":"https:\/\/www.otiumhome.fi\/index.php\/wp-json\/"}],"wp:attachment":[{"href":"https:\/\/www.otiumhome.fi\/index.php\/wp-json\/wp\/v2\/media?parent=112987"}],"wp:term":[{"taxonomy":"product_brand","embeddable":true,"href":"https:\/\/www.otiumhome.fi\/index.php\/wp-json\/wp\/v2\/product_brand?post=112987"},{"taxonomy":"product_cat","embeddable":true,"href":"https:\/\/www.otiumhome.fi\/index.php\/wp-json\/wp\/v2\/product_cat?post=112987"},{"taxonomy":"product_tag","embeddable":true,"href":"https:\/\/www.otiumhome.fi\/index.php\/wp-json\/wp\/v2\/product_tag?post=112987"}],"curies":[{"name":"wp","href":"https:\/\/api.w.org\/{rel}","templated":true}]}}