{"id":112891,"date":"2024-12-15T21:50:36","date_gmt":"2024-12-15T21:50:36","guid":{"rendered":"https:\/\/www.otiumhome.fi\/?p=112891"},"modified":"2025-06-06T17:04:04","modified_gmt":"2025-06-06T17:04:04","slug":"sangynrunko-musta-ja-valkoinen-metalli-120x200-cm","status":"publish","type":"product","link":"https:\/\/www.otiumhome.fi\/index.php\/tuote\/sangynrunko-musta-ja-valkoinen-metalli-120x200-cm\/","title":{"rendered":"S\u00e4ngynrunko musta ja valkoinen metalli 120&#215;200 cm"},"content":{"rendered":"<p>Luo t\u00e4m\u00e4n metallisen s\u00e4ngynrungon avulla makuuhuoneeseesi elegantti ja klassinen tunnelma!<\/p>\n<\/p>\n<p>S\u00e4ngynrungossa on vankka metallinen rakenne. Vahvat s\u00e4leet tarjoavat vaaditun tuen ja tekev\u00e4t s\u00e4ngyst\u00e4 eritt\u00e4in mukavan. Kaikkien n\u00e4iden ominaisuuksien ansiosta saat varmasti hyv\u00e4t y\u00f6unet t\u00e4ss\u00e4 s\u00e4ngyss\u00e4! S\u00e4nky sopii patjalle, jonka koko on 120 x 200 cm. Se on helppo koota.<\/p>\n<\/p>\n<p>Otathan huomioon, ett\u00e4 toimituksessa on vain s\u00e4ngynrunko ja s\u00e4lepohja; patja ei tule mukana. Voit l\u00f6yt\u00e4\u00e4 kaupastamme my\u00f6s yhteensopivia patjoja.<\/p>\n<ul>\n<li>V\u00e4ri: mustavalkoinen<\/li>\n<li>Materiaali: metalli<\/li>\n<li>Kokonaismitat: 212 x 127,5 x 65,5 cm (P x L x K)<\/li>\n<li>Sopiva patjan koko: 120 x 200 cm (L x P) (patja ei mukana)<\/li>\n<li>Nukkumiskorkeus maasta mitattuna: 32 cm<\/li>\n<li>Sis\u00e4lt\u00e4\u00e4 s\u00e4lepohjan: kyll\u00e4<\/li>\n<li>Asennus vaaditaan: kyll\u00e4<\/li>\n<\/ul>\n","protected":false},"excerpt":{"rendered":"<ul>\n<li>V\u00e4ri: mustavalkoinen<\/li>\n<li>Materiaali: metalli<\/li>\n<li>Kokonaismitat: 212 x 127,5 x 65,5 cm (P x L x K)<\/li>\n<li>Sopiva patjan koko: 120 x 200 cm (L x P) (patja ei mukana)<\/li>\n<li>Nukkumiskorkeus maasta mitattuna: 32 cm<\/li>\n<li>Sis\u00e4lt\u00e4\u00e4 s\u00e4lepohjan: kyll\u00e4<\/li>\n<li>Asennus vaaditaan: kyll\u00e4<\/li>\n<\/ul>\n","protected":false},"featured_media":100000112891,"comment_status":"closed","ping_status":"closed","template":"","meta":[],"product_brand":[],"product_cat":[84,8638],"product_tag":[],"class_list":{"0":"post-112891","1":"product","2":"type-product","3":"status-publish","4":"has-post-thumbnail","6":"product_cat-huonekalut","7":"product_cat-sangyt-sangynrungot","9":"first","10":"instock","11":"taxable","12":"shipping-taxable","13":"purchasable","14":"product-type-simple"},"_links":{"self":[{"href":"https:\/\/www.otiumhome.fi\/index.php\/wp-json\/wp\/v2\/product\/112891","targetHints":{"allow":["GET"]}}],"collection":[{"href":"https:\/\/www.otiumhome.fi\/index.php\/wp-json\/wp\/v2\/product"}],"about":[{"href":"https:\/\/www.otiumhome.fi\/index.php\/wp-json\/wp\/v2\/types\/product"}],"replies":[{"embeddable":true,"href":"https:\/\/www.otiumhome.fi\/index.php\/wp-json\/wp\/v2\/comments?post=112891"}],"wp:featuredmedia":[{"embeddable":true,"href":"https:\/\/www.otiumhome.fi\/index.php\/wp-json\/"}],"wp:attachment":[{"href":"https:\/\/www.otiumhome.fi\/index.php\/wp-json\/wp\/v2\/media?parent=112891"}],"wp:term":[{"taxonomy":"product_brand","embeddable":true,"href":"https:\/\/www.otiumhome.fi\/index.php\/wp-json\/wp\/v2\/product_brand?post=112891"},{"taxonomy":"product_cat","embeddable":true,"href":"https:\/\/www.otiumhome.fi\/index.php\/wp-json\/wp\/v2\/product_cat?post=112891"},{"taxonomy":"product_tag","embeddable":true,"href":"https:\/\/www.otiumhome.fi\/index.php\/wp-json\/wp\/v2\/product_tag?post=112891"}],"curies":[{"name":"wp","href":"https:\/\/api.w.org\/{rel}","templated":true}]}}