{"id":112678,"date":"2024-12-15T21:50:15","date_gmt":"2024-12-15T21:50:15","guid":{"rendered":"https:\/\/www.otiumhome.fi\/?p=112678"},"modified":"2025-06-06T17:03:53","modified_gmt":"2025-06-06T17:03:53","slug":"sangynrunko-salepohjalla-musta-metalli-140x200-cm","status":"publish","type":"product","link":"https:\/\/www.otiumhome.fi\/index.php\/tuote\/sangynrunko-salepohjalla-musta-metalli-140x200-cm\/","title":{"rendered":"S\u00e4ngynrunko s\u00e4lepohjalla musta metalli 140&#215;200 cm"},"content":{"rendered":"<p>Luo t\u00e4m\u00e4n metallisen s\u00e4ngynrungon avulla makuuhuoneeseesi elegantti ja klassinen tunnelma!<\/p>\n<\/p>\n<p>S\u00e4ngynrungon vankka rakenne on ter\u00e4ksinen ja toimitus sis\u00e4lt\u00e4\u00e4 my\u00f6s s\u00e4lepohjan. Vahvat vaneris\u00e4leet tarjoavat vaaditun tuen ja tekev\u00e4t s\u00e4ngyst\u00e4 eritt\u00e4in mukavan. Tyylik\u00e4s muotoilu korostaa s\u00e4ngyn modernia ilmett\u00e4. Kaikkien n\u00e4iden ominaisuuksien ansiosta saat varmasti hyv\u00e4t y\u00f6unet t\u00e4ss\u00e4 s\u00e4ngyss\u00e4!<\/p>\n<\/p>\n<p>Ota huomioon, ett\u00e4 patja ei ole mukana. S\u00e4ngyn runko on koottava ja se on helppo koota.<\/p>\n<ul>\n<li>V\u00e4ri: musta<\/li>\n<li>Materiaali: metalli, vaneri<\/li>\n<li>Kokonaismitat: 211 x 149 x 105 cm (P x L x K)<\/li>\n<li>Sopiva patjan koko: 140 x 200 cm (L x P) (patja ei mukana)<\/li>\n<li>Nukkumiskorkeus maasta mitattuna: 28 cm<\/li>\n<li>S\u00e4ngynrunko s\u00e4lepohjalla<\/li>\n<li>Asennus vaaditaan: kyll\u00e4<\/li>\n<\/ul>\n","protected":false},"excerpt":{"rendered":"<ul>\n<li>V\u00e4ri: musta<\/li>\n<li>Materiaali: metalli, vaneri<\/li>\n<li>Kokonaismitat: 211 x 149 x 105 cm (P x L x K)<\/li>\n<li>Sopiva patjan koko: 140 x 200 cm (L x P) (patja ei mukana)<\/li>\n<li>Nukkumiskorkeus maasta mitattuna: 28 cm<\/li>\n<li>S\u00e4ngynrunko s\u00e4lepohjalla<\/li>\n<li>Asennus vaaditaan: kyll\u00e4<\/li>\n<\/ul>\n","protected":false},"featured_media":100000112678,"comment_status":"closed","ping_status":"closed","template":"","meta":[],"product_brand":[],"product_cat":[84,8638],"product_tag":[],"class_list":{"0":"post-112678","1":"product","2":"type-product","3":"status-publish","4":"has-post-thumbnail","6":"product_cat-huonekalut","7":"product_cat-sangyt-sangynrungot","9":"first","10":"instock","11":"taxable","12":"shipping-taxable","13":"purchasable","14":"product-type-simple"},"_links":{"self":[{"href":"https:\/\/www.otiumhome.fi\/index.php\/wp-json\/wp\/v2\/product\/112678","targetHints":{"allow":["GET"]}}],"collection":[{"href":"https:\/\/www.otiumhome.fi\/index.php\/wp-json\/wp\/v2\/product"}],"about":[{"href":"https:\/\/www.otiumhome.fi\/index.php\/wp-json\/wp\/v2\/types\/product"}],"replies":[{"embeddable":true,"href":"https:\/\/www.otiumhome.fi\/index.php\/wp-json\/wp\/v2\/comments?post=112678"}],"wp:featuredmedia":[{"embeddable":true,"href":"https:\/\/www.otiumhome.fi\/index.php\/wp-json\/"}],"wp:attachment":[{"href":"https:\/\/www.otiumhome.fi\/index.php\/wp-json\/wp\/v2\/media?parent=112678"}],"wp:term":[{"taxonomy":"product_brand","embeddable":true,"href":"https:\/\/www.otiumhome.fi\/index.php\/wp-json\/wp\/v2\/product_brand?post=112678"},{"taxonomy":"product_cat","embeddable":true,"href":"https:\/\/www.otiumhome.fi\/index.php\/wp-json\/wp\/v2\/product_cat?post=112678"},{"taxonomy":"product_tag","embeddable":true,"href":"https:\/\/www.otiumhome.fi\/index.php\/wp-json\/wp\/v2\/product_tag?post=112678"}],"curies":[{"name":"wp","href":"https:\/\/api.w.org\/{rel}","templated":true}]}}