{"id":112443,"date":"2024-12-15T20:44:25","date_gmt":"2024-12-15T20:44:25","guid":{"rendered":"https:\/\/www.otiumhome.fi\/?p=112443"},"modified":"2025-06-06T17:03:36","modified_gmt":"2025-06-06T17:03:36","slug":"kerrossangyn-runko-musta-metalli-140x200-cm-90x200-cm","status":"publish","type":"product","link":"https:\/\/www.otiumhome.fi\/index.php\/tuote\/kerrossangyn-runko-musta-metalli-140x200-cm-90x200-cm\/","title":{"rendered":"Kerross\u00e4ngyn runko musta metalli 140&#215;200 cm\/90&#215;200 cm"},"content":{"rendered":"<p>T\u00e4m\u00e4 metallinen kerross\u00e4nky on elegantti ja toimiva, siksi se on t\u00e4ydellinen mihin tahansa pieneen huoneeseen! Se on upea valinta lastesi huoneeseen, koska se lis\u00e4\u00e4 hupia s\u00e4nkyyn menoon juuri ennen nukkuma-aikaa!<\/p>\n<\/p>\n<p>Kerross\u00e4nkymme on valmistettu tukevasta jauhemaalatusta metallista, joka takaa upean vakauden ja kest\u00e4vyyden. Koska se on suunniteltu turvallisuutta ajatellen, t\u00e4m\u00e4 kerross\u00e4nky sis\u00e4lt\u00e4\u00e4 kokopituiset kaiteet ja tukevat tikkaat. Koko s\u00e4ngynrunko on valmistettu metalliputkesta, joka tekee siit\u00e4 pitk\u00e4ik\u00e4isen ja sopivan p\u00e4ivitt\u00e4iseen k\u00e4ytt\u00f6\u00f6n. S\u00e4nky on helppo koota.<\/p>\n<\/p>\n<p>Huomioi, ett\u00e4 patjat eiv\u00e4t sis\u00e4lly toimitukseen.<\/p>\n<ul>\n<li>V\u00e4ri: musta<\/li>\n<li>Materiaali: metalli<\/li>\n<li>S\u00e4ngyn korkeus: 152 cm<\/li>\n<li>Yl\u00e4s\u00e4ngyn koko: 97,5 x 210 cm (L x P)<\/li>\n<li>Alas\u00e4ngyn koko: 147,5 x 210 cm (L x P)<\/li>\n<li>Sopiva patjan koko: 90 x 200 cm \/ 140 x 200 cm (L x P) (patja ei mukana)<\/li>\n<li>Sis\u00e4lt\u00e4\u00e4 turvakaiteet ja kiinnitetyt tikkaat<\/li>\n<li>Asennus vaaditaan: kyll\u00e4<\/li>\n<\/ul>\n","protected":false},"excerpt":{"rendered":"<ul>\n<li>V\u00e4ri: musta<\/li>\n<li>Materiaali: metalli<\/li>\n<li>S\u00e4ngyn korkeus: 152 cm<\/li>\n<li>Yl\u00e4s\u00e4ngyn koko: 97,5 x 210 cm (L x P)<\/li>\n<li>Alas\u00e4ngyn koko: 147,5 x 210 cm (L x P)<\/li>\n<li>Sopiva patjan koko: 90 x 200 cm \/ 140 x 200 cm (L x P) (patja ei mukana)<\/li>\n<li>Sis\u00e4lt\u00e4\u00e4 turvakaiteet ja kiinnitetyt tikkaat<\/li>\n<li>Asennus vaaditaan: kyll\u00e4<\/li>\n<\/ul>\n","protected":false},"featured_media":100000112443,"comment_status":"closed","ping_status":"closed","template":"","meta":[],"product_brand":[],"product_cat":[84,8638],"product_tag":[],"class_list":{"0":"post-112443","1":"product","2":"type-product","3":"status-publish","4":"has-post-thumbnail","6":"product_cat-huonekalut","7":"product_cat-sangyt-sangynrungot","9":"first","10":"instock","11":"taxable","12":"shipping-taxable","13":"purchasable","14":"product-type-simple"},"_links":{"self":[{"href":"https:\/\/www.otiumhome.fi\/index.php\/wp-json\/wp\/v2\/product\/112443","targetHints":{"allow":["GET"]}}],"collection":[{"href":"https:\/\/www.otiumhome.fi\/index.php\/wp-json\/wp\/v2\/product"}],"about":[{"href":"https:\/\/www.otiumhome.fi\/index.php\/wp-json\/wp\/v2\/types\/product"}],"replies":[{"embeddable":true,"href":"https:\/\/www.otiumhome.fi\/index.php\/wp-json\/wp\/v2\/comments?post=112443"}],"wp:featuredmedia":[{"embeddable":true,"href":"https:\/\/www.otiumhome.fi\/index.php\/wp-json\/"}],"wp:attachment":[{"href":"https:\/\/www.otiumhome.fi\/index.php\/wp-json\/wp\/v2\/media?parent=112443"}],"wp:term":[{"taxonomy":"product_brand","embeddable":true,"href":"https:\/\/www.otiumhome.fi\/index.php\/wp-json\/wp\/v2\/product_brand?post=112443"},{"taxonomy":"product_cat","embeddable":true,"href":"https:\/\/www.otiumhome.fi\/index.php\/wp-json\/wp\/v2\/product_cat?post=112443"},{"taxonomy":"product_tag","embeddable":true,"href":"https:\/\/www.otiumhome.fi\/index.php\/wp-json\/wp\/v2\/product_tag?post=112443"}],"curies":[{"name":"wp","href":"https:\/\/api.w.org\/{rel}","templated":true}]}}