{"id":112129,"date":"2024-12-15T18:16:49","date_gmt":"2024-12-15T18:16:49","guid":{"rendered":"https:\/\/www.otiumhome.fi\/?p=112129"},"modified":"2025-06-06T17:02:20","modified_gmt":"2025-06-06T17:02:20","slug":"sangynpaaty-hyllyilla-75-cm-taysi-manty","status":"publish","type":"product","link":"https:\/\/www.otiumhome.fi\/index.php\/tuote\/sangynpaaty-hyllyilla-75-cm-taysi-manty\/","title":{"rendered":"S\u00e4ngynp\u00e4\u00e4ty hyllyill\u00e4 75 cm t\u00e4ysi m\u00e4nty"},"content":{"rendered":"<p>T\u00e4m\u00e4 tyylik\u00e4s s\u00e4ngynp\u00e4\u00e4ty antaa s\u00e4ngynrungollesi t\u00e4ydellisen tyylin ja sopii jokaiseen makuuhuoneeseen.<\/p>\n<\/p>\n<ul>\n<li>Vakaa ja pitk\u00e4kestoinen runko: T\u00e4ysi m\u00e4nty tunnetaan lujuudestaan ja kest\u00e4vyydest\u00e4\u00e4n. Sen suorat puunsyyt ja erottuvat oksanpaikat lis\u00e4\u00e4v\u00e4t sen rustiikkista charmia.<\/li>\n<li>Runsaasti s\u00e4ilytystilaa: T\u00e4ss\u00e4 tyylikk\u00e4\u00e4ss\u00e4 s\u00e4ngynp\u00e4\u00e4dyss\u00e4 on kolme k\u00e4tev\u00e4\u00e4 hylly\u00e4, jotka tarjoavat runsaasti s\u00e4ilytystilaa, jotta kaikki y\u00f6ll\u00e4 tarvittavat tavarat ovat helposti ulottuvillasi.<\/li>\n<li>Tilaa s\u00e4\u00e4st\u00e4v\u00e4: T\u00e4m\u00e4 s\u00e4ngynp\u00e4\u00e4ty on tilaa s\u00e4\u00e4st\u00e4v\u00e4 vaihtoehto, joka voi korvata y\u00f6p\u00f6yd\u00e4n, t\u00e4m\u00e4 auttaa maksimoimaan makuuhuoneen tilan ja tekee siit\u00e4 ihanteellisen pieniin tai rajoitettuihin tiloihin.<\/li>\n<li>Vapaasti seisova s\u00e4ngynp\u00e4\u00e4ty: Vapaasti seisova s\u00e4ngynp\u00e4\u00e4ty tarjoaa vaivattoman ratkaisun helppoon sijoittamiseen ja uudelleensijoittamiseen ilman sein\u00e4asennusta.<\/li>\n<\/ul>\n<ul>\n<li>Materiaali: T\u00e4ysi m\u00e4nty (k\u00e4sittelem\u00e4t\u00f6n)<\/li>\n<li>Mitat: 85 x 16 x 82 cm (L x S x K)<\/li>\n<li>Sopiva patjan leveys: 75 cm<\/li>\n<li>S\u00e4ilytyshyllyill\u00e4<\/li>\n<li>Asennus vaaditaan: Kyll\u00e4<\/li>\n<\/ul>\n","protected":false},"excerpt":{"rendered":"<ul>\n<li>Materiaali: T\u00e4ysi m\u00e4nty (k\u00e4sittelem\u00e4t\u00f6n)<\/li>\n<li>Mitat: 85 x 16 x 82 cm (L x S x K)<\/li>\n<li>Sopiva patjan leveys: 75 cm<\/li>\n<li>S\u00e4ilytyshyllyill\u00e4<\/li>\n<li>Asennus vaaditaan: Kyll\u00e4<\/li>\n<\/ul>\n","protected":false},"featured_media":100000112129,"comment_status":"closed","ping_status":"closed","template":"","meta":[],"product_brand":[],"product_cat":[84,8636],"product_tag":[],"class_list":{"0":"post-112129","1":"product","2":"type-product","3":"status-publish","4":"has-post-thumbnail","6":"product_cat-huonekalut","7":"product_cat-sangynpaadyt","9":"first","10":"instock","11":"taxable","12":"shipping-taxable","13":"purchasable","14":"product-type-simple"},"_links":{"self":[{"href":"https:\/\/www.otiumhome.fi\/index.php\/wp-json\/wp\/v2\/product\/112129","targetHints":{"allow":["GET"]}}],"collection":[{"href":"https:\/\/www.otiumhome.fi\/index.php\/wp-json\/wp\/v2\/product"}],"about":[{"href":"https:\/\/www.otiumhome.fi\/index.php\/wp-json\/wp\/v2\/types\/product"}],"replies":[{"embeddable":true,"href":"https:\/\/www.otiumhome.fi\/index.php\/wp-json\/wp\/v2\/comments?post=112129"}],"wp:featuredmedia":[{"embeddable":true,"href":"https:\/\/www.otiumhome.fi\/index.php\/wp-json\/"}],"wp:attachment":[{"href":"https:\/\/www.otiumhome.fi\/index.php\/wp-json\/wp\/v2\/media?parent=112129"}],"wp:term":[{"taxonomy":"product_brand","embeddable":true,"href":"https:\/\/www.otiumhome.fi\/index.php\/wp-json\/wp\/v2\/product_brand?post=112129"},{"taxonomy":"product_cat","embeddable":true,"href":"https:\/\/www.otiumhome.fi\/index.php\/wp-json\/wp\/v2\/product_cat?post=112129"},{"taxonomy":"product_tag","embeddable":true,"href":"https:\/\/www.otiumhome.fi\/index.php\/wp-json\/wp\/v2\/product_tag?post=112129"}],"curies":[{"name":"wp","href":"https:\/\/api.w.org\/{rel}","templated":true}]}}