{"id":112038,"date":"2024-12-15T17:58:53","date_gmt":"2024-12-15T17:58:53","guid":{"rendered":"https:\/\/www.otiumhome.fi\/?p=112038"},"modified":"2025-12-14T09:59:35","modified_gmt":"2025-12-14T09:59:35","slug":"sangynpaaty-led-valoilla-sonoma-tammi-120x185x1035-cm-puu","status":"publish","type":"product","link":"https:\/\/www.otiumhome.fi\/index.php\/tuote\/sangynpaaty-led-valoilla-sonoma-tammi-120x185x1035-cm-puu\/","title":{"rendered":"S\u00e4ngynp\u00e4\u00e4ty LED-valoilla Sonoma-tammi 120&#215;18,5&#215;103,5 cm puu"},"content":{"rendered":"<p>T\u00e4m\u00e4 tyylikk\u00e4\u00e4sti muotoiltu klassinen LED-s\u00e4ngynp\u00e4\u00e4ty antaa s\u00e4ngynrungolle upean modernin kosketuksen. Se sopii t\u00e4ydellisesti mihin tahansa makuuhuoneeseen.<\/p>\n<\/p>\n<ul>\n<li>Kest\u00e4v\u00e4 materiaali: Tekninen puu on poikkeuksellisen laadukasta ja sile\u00e4pintaista. Se on luja, vakaa ja kosteudelle vastustuskykyinen.<\/li>\n<li>RGB LED-valot: S\u00e4ngynp\u00e4\u00e4ty on varustettu v\u00e4rikk\u00e4ill\u00e4 RGB LED-valoilla. Usean muokattavan valikon ansiosta voit vaivatta vaihtaa valojen v\u00e4ri\u00e4 ja s\u00e4\u00e4t\u00e4\u00e4 ne my\u00f6s muuttumaan automaattisesti. N\u00e4m\u00e4 LED-valot eiv\u00e4t vain lis\u00e4\u00e4 s\u00e4ngyn p\u00e4\u00e4tylevyn modernia ulkon\u00e4k\u00f6\u00e4, me my\u00f6s lis\u00e4\u00e4v\u00e4t sen trendikkyytt\u00e4.<\/li>\n<li>Erinomainen tuki: P\u00e4\u00e4tylevy tarjoaa sinulle erinomaisen selk\u00e4tuen s\u00e4ngyll\u00e4 istuessasi, kirjaa lukiessasi tai televisiota katsellessasi.<\/li>\n<li>Vakaa yl\u00e4osa: P\u00e4\u00e4tylevyn yl\u00e4osa on t\u00e4ydellinen koristeiden, valokuvien ja her\u00e4tyskellon esille laittoon.<\/li>\n<\/ul>\n<p>Hyv\u00e4 tiet\u00e4\u00e4:<\/p>\n<ul>\n<li>Toimituksessa vain s\u00e4ngynp\u00e4\u00e4ty LED-valoilla. S\u00e4ngynrunko ja patja eiv\u00e4t sis\u00e4lly toimitukseen. Voit etsi\u00e4 myym\u00e4l\u00e4st\u00e4mme sopivia s\u00e4ngynrunkoja ja patjoja.<\/li>\n<li>Tuotteessa on USB-liitin, joka vaatii 5 V USB virtal\u00e4hteen (ei mukana).<\/li>\n<\/ul>\n<p>Varoitus:<\/p>\n<ul>\n<li>Kaatumisen est\u00e4miseksi on t\u00e4t\u00e4 tuotetta k\u00e4ytett\u00e4v\u00e4 mukana toimitetun sein\u00e4kiinnityslaitteen kanssa.<\/li>\n<\/ul>\n<ul>\n<li>V\u00e4ri: Sonoma-tammi<\/li>\n<li>Materiaali: Tekninen puu<\/li>\n<li>Mitat: 120 x 18,5 x 103,5 cm (L x S x K)<\/li>\n<li>Asennus vaaditaan: Kyll\u00e4<\/li>\n<li>Legal Documents:\n<p><span>Lis\u00e4tietoja huonekalujesi kaatumisen est\u00e4misest\u00e4 voit l\u00f6yt\u00e4\u00e4 <span style=\"text-decoration: underline\"><strong><a title=\"https:\/\/bit.ly\/3bVwkQp\" href=\"https:\/\/bit.ly\/3bVwkQp\" target=\"_blank\">t\u00e4\u00e4lt\u00e4<\/a><\/strong><\/span><\/span><\/p>\n<\/li>\n<\/ul>\n","protected":false},"excerpt":{"rendered":"<ul>\n<li>V\u00e4ri: Sonoma-tammi<\/li>\n<li>Materiaali: Tekninen puu<\/li>\n<li>Mitat: 120 x 18,5 x 103,5 cm (L x S x K)<\/li>\n<li>Asennus vaaditaan: Kyll\u00e4<\/li>\n<li>Legal Documents:\n<p><span>Lis\u00e4tietoja huonekalujesi kaatumisen est\u00e4misest\u00e4 voit l\u00f6yt\u00e4\u00e4 <span style=\"text-decoration: underline\"><strong><a title=\"https:\/\/bit.ly\/3bVwkQp\" href=\"https:\/\/bit.ly\/3bVwkQp\" target=\"_blank\">t\u00e4\u00e4lt\u00e4<\/a><\/strong><\/span><\/span><\/p>\n<\/li>\n<\/ul>\n","protected":false},"featured_media":100000112038,"comment_status":"closed","ping_status":"closed","template":"","meta":[],"product_brand":[],"product_cat":[84,8636],"product_tag":[],"class_list":{"0":"post-112038","1":"product","2":"type-product","3":"status-publish","4":"has-post-thumbnail","6":"product_cat-huonekalut","7":"product_cat-sangynpaadyt","9":"first","10":"instock","11":"taxable","12":"shipping-taxable","13":"purchasable","14":"product-type-simple"},"_links":{"self":[{"href":"https:\/\/www.otiumhome.fi\/index.php\/wp-json\/wp\/v2\/product\/112038","targetHints":{"allow":["GET"]}}],"collection":[{"href":"https:\/\/www.otiumhome.fi\/index.php\/wp-json\/wp\/v2\/product"}],"about":[{"href":"https:\/\/www.otiumhome.fi\/index.php\/wp-json\/wp\/v2\/types\/product"}],"replies":[{"embeddable":true,"href":"https:\/\/www.otiumhome.fi\/index.php\/wp-json\/wp\/v2\/comments?post=112038"}],"wp:featuredmedia":[{"embeddable":true,"href":"https:\/\/www.otiumhome.fi\/index.php\/wp-json\/"}],"wp:attachment":[{"href":"https:\/\/www.otiumhome.fi\/index.php\/wp-json\/wp\/v2\/media?parent=112038"}],"wp:term":[{"taxonomy":"product_brand","embeddable":true,"href":"https:\/\/www.otiumhome.fi\/index.php\/wp-json\/wp\/v2\/product_brand?post=112038"},{"taxonomy":"product_cat","embeddable":true,"href":"https:\/\/www.otiumhome.fi\/index.php\/wp-json\/wp\/v2\/product_cat?post=112038"},{"taxonomy":"product_tag","embeddable":true,"href":"https:\/\/www.otiumhome.fi\/index.php\/wp-json\/wp\/v2\/product_tag?post=112038"}],"curies":[{"name":"wp","href":"https:\/\/api.w.org\/{rel}","templated":true}]}}