{"id":111907,"date":"2024-12-15T17:47:26","date_gmt":"2024-12-15T17:47:26","guid":{"rendered":"https:\/\/www.otiumhome.fi\/?p=111907"},"modified":"2025-06-06T17:03:31","modified_gmt":"2025-06-06T17:03:31","slug":"lastensangyn-katos-209x955x88-cm-taysi-manty","status":"publish","type":"product","link":"https:\/\/www.otiumhome.fi\/index.php\/tuote\/lastensangyn-katos-209x955x88-cm-taysi-manty\/","title":{"rendered":"Lastens\u00e4ngyn katos 209&#215;95,5&#215;88 cm t\u00e4ysi m\u00e4nty"},"content":{"rendered":"<p>Muuta lapsesi s\u00e4nky sis\u00e4leikkikent\u00e4ksi t\u00e4m\u00e4n katoksen avulla. Se tekee nukkumaanmenosta kivan ja hauskan hetken.<\/p>\n<\/p>\n<ul>\n<li>Vakaa ja pitk\u00e4kestoinen runko: T\u00e4ysi m\u00e4nty tunnetaan lujuudestaan ja kest\u00e4vyydest\u00e4\u00e4n. Sen suorat puunsyyt ja erottuvat oksanpaikat lis\u00e4\u00e4v\u00e4t sen rustiikkista charmia.<\/li>\n<li>Mahtavaa hauskuutta: Yhdist\u00e4m\u00e4ll\u00e4 t\u00e4m\u00e4n katoksen lapsesi vuoteeseen, voit luoda piilopaikan, joka tarjoaa lapsellesi hauskan nukkumaanmenohetken. T\u00e4m\u00e4 innovatiivinen lis\u00e4osa ei ole ainoastaan j\u00e4nnitt\u00e4v\u00e4 keskipiste, vaan se tekee lastenhuoneesta my\u00f6s ihmeellisen ja j\u00e4nnitt\u00e4v\u00e4n.<\/li>\n<li>Avoin sivuovi: Katoksessa on avoin sivuovi, joka tarjoaa lapsillesi helpon p\u00e4\u00e4syn s\u00e4nkyyn ja sielt\u00e4 pois.<\/li>\n<\/ul>\n<p>Hyv\u00e4 tiet\u00e4\u00e4:<\/p>\n<ul>\n<li>Toimitus sis\u00e4lt\u00e4\u00e4 ainoastaan katon; s\u00e4nky ei sis\u00e4lly toimitukseen.<\/li>\n<\/ul>\n<ul>\n<li>Materiaali: t\u00e4ysi m\u00e4nty (k\u00e4sittelem\u00e4t\u00f6n)<\/li>\n<li>Mitat: 209 x 95,5 x 88 cm (P x L x K)<\/li>\n<li>Sopiva lapsen ik\u00e4: Alle 6-vuotiaat<\/li>\n<li>Asennus vaaditaan: Kyll\u00e4<\/li>\n<\/ul>\n","protected":false},"excerpt":{"rendered":"<ul>\n<li>Materiaali: t\u00e4ysi m\u00e4nty (k\u00e4sittelem\u00e4t\u00f6n)<\/li>\n<li>Mitat: 209 x 95,5 x 88 cm (P x L x K)<\/li>\n<li>Sopiva lapsen ik\u00e4: Alle 6-vuotiaat<\/li>\n<li>Asennus vaaditaan: Kyll\u00e4<\/li>\n<\/ul>\n","protected":false},"featured_media":100000111907,"comment_status":"closed","ping_status":"closed","template":"","meta":[],"product_brand":[],"product_cat":[84,8637],"product_tag":[],"class_list":{"0":"post-111907","1":"product","2":"type-product","3":"status-publish","4":"has-post-thumbnail","6":"product_cat-huonekalut","7":"product_cat-sangyt-sangyn-runkotarvikkeet","9":"first","10":"instock","11":"taxable","12":"shipping-taxable","13":"purchasable","14":"product-type-simple"},"_links":{"self":[{"href":"https:\/\/www.otiumhome.fi\/index.php\/wp-json\/wp\/v2\/product\/111907","targetHints":{"allow":["GET"]}}],"collection":[{"href":"https:\/\/www.otiumhome.fi\/index.php\/wp-json\/wp\/v2\/product"}],"about":[{"href":"https:\/\/www.otiumhome.fi\/index.php\/wp-json\/wp\/v2\/types\/product"}],"replies":[{"embeddable":true,"href":"https:\/\/www.otiumhome.fi\/index.php\/wp-json\/wp\/v2\/comments?post=111907"}],"wp:featuredmedia":[{"embeddable":true,"href":"https:\/\/www.otiumhome.fi\/index.php\/wp-json\/"}],"wp:attachment":[{"href":"https:\/\/www.otiumhome.fi\/index.php\/wp-json\/wp\/v2\/media?parent=111907"}],"wp:term":[{"taxonomy":"product_brand","embeddable":true,"href":"https:\/\/www.otiumhome.fi\/index.php\/wp-json\/wp\/v2\/product_brand?post=111907"},{"taxonomy":"product_cat","embeddable":true,"href":"https:\/\/www.otiumhome.fi\/index.php\/wp-json\/wp\/v2\/product_cat?post=111907"},{"taxonomy":"product_tag","embeddable":true,"href":"https:\/\/www.otiumhome.fi\/index.php\/wp-json\/wp\/v2\/product_tag?post=111907"}],"curies":[{"name":"wp","href":"https:\/\/api.w.org\/{rel}","templated":true}]}}