{"id":111674,"date":"2024-12-15T17:41:38","date_gmt":"2024-12-15T17:41:38","guid":{"rendered":"https:\/\/www.otiumhome.fi\/?p=111674"},"modified":"2025-06-06T16:54:51","modified_gmt":"2025-06-06T16:54:51","slug":"sangynpaaty-seinalle-harmaa-166x3x60-cm-taysi-manty","status":"publish","type":"product","link":"https:\/\/www.otiumhome.fi\/index.php\/tuote\/sangynpaaty-seinalle-harmaa-166x3x60-cm-taysi-manty\/","title":{"rendered":"S\u00e4ngynp\u00e4\u00e4ty sein\u00e4lle harmaa 166x3x60 cm t\u00e4ysi m\u00e4nty"},"content":{"rendered":"<p>Puinen sein\u00e4lle kiinnitett\u00e4v\u00e4 s\u00e4ngynp\u00e4\u00e4ty edustaa klassista muotoilua ja lis\u00e4\u00e4 hitusen eleganssia mihin tahansa makuuhuoneeseen!<\/p>\n<\/p>\n<ul>\n<li>T\u00e4ysi m\u00e4nty: T\u00e4ysi m\u00e4ntypuu on kaunis luonnollinen materiaali. M\u00e4nnyll\u00e4 on suorat puunsyyt ja sen oksanpaikat antavat materiaalille sen ominaisen rustiikkisen ilmeen.<\/li>\n<li>Sein\u00e4kiinnitett\u00e4v\u00e4 asennus: T\u00e4m\u00e4 s\u00e4ngynp\u00e4\u00e4ty on helppo kiinnitt\u00e4\u00e4 sein\u00e4lle s\u00e4nkysi p\u00e4\u00e4tyyn.<\/li>\n<li>Loistava tuki: S\u00e4ngynp\u00e4\u00e4ty tarjoaa erinomaisen selk\u00e4tuen, kun istut s\u00e4ngyll\u00e4 lukemassa kirjaa tai katselet televisiota.<\/li>\n<li>Sopivat vuodetyypit: Sein\u00e4kiinnitett\u00e4v\u00e4\u00e4 p\u00e4\u00e4tylevy\u00e4 k\u00e4ytet\u00e4\u00e4n vuoteissa, joissa ei ole s\u00e4ngynp\u00e4\u00e4ty\u00e4.<\/li>\n<\/ul>\n<p>Huomioi:<\/p>\n<ul>\n<li>Jokaisen tuotteen mukana on laatikossa kokoonpano-ohje helppoa asennusta varten.<\/li>\n<\/ul>\n<ul>\n<li>V\u00e4ri: Harmaa<\/li>\n<li>Materiaali: t\u00e4ysi m\u00e4nty<\/li>\n<li>Mitat: 166 x 3 x 60 cm (P x L x K)<\/li>\n<li>Sein\u00e4kiinnitett\u00e4v\u00e4 asennus<\/li>\n<\/ul>\n","protected":false},"excerpt":{"rendered":"<ul>\n<li>V\u00e4ri: Harmaa<\/li>\n<li>Materiaali: t\u00e4ysi m\u00e4nty<\/li>\n<li>Mitat: 166 x 3 x 60 cm (P x L x K)<\/li>\n<li>Sein\u00e4kiinnitett\u00e4v\u00e4 asennus<\/li>\n<\/ul>\n","protected":false},"featured_media":100000111674,"comment_status":"closed","ping_status":"closed","template":"","meta":[],"product_brand":[],"product_cat":[84,8636],"product_tag":[],"class_list":{"0":"post-111674","1":"product","2":"type-product","3":"status-publish","4":"has-post-thumbnail","6":"product_cat-huonekalut","7":"product_cat-sangynpaadyt","9":"first","10":"instock","11":"taxable","12":"shipping-taxable","13":"purchasable","14":"product-type-simple"},"_links":{"self":[{"href":"https:\/\/www.otiumhome.fi\/index.php\/wp-json\/wp\/v2\/product\/111674","targetHints":{"allow":["GET"]}}],"collection":[{"href":"https:\/\/www.otiumhome.fi\/index.php\/wp-json\/wp\/v2\/product"}],"about":[{"href":"https:\/\/www.otiumhome.fi\/index.php\/wp-json\/wp\/v2\/types\/product"}],"replies":[{"embeddable":true,"href":"https:\/\/www.otiumhome.fi\/index.php\/wp-json\/wp\/v2\/comments?post=111674"}],"wp:featuredmedia":[{"embeddable":true,"href":"https:\/\/www.otiumhome.fi\/index.php\/wp-json\/"}],"wp:attachment":[{"href":"https:\/\/www.otiumhome.fi\/index.php\/wp-json\/wp\/v2\/media?parent=111674"}],"wp:term":[{"taxonomy":"product_brand","embeddable":true,"href":"https:\/\/www.otiumhome.fi\/index.php\/wp-json\/wp\/v2\/product_brand?post=111674"},{"taxonomy":"product_cat","embeddable":true,"href":"https:\/\/www.otiumhome.fi\/index.php\/wp-json\/wp\/v2\/product_cat?post=111674"},{"taxonomy":"product_tag","embeddable":true,"href":"https:\/\/www.otiumhome.fi\/index.php\/wp-json\/wp\/v2\/product_tag?post=111674"}],"curies":[{"name":"wp","href":"https:\/\/api.w.org\/{rel}","templated":true}]}}