{"id":111445,"date":"2024-12-15T17:37:53","date_gmt":"2024-12-15T17:37:53","guid":{"rendered":"https:\/\/www.otiumhome.fi\/?p=111445"},"modified":"2025-06-06T16:48:41","modified_gmt":"2025-06-06T16:48:41","slug":"sangynpaaty-musta-138x3x81-cm-taysi-manty","status":"publish","type":"product","link":"https:\/\/www.otiumhome.fi\/index.php\/tuote\/sangynpaaty-musta-138x3x81-cm-taysi-manty\/","title":{"rendered":"S\u00e4ngynp\u00e4\u00e4ty musta 138x3x81 cm t\u00e4ysi m\u00e4nty"},"content":{"rendered":"<p>Muodikkaalla muotoilullaan t\u00e4m\u00e4 puinen s\u00e4ngyn p\u00e4\u00e4tylevy antaa s\u00e4ngynrungollesi t\u00e4ydellisen ilmeen ja sopii mihin tahansa makuuhuoneeseen.<\/p>\n<\/p>\n<ul>\n<li>Ensiluokkainen materiaali: T\u00e4ysi m\u00e4nty on kaunis luonnollinen materiaali. M\u00e4nnyll\u00e4 on suorat puunsyyt, sen oksanpaikat antavat materiaalille sen ominaisen, rustiikkisen ilmeen.<\/li>\n<li>Hieno tyyli: S\u00e4ngynp\u00e4\u00e4dyn tyylik\u00e4s v\u00e4ri ja muotoilu sulautuvat helposti sisustukseesi.<\/li>\n<li>Mukava tuki: T\u00e4m\u00e4 s\u00e4ngynp\u00e4\u00e4ty tarjoaa erinomaisen selk\u00e4tuen, kun istut s\u00e4ngyll\u00e4 lukemassa kirjaa tai katselet elokuvaa.<\/li>\n<\/ul>\n<ul>\n<li>V\u00e4ri: musta<\/li>\n<li>Materiaali: t\u00e4ysi m\u00e4nty<\/li>\n<li>Mitat: 138 x 3 x 81 cm (L x S x K)<\/li>\n<li>Asennus vaaditaan: kyll\u00e4<\/li>\n<\/ul>\n","protected":false},"excerpt":{"rendered":"<ul>\n<li>V\u00e4ri: musta<\/li>\n<li>Materiaali: t\u00e4ysi m\u00e4nty<\/li>\n<li>Mitat: 138 x 3 x 81 cm (L x S x K)<\/li>\n<li>Asennus vaaditaan: kyll\u00e4<\/li>\n<\/ul>\n","protected":false},"featured_media":100000111445,"comment_status":"closed","ping_status":"closed","template":"","meta":[],"product_brand":[],"product_cat":[84,8636],"product_tag":[],"class_list":{"0":"post-111445","1":"product","2":"type-product","3":"status-publish","4":"has-post-thumbnail","6":"product_cat-huonekalut","7":"product_cat-sangynpaadyt","9":"first","10":"instock","11":"taxable","12":"shipping-taxable","13":"purchasable","14":"product-type-simple"},"_links":{"self":[{"href":"https:\/\/www.otiumhome.fi\/index.php\/wp-json\/wp\/v2\/product\/111445","targetHints":{"allow":["GET"]}}],"collection":[{"href":"https:\/\/www.otiumhome.fi\/index.php\/wp-json\/wp\/v2\/product"}],"about":[{"href":"https:\/\/www.otiumhome.fi\/index.php\/wp-json\/wp\/v2\/types\/product"}],"replies":[{"embeddable":true,"href":"https:\/\/www.otiumhome.fi\/index.php\/wp-json\/wp\/v2\/comments?post=111445"}],"wp:featuredmedia":[{"embeddable":true,"href":"https:\/\/www.otiumhome.fi\/index.php\/wp-json\/"}],"wp:attachment":[{"href":"https:\/\/www.otiumhome.fi\/index.php\/wp-json\/wp\/v2\/media?parent=111445"}],"wp:term":[{"taxonomy":"product_brand","embeddable":true,"href":"https:\/\/www.otiumhome.fi\/index.php\/wp-json\/wp\/v2\/product_brand?post=111445"},{"taxonomy":"product_cat","embeddable":true,"href":"https:\/\/www.otiumhome.fi\/index.php\/wp-json\/wp\/v2\/product_cat?post=111445"},{"taxonomy":"product_tag","embeddable":true,"href":"https:\/\/www.otiumhome.fi\/index.php\/wp-json\/wp\/v2\/product_tag?post=111445"}],"curies":[{"name":"wp","href":"https:\/\/api.w.org\/{rel}","templated":true}]}}