{"id":109840,"date":"2024-12-15T16:45:37","date_gmt":"2024-12-15T16:45:37","guid":{"rendered":"https:\/\/www.otiumhome.fi\/?p=109840"},"modified":"2025-06-06T16:46:33","modified_gmt":"2025-06-06T16:46:33","slug":"seinakiinnitettava-sangynpaaty-tammi-240x15x80-cm-tekninen-puu","status":"publish","type":"product","link":"https:\/\/www.otiumhome.fi\/index.php\/tuote\/seinakiinnitettava-sangynpaaty-tammi-240x15x80-cm-tekninen-puu\/","title":{"rendered":"Sein\u00e4kiinnitett\u00e4v\u00e4 s\u00e4ngynp\u00e4\u00e4ty tammi 240&#215;1,5&#215;80 cm tekninen puu"},"content":{"rendered":"<p>Tyylik\u00e4s sein\u00e4lle kiinnitett\u00e4v\u00e4 s\u00e4ngynp\u00e4\u00e4ty edustaa klassista muotoilua ja lis\u00e4\u00e4 hitusen eleganssia mihin tahansa makuuhuoneeseen!<\/p>\n<\/p>\n<ul>\n<li>Ensiluokkainen materiaali: Tekninen puu on poikkeuksellisen laadukasta ja sile\u00e4pintaista. Se on my\u00f6s luja, vakaa ja kosteudelle vastustuskykyinen.<\/li>\n<li>Sein\u00e4kiinnitys: T\u00e4m\u00e4 s\u00e4ngynp\u00e4\u00e4ty on helppo kiinnitt\u00e4\u00e4 sein\u00e4lle s\u00e4nkysi p\u00e4\u00e4tyyn.<\/li>\n<li>Sopivat vuodetyypit: Sein\u00e4kiinnitett\u00e4v\u00e4\u00e4 p\u00e4\u00e4tylevy\u00e4 k\u00e4ytet\u00e4\u00e4n vuoteissa, joissa ei ole s\u00e4ngynp\u00e4\u00e4ty\u00e4.<\/li>\n<\/ul>\n<ul>\n<li>V\u00e4ri: Sonoma-tammi<\/li>\n<li>Materiaali: tekninen puu<\/li>\n<li>Kokonaismitat: 240 x 1,5 x 80 cm (P x L x K)<\/li>\n<li>Asennus vaaditaan: kyll\u00e4<\/li>\n<\/ul>\n","protected":false},"excerpt":{"rendered":"<ul>\n<li>V\u00e4ri: Sonoma-tammi<\/li>\n<li>Materiaali: tekninen puu<\/li>\n<li>Kokonaismitat: 240 x 1,5 x 80 cm (P x L x K)<\/li>\n<li>Asennus vaaditaan: kyll\u00e4<\/li>\n<\/ul>\n","protected":false},"featured_media":100000109840,"comment_status":"closed","ping_status":"closed","template":"","meta":[],"product_brand":[],"product_cat":[84,8636],"product_tag":[],"class_list":{"0":"post-109840","1":"product","2":"type-product","3":"status-publish","4":"has-post-thumbnail","6":"product_cat-huonekalut","7":"product_cat-sangynpaadyt","9":"first","10":"instock","11":"taxable","12":"shipping-taxable","13":"purchasable","14":"product-type-simple"},"_links":{"self":[{"href":"https:\/\/www.otiumhome.fi\/index.php\/wp-json\/wp\/v2\/product\/109840","targetHints":{"allow":["GET"]}}],"collection":[{"href":"https:\/\/www.otiumhome.fi\/index.php\/wp-json\/wp\/v2\/product"}],"about":[{"href":"https:\/\/www.otiumhome.fi\/index.php\/wp-json\/wp\/v2\/types\/product"}],"replies":[{"embeddable":true,"href":"https:\/\/www.otiumhome.fi\/index.php\/wp-json\/wp\/v2\/comments?post=109840"}],"wp:featuredmedia":[{"embeddable":true,"href":"https:\/\/www.otiumhome.fi\/index.php\/wp-json\/"}],"wp:attachment":[{"href":"https:\/\/www.otiumhome.fi\/index.php\/wp-json\/wp\/v2\/media?parent=109840"}],"wp:term":[{"taxonomy":"product_brand","embeddable":true,"href":"https:\/\/www.otiumhome.fi\/index.php\/wp-json\/wp\/v2\/product_brand?post=109840"},{"taxonomy":"product_cat","embeddable":true,"href":"https:\/\/www.otiumhome.fi\/index.php\/wp-json\/wp\/v2\/product_cat?post=109840"},{"taxonomy":"product_tag","embeddable":true,"href":"https:\/\/www.otiumhome.fi\/index.php\/wp-json\/wp\/v2\/product_tag?post=109840"}],"curies":[{"name":"wp","href":"https:\/\/api.w.org\/{rel}","templated":true}]}}