{"id":109414,"date":"2024-12-15T16:32:57","date_gmt":"2024-12-15T16:32:57","guid":{"rendered":"https:\/\/www.otiumhome.fi\/?p=109414"},"modified":"2024-12-17T00:25:26","modified_gmt":"2024-12-17T00:25:26","slug":"sailytyslaatikko-valkoinen-105x40x45-cm-tekninen-puu","status":"publish","type":"product","link":"https:\/\/www.otiumhome.fi\/index.php\/tuote\/sailytyslaatikko-valkoinen-105x40x45-cm-tekninen-puu\/","title":{"rendered":"S\u00e4ilytyslaatikko valkoinen 105x40x45 cm tekninen puu"},"content":{"rendered":"<p>T\u00e4m\u00e4 s\u00e4ilytyslaatikko on k\u00e4yt\u00e4nn\u00f6llinen ja n\u00e4ytt\u00e4v\u00e4 lis\u00e4 asuintilaasi.<\/p>\n<\/p>\n<p>Laatikossa on runsaasti tilaa t\u00e4rkeiden tavaroiden s\u00e4ilytt\u00e4miseen. P\u00e4\u00e4ll\u00e4 olevan tyynyn ansiosta se toimii my\u00f6s penkkin\u00e4 ja tarjoaa mukavan paikan istua. Se on my\u00f6s helppo puhdistaa kostealla liinalla.<\/p>\n<ul>\n<li>V\u00e4ri: Valkoinen<\/li>\n<li>Materiaali: Tekninen puu, keinonahka (70% PVC, 15% polyesteri, 15% kalsiumkarbonaattit\u00e4yte)<\/li>\n<li>T\u00e4ytemateriaali: vaahtomuovi<\/li>\n<li>Mitat: 105 x 40 x 45 cm (L x S x K)<\/li>\n<li>Asennus vaaditaan: Kyll\u00e4<\/li>\n<\/ul>\n","protected":false},"excerpt":{"rendered":"<ul>\n<li>V\u00e4ri: Valkoinen<\/li>\n<li>Materiaali: Tekninen puu, keinonahka (70% PVC, 15% polyesteri, 15% kalsiumkarbonaattit\u00e4yte)<\/li>\n<li>T\u00e4ytemateriaali: vaahtomuovi<\/li>\n<li>Mitat: 105 x 40 x 45 cm (L x S x K)<\/li>\n<li>Asennus vaaditaan: Kyll\u00e4<\/li>\n<\/ul>\n","protected":false},"featured_media":100000109414,"comment_status":"closed","ping_status":"closed","template":"","meta":[],"product_brand":[],"product_cat":[84,8564],"product_tag":[],"class_list":{"0":"post-109414","1":"product","2":"type-product","3":"status-publish","4":"has-post-thumbnail","6":"product_cat-huonekalut","7":"product_cat-sailytysarkut","9":"first","10":"outofstock","11":"taxable","12":"shipping-taxable","13":"purchasable","14":"product-type-simple"},"_links":{"self":[{"href":"https:\/\/www.otiumhome.fi\/index.php\/wp-json\/wp\/v2\/product\/109414","targetHints":{"allow":["GET"]}}],"collection":[{"href":"https:\/\/www.otiumhome.fi\/index.php\/wp-json\/wp\/v2\/product"}],"about":[{"href":"https:\/\/www.otiumhome.fi\/index.php\/wp-json\/wp\/v2\/types\/product"}],"replies":[{"embeddable":true,"href":"https:\/\/www.otiumhome.fi\/index.php\/wp-json\/wp\/v2\/comments?post=109414"}],"wp:featuredmedia":[{"embeddable":true,"href":"https:\/\/www.otiumhome.fi\/index.php\/wp-json\/"}],"wp:attachment":[{"href":"https:\/\/www.otiumhome.fi\/index.php\/wp-json\/wp\/v2\/media?parent=109414"}],"wp:term":[{"taxonomy":"product_brand","embeddable":true,"href":"https:\/\/www.otiumhome.fi\/index.php\/wp-json\/wp\/v2\/product_brand?post=109414"},{"taxonomy":"product_cat","embeddable":true,"href":"https:\/\/www.otiumhome.fi\/index.php\/wp-json\/wp\/v2\/product_cat?post=109414"},{"taxonomy":"product_tag","embeddable":true,"href":"https:\/\/www.otiumhome.fi\/index.php\/wp-json\/wp\/v2\/product_tag?post=109414"}],"curies":[{"name":"wp","href":"https:\/\/api.w.org\/{rel}","templated":true}]}}