{"id":109413,"date":"2024-12-15T16:32:57","date_gmt":"2024-12-15T16:32:57","guid":{"rendered":"https:\/\/www.otiumhome.fi\/?p=109413"},"modified":"2025-06-06T16:38:22","modified_gmt":"2025-06-06T16:38:22","slug":"sailytysarkut-2-kpl-taysi-mangopuu","status":"publish","type":"product","link":"https:\/\/www.otiumhome.fi\/index.php\/tuote\/sailytysarkut-2-kpl-taysi-mangopuu\/","title":{"rendered":"S\u00e4ilytysarkut 2 kpl t\u00e4ysi mangopuu"},"content":{"rendered":"<p>T\u00e4m\u00e4 trendik\u00e4s kahden puisen s\u00e4ilytysarkun sarja on ajaton lis\u00e4 kotisi sisustukseen, se tarjoaa runsaasti s\u00e4ilytystilaa ja auttaa pit\u00e4m\u00e4\u00e4n tavarasi j\u00e4rjestyksess\u00e4.<\/p>\n<\/p>\n<p>T\u00e4ysi mangopuu on trooppinen lehtipuu, jolla on kyky\u00e4 kantaa painoa ja kest\u00e4\u00e4 ajan patinaa. Laadukas k\u00e4sity\u00f6n j\u00e4lki ja kauniit puun kuviot tekev\u00e4t jokaisesta arkusta hieman toisista eroavan. Kummassakin puisessa kirstussa on edess\u00e4 salpa ja sivuilla kaksi k\u00e4tev\u00e4\u00e4 kahvaa.<\/p>\n<\/p>\n<p>T\u00e4rke\u00e4 huomio: V\u00e4rit voivat vaihdella kappaleesta toiseen, tehden jokaisesta s\u00e4ilytysarkusta ainutlaatuisen; toimitus on my\u00f6s sattumanvarainen.<\/p>\n<ul>\n<li>Materiaali: karkea mangopuu luonnollisella viimeistelyll\u00e4<\/li>\n<li>Arkun mitat (pieni): 50 x 26 x 29 cm (L x S x K)<\/li>\n<li>Arkun mitat (suuri): 70 x 34 x 36 cm (L x S x K)<\/li>\n<li>Kokoonpano vaaditaan: Ei<\/li>\n<li><strong>Toimitus sis\u00e4lt\u00e4\u00e4:<\/strong><\/li>\n<li>2 x arkku<\/li>\n<\/ul>\n","protected":false},"excerpt":{"rendered":"<ul>\n<li>Materiaali: karkea mangopuu luonnollisella viimeistelyll\u00e4<\/li>\n<li>Arkun mitat (pieni): 50 x 26 x 29 cm (L x S x K)<\/li>\n<li>Arkun mitat (suuri): 70 x 34 x 36 cm (L x S x K)<\/li>\n<li>Kokoonpano vaaditaan: Ei<\/li>\n<li><strong>Toimitus sis\u00e4lt\u00e4\u00e4:<\/strong><\/li>\n<li>2 x arkku<\/li>\n<\/ul>\n","protected":false},"featured_media":100000109413,"comment_status":"closed","ping_status":"closed","template":"","meta":[],"product_brand":[],"product_cat":[84,8564],"product_tag":[],"class_list":{"0":"post-109413","1":"product","2":"type-product","3":"status-publish","4":"has-post-thumbnail","6":"product_cat-huonekalut","7":"product_cat-sailytysarkut","9":"first","10":"instock","11":"taxable","12":"shipping-taxable","13":"purchasable","14":"product-type-simple"},"_links":{"self":[{"href":"https:\/\/www.otiumhome.fi\/index.php\/wp-json\/wp\/v2\/product\/109413","targetHints":{"allow":["GET"]}}],"collection":[{"href":"https:\/\/www.otiumhome.fi\/index.php\/wp-json\/wp\/v2\/product"}],"about":[{"href":"https:\/\/www.otiumhome.fi\/index.php\/wp-json\/wp\/v2\/types\/product"}],"replies":[{"embeddable":true,"href":"https:\/\/www.otiumhome.fi\/index.php\/wp-json\/wp\/v2\/comments?post=109413"}],"wp:featuredmedia":[{"embeddable":true,"href":"https:\/\/www.otiumhome.fi\/index.php\/wp-json\/"}],"wp:attachment":[{"href":"https:\/\/www.otiumhome.fi\/index.php\/wp-json\/wp\/v2\/media?parent=109413"}],"wp:term":[{"taxonomy":"product_brand","embeddable":true,"href":"https:\/\/www.otiumhome.fi\/index.php\/wp-json\/wp\/v2\/product_brand?post=109413"},{"taxonomy":"product_cat","embeddable":true,"href":"https:\/\/www.otiumhome.fi\/index.php\/wp-json\/wp\/v2\/product_cat?post=109413"},{"taxonomy":"product_tag","embeddable":true,"href":"https:\/\/www.otiumhome.fi\/index.php\/wp-json\/wp\/v2\/product_tag?post=109413"}],"curies":[{"name":"wp","href":"https:\/\/api.w.org\/{rel}","templated":true}]}}