{"id":109313,"date":"2024-12-15T16:32:49","date_gmt":"2024-12-15T16:32:49","guid":{"rendered":"https:\/\/www.otiumhome.fi\/?p=109313"},"modified":"2025-09-30T00:53:30","modified_gmt":"2025-09-30T00:53:30","slug":"paatykaapin-paatykaappi-artisan-oak-140x185x1025-cm-puu","status":"publish","type":"product","link":"https:\/\/www.otiumhome.fi\/index.php\/tuote\/paatykaapin-paatykaappi-artisan-oak-140x185x1025-cm-puu\/","title":{"rendered":"P\u00e4\u00e4tykaapin p\u00e4\u00e4tykaappi Artisan Oak 140&#215;18,5&#215;102,5 cm Puu"},"content":{"rendered":"<p>T\u00e4m\u00e4 tyylik\u00e4s s\u00e4ngynp\u00e4\u00e4ty antaa s\u00e4ngynrungolle t\u00e4ydellisen ilmeen ja sopii mihin tahansa makuuhuoneeseen.<\/p>\n<\/p>\n<ul>\n<li>Vakaa ja kest\u00e4v\u00e4 materiaali: Puu on kest\u00e4v\u00e4 ja vakaa materiaali, jonka sile\u00e4 pinta on kosteutta, v\u00e4\u00e4ntymist\u00e4 ja halkeilua kest\u00e4v\u00e4, joten se on luotettava valinta monenlaisiin projekteihin.<\/li>\n<li>Runsaasti s\u00e4ilytystilaa: T\u00e4ss\u00e4 tyylikk\u00e4\u00e4ss\u00e4 s\u00e4ngynp\u00e4\u00e4dyss\u00e4 on viisi k\u00e4tev\u00e4\u00e4 lokeroa, jotka tarjoavat runsaasti s\u00e4ilytystilaa kaikkien y\u00f6tarvikkeiden pit\u00e4miseksi helposti k\u00e4den ulottuvilla.<\/li>\n<li>Tilaa s\u00e4\u00e4st\u00e4v\u00e4: T\u00e4m\u00e4 kirjahyllyp\u00e4\u00e4ty on tilaa s\u00e4\u00e4st\u00e4v\u00e4 vaihtoehto, joka voi korvata y\u00f6p\u00f6yd\u00e4n tarpeen, auttaa maksimoimaan makuuhuonetilasi ja tekee siit\u00e4 ihanteellisen pieniin tai rajoitettuihin tiloihin.<\/li>\n<li>Helppohoitoinen: Sile\u00e4n pinnan ansiosta makuuhuoneen s\u00e4ngynp\u00e4\u00e4ty on helppo puhdistaa kostealla liinalla ja vaatii v\u00e4hemm\u00e4n huoltoa.<\/li>\n<\/ul>\n<p>Varoitus:<\/p>\n<ul>\n<li>Jotta tuote ei kaatuisi, sit\u00e4 on k\u00e4ytett\u00e4v\u00e4 mukana tulevan sein\u00e4kiinnikkeen kanssa. laite.<\/li>\n<\/ul>\n<ul>\n<li>V\u00e4ri: K\u00e4sity\u00f6n\u00e4 valmistettu tammi<\/li>\n<li>Materiaali: Puu<\/li>\n<li>Mitat: 140 x 18,5 x 102,5 cm (L x S x K)<\/li>\n<li>Kokoaminen vaaditaan: Kyll\u00e4<\/li>\n<li>Legal Documents:\n<p><span>Lis\u00e4tietoja huonekalujesi kaatumisen est\u00e4misest\u00e4 voit l\u00f6yt\u00e4\u00e4 <span style=\"text-decoration: underline\"><strong><a title=\"https:\/\/bit.ly\/3bVwkQp\" href=\"https:\/\/bit.ly\/3bVwkQp\" target=\"_blank\">t\u00e4\u00e4lt\u00e4<\/a><\/strong><\/span><\/span><\/p>\n<\/li>\n<\/ul>\n","protected":false},"excerpt":{"rendered":"<ul>\n<li>V\u00e4ri: K\u00e4sity\u00f6n\u00e4 valmistettu tammi<\/li>\n<li>Materiaali: Puu<\/li>\n<li>Mitat: 140 x 18,5 x 102,5 cm (L x S x K)<\/li>\n<li>Kokoaminen vaaditaan: Kyll\u00e4<\/li>\n<li>Legal Documents:\n<p><span>Lis\u00e4tietoja huonekalujesi kaatumisen est\u00e4misest\u00e4 voit l\u00f6yt\u00e4\u00e4 <span style=\"text-decoration: underline\"><strong><a title=\"https:\/\/bit.ly\/3bVwkQp\" href=\"https:\/\/bit.ly\/3bVwkQp\" target=\"_blank\">t\u00e4\u00e4lt\u00e4<\/a><\/strong><\/span><\/span><\/p>\n<\/li>\n<\/ul>\n","protected":false},"featured_media":100000109313,"comment_status":"closed","ping_status":"closed","template":"","meta":[],"product_brand":[],"product_cat":[84,8636],"product_tag":[],"class_list":{"0":"post-109313","1":"product","2":"type-product","3":"status-publish","4":"has-post-thumbnail","6":"product_cat-huonekalut","7":"product_cat-sangynpaadyt","9":"first","10":"instock","11":"taxable","12":"shipping-taxable","13":"purchasable","14":"product-type-simple"},"_links":{"self":[{"href":"https:\/\/www.otiumhome.fi\/index.php\/wp-json\/wp\/v2\/product\/109313","targetHints":{"allow":["GET"]}}],"collection":[{"href":"https:\/\/www.otiumhome.fi\/index.php\/wp-json\/wp\/v2\/product"}],"about":[{"href":"https:\/\/www.otiumhome.fi\/index.php\/wp-json\/wp\/v2\/types\/product"}],"replies":[{"embeddable":true,"href":"https:\/\/www.otiumhome.fi\/index.php\/wp-json\/wp\/v2\/comments?post=109313"}],"wp:featuredmedia":[{"embeddable":true,"href":"https:\/\/www.otiumhome.fi\/index.php\/wp-json\/"}],"wp:attachment":[{"href":"https:\/\/www.otiumhome.fi\/index.php\/wp-json\/wp\/v2\/media?parent=109313"}],"wp:term":[{"taxonomy":"product_brand","embeddable":true,"href":"https:\/\/www.otiumhome.fi\/index.php\/wp-json\/wp\/v2\/product_brand?post=109313"},{"taxonomy":"product_cat","embeddable":true,"href":"https:\/\/www.otiumhome.fi\/index.php\/wp-json\/wp\/v2\/product_cat?post=109313"},{"taxonomy":"product_tag","embeddable":true,"href":"https:\/\/www.otiumhome.fi\/index.php\/wp-json\/wp\/v2\/product_tag?post=109313"}],"curies":[{"name":"wp","href":"https:\/\/api.w.org\/{rel}","templated":true}]}}