{"id":109279,"date":"2024-12-15T16:32:46","date_gmt":"2024-12-15T16:32:46","guid":{"rendered":"https:\/\/www.otiumhome.fi\/?p=109279"},"modified":"2025-06-06T16:36:49","modified_gmt":"2025-06-06T16:36:49","slug":"kaappi-pyorilla-vanhaa-puuta-60x45x60-cm-lastulevy","status":"publish","type":"product","link":"https:\/\/www.otiumhome.fi\/index.php\/tuote\/kaappi-pyorilla-vanhaa-puuta-60x45x60-cm-lastulevy\/","title":{"rendered":"Kaappi py\u00f6rill\u00e4 vanhaa puuta 60x45x60 cm lastulevy"},"content":{"rendered":"<p>T\u00e4m\u00e4 py\u00f6rill\u00e4 varustettu kaappi on helppo siirt\u00e4\u00e4 ja se tarjoaa runsaasti tilaa, joten se tarjoaa k\u00e4tevyytt\u00e4 el\u00e4m\u00e4\u00e4si ja t\u00f6ihisi.<\/p>\n<\/p>\n<ul>\n<li>Vakaa ja kest\u00e4v\u00e4 materiaali: Tekninen puu on kest\u00e4v\u00e4 ja vakaa materiaali, jonka sile\u00e4 pinta kest\u00e4\u00e4 kosteutta, v\u00e4\u00e4ntymist\u00e4 ja halkeilua, joten se on luotettava valinta erilaisiin projekteihin.<\/li>\n<li>Runsaasti s\u00e4ilytystilaa: S\u00e4ilytyskaappi hyllyill\u00e4 tarjoaa runsaasti s\u00e4ilytystilaa pit\u00e4\u00e4ksesi olennaiset tavarasi hyvin j\u00e4rjestyksess\u00e4 ja k\u00e4den ulottuvilla.<\/li>\n<li>Helppo siirt\u00e4\u00e4: T\u00e4m\u00e4 kannettava arkistokaappi mukana toimitetulla nelj\u00e4ll\u00e4 k\u00e4\u00e4ntyv\u00e4ll\u00e4 py\u00f6r\u00e4ll\u00e4 on helppo siirt\u00e4\u00e4 haluttuun paikkaan. Kaksi py\u00f6r\u00e4\u00e4 ovat lukittavia, mik\u00e4 pit\u00e4\u00e4 kaapin paikallaan ja lis\u00e4\u00e4 vakautta.<\/li>\n<li>Esittelytoiminto: Arkistokaapin yl\u00e4osa tarjoaa vakaan pinnan, johon voit sijoittaa juomasi, kirjasi ja jopa koristeesineet.<\/li>\n<li>Laajat sovellukset: T\u00e4m\u00e4 rullaava s\u00e4ilytyskaappi on ajaton muotoilu ja sit\u00e4 voidaan k\u00e4ytt\u00e4\u00e4 olohuoneessa, keitti\u00f6ss\u00e4 tai makuuhuoneessa tarpeidesi mukaan.<\/li>\n<\/ul>\n<ul>\n<li>V\u00e4ri: Vanha puu<\/li>\n<li>Materiaali: Tekninen puu<\/li>\n<li>Mitat: 60 x 45 x 60 cm (L x S x K)<\/li>\n<li>Helposti liikkuva nelj\u00e4ll\u00e4 py\u00f6r\u00e4ll\u00e4 (kaksi niist\u00e4 lukittavia)<\/li>\n<li>Asennus vaaditaan: Kyll\u00e4<\/li>\n<\/ul>\n","protected":false},"excerpt":{"rendered":"<ul>\n<li>V\u00e4ri: Vanha puu<\/li>\n<li>Materiaali: Tekninen puu<\/li>\n<li>Mitat: 60 x 45 x 60 cm (L x S x K)<\/li>\n<li>Helposti liikkuva nelj\u00e4ll\u00e4 py\u00f6r\u00e4ll\u00e4 (kaksi niist\u00e4 lukittavia)<\/li>\n<li>Asennus vaaditaan: Kyll\u00e4<\/li>\n<\/ul>\n","protected":false},"featured_media":100000109279,"comment_status":"closed","ping_status":"closed","template":"","meta":[],"product_brand":[],"product_cat":[84,8635],"product_tag":[],"class_list":{"0":"post-109279","1":"product","2":"type-product","3":"status-publish","4":"has-post-thumbnail","6":"product_cat-huonekalut","7":"product_cat-sailytys-lukkokaapit","9":"first","10":"instock","11":"taxable","12":"shipping-taxable","13":"purchasable","14":"product-type-simple"},"_links":{"self":[{"href":"https:\/\/www.otiumhome.fi\/index.php\/wp-json\/wp\/v2\/product\/109279","targetHints":{"allow":["GET"]}}],"collection":[{"href":"https:\/\/www.otiumhome.fi\/index.php\/wp-json\/wp\/v2\/product"}],"about":[{"href":"https:\/\/www.otiumhome.fi\/index.php\/wp-json\/wp\/v2\/types\/product"}],"replies":[{"embeddable":true,"href":"https:\/\/www.otiumhome.fi\/index.php\/wp-json\/wp\/v2\/comments?post=109279"}],"wp:featuredmedia":[{"embeddable":true,"href":"https:\/\/www.otiumhome.fi\/index.php\/wp-json\/"}],"wp:attachment":[{"href":"https:\/\/www.otiumhome.fi\/index.php\/wp-json\/wp\/v2\/media?parent=109279"}],"wp:term":[{"taxonomy":"product_brand","embeddable":true,"href":"https:\/\/www.otiumhome.fi\/index.php\/wp-json\/wp\/v2\/product_brand?post=109279"},{"taxonomy":"product_cat","embeddable":true,"href":"https:\/\/www.otiumhome.fi\/index.php\/wp-json\/wp\/v2\/product_cat?post=109279"},{"taxonomy":"product_tag","embeddable":true,"href":"https:\/\/www.otiumhome.fi\/index.php\/wp-json\/wp\/v2\/product_tag?post=109279"}],"curies":[{"name":"wp","href":"https:\/\/api.w.org\/{rel}","templated":true}]}}