{"id":109259,"date":"2024-12-15T16:32:44","date_gmt":"2024-12-15T16:32:44","guid":{"rendered":"https:\/\/www.otiumhome.fi\/?p=109259"},"modified":"2025-06-06T16:36:49","modified_gmt":"2025-06-06T16:36:49","slug":"senkki-vanha-puu-1035x35x70-cm-tekninen-puu","status":"publish","type":"product","link":"https:\/\/www.otiumhome.fi\/index.php\/tuote\/senkki-vanha-puu-1035x35x70-cm-tekninen-puu\/","title":{"rendered":"Senkki vanha puu 103,5x35x70 cm tekninen puu"},"content":{"rendered":"<p>T\u00e4m\u00e4 Skandinaavisesti muotoiltu senkki on k\u00e4yt\u00e4nn\u00f6llinen ja koristeellinen lis\u00e4 kotiisi.<\/p>\n<\/p>\n<ul>\n<li>Vakaa ja kest\u00e4v\u00e4 materiaali: Tekninen puu on kest\u00e4v\u00e4 ja vakaa materiaali, jonka sile\u00e4 pinta kest\u00e4\u00e4 kosteutta, v\u00e4\u00e4ntymist\u00e4 ja halkeilua, joten se on luotettava valinta erilaisiin projekteihin.<\/li>\n<li>Reilusti s\u00e4ilytystilaa: Sivukaapin kuusi hylly\u00e4 tarjoavat runsaasti s\u00e4ilytystilaa pikkutavaroiden, aikakauslehtien, kirjojen, DVD-levyjen ja multimedialaitteiden hyv\u00e4ss\u00e4 j\u00e4rjestyksess\u00e4 pit\u00e4miseen.<\/li>\n<li>Puiset jalat: Puiset jalat antavat sivukaapille luonnollisen ja miellytt\u00e4v\u00e4n ulkon\u00e4\u00f6n ja takaavat samalla sen vakauden.<\/li>\n<li>Tukeva p\u00f6yt\u00e4levy: Kaapissa on tukeva p\u00f6yt\u00e4levy, jolle voit sijoittaa koriste-esineet, valokuva-albumit tai pienet viherkasvit.<\/li>\n<li>Helppo huoltaa: Sile\u00e4n pinnan ansiosta kaappi on helppo puhdistaa kostealla liinalla ja se tarvitsee vain v\u00e4h\u00e4ist\u00e4 hoitoa.<\/li>\n<\/ul>\n<p>VAROITUS<\/p>\n<ul>\n<li>Kaatumisen est\u00e4miseksi t\u00e4t\u00e4 tuotetta on k\u00e4ytett\u00e4v\u00e4 mukana toimitetun sein\u00e4kiinnityslaitteen kanssa.<\/li>\n<\/ul>\n<ul>\n<li>V\u00e4ri: Vanha puu<\/li>\n<li>Materiaali: Tekninen puu, t\u00e4ysi eukalyptuspuu<\/li>\n<li>Mitat: 103,5 x 35 x 70 cm (P x L x S)<\/li>\n<li>Nelj\u00e4 t\u00e4ydest\u00e4 eukalyptuspuusta valmistettua jalkaa<\/li>\n<li>Asennus vaaditaan: Kyll\u00e4<\/li>\n<li>Legal Documents:\n<p><span>Lis\u00e4tietoja huonekalujesi kaatumisen est\u00e4misest\u00e4 voit l\u00f6yt\u00e4\u00e4 <span style=\"text-decoration: underline\"><strong><a title=\"https:\/\/bit.ly\/3bVwkQp\" href=\"https:\/\/bit.ly\/3bVwkQp\" target=\"_blank\">t\u00e4\u00e4lt\u00e4<\/a><\/strong><\/span><\/span><\/p>\n<\/li>\n<\/ul>\n","protected":false},"excerpt":{"rendered":"<ul>\n<li>V\u00e4ri: Vanha puu<\/li>\n<li>Materiaali: Tekninen puu, t\u00e4ysi eukalyptuspuu<\/li>\n<li>Mitat: 103,5 x 35 x 70 cm (P x L x S)<\/li>\n<li>Nelj\u00e4 t\u00e4ydest\u00e4 eukalyptuspuusta valmistettua jalkaa<\/li>\n<li>Asennus vaaditaan: Kyll\u00e4<\/li>\n<li>Legal Documents:\n<p><span>Lis\u00e4tietoja huonekalujesi kaatumisen est\u00e4misest\u00e4 voit l\u00f6yt\u00e4\u00e4 <span style=\"text-decoration: underline\"><strong><a title=\"https:\/\/bit.ly\/3bVwkQp\" href=\"https:\/\/bit.ly\/3bVwkQp\" target=\"_blank\">t\u00e4\u00e4lt\u00e4<\/a><\/strong><\/span><\/span><\/p>\n<\/li>\n<\/ul>\n","protected":false},"featured_media":100000109259,"comment_status":"closed","ping_status":"closed","template":"","meta":[],"product_brand":[],"product_cat":[84,8635],"product_tag":[],"class_list":{"0":"post-109259","1":"product","2":"type-product","3":"status-publish","4":"has-post-thumbnail","6":"product_cat-huonekalut","7":"product_cat-sailytys-lukkokaapit","9":"first","10":"instock","11":"taxable","12":"shipping-taxable","13":"purchasable","14":"product-type-simple"},"_links":{"self":[{"href":"https:\/\/www.otiumhome.fi\/index.php\/wp-json\/wp\/v2\/product\/109259","targetHints":{"allow":["GET"]}}],"collection":[{"href":"https:\/\/www.otiumhome.fi\/index.php\/wp-json\/wp\/v2\/product"}],"about":[{"href":"https:\/\/www.otiumhome.fi\/index.php\/wp-json\/wp\/v2\/types\/product"}],"replies":[{"embeddable":true,"href":"https:\/\/www.otiumhome.fi\/index.php\/wp-json\/wp\/v2\/comments?post=109259"}],"wp:featuredmedia":[{"embeddable":true,"href":"https:\/\/www.otiumhome.fi\/index.php\/wp-json\/"}],"wp:attachment":[{"href":"https:\/\/www.otiumhome.fi\/index.php\/wp-json\/wp\/v2\/media?parent=109259"}],"wp:term":[{"taxonomy":"product_brand","embeddable":true,"href":"https:\/\/www.otiumhome.fi\/index.php\/wp-json\/wp\/v2\/product_brand?post=109259"},{"taxonomy":"product_cat","embeddable":true,"href":"https:\/\/www.otiumhome.fi\/index.php\/wp-json\/wp\/v2\/product_cat?post=109259"},{"taxonomy":"product_tag","embeddable":true,"href":"https:\/\/www.otiumhome.fi\/index.php\/wp-json\/wp\/v2\/product_tag?post=109259"}],"curies":[{"name":"wp","href":"https:\/\/api.w.org\/{rel}","templated":true}]}}