{"id":109255,"date":"2024-12-15T16:32:44","date_gmt":"2024-12-15T16:32:44","guid":{"rendered":"https:\/\/www.otiumhome.fi\/?p=109255"},"modified":"2025-06-06T16:36:49","modified_gmt":"2025-06-06T16:36:49","slug":"laatikosto-vanhaa-puuta-40x50x76-cm-tekninen-puu","status":"publish","type":"product","link":"https:\/\/www.otiumhome.fi\/index.php\/tuote\/laatikosto-vanhaa-puuta-40x50x76-cm-tekninen-puu\/","title":{"rendered":"Laatikosto vanhaa puuta 40x50x76 cm tekninen puu"},"content":{"rendered":"<p>J\u00e4rjest\u00e4 tilasi t\u00e4m\u00e4n s\u00e4ilytyskaapin avulla, joka on ihanteellinen pit\u00e4m\u00e4\u00e4n tavarasi turvassa, siistin\u00e4 ja helposti saatavilla miss\u00e4 tahansa ymp\u00e4rist\u00f6ss\u00e4.<\/p>\n<\/p>\n<ul>\n<li>Vakaa ja kest\u00e4v\u00e4 materiaali: Tekninen puu on kest\u00e4v\u00e4 ja vakaa materiaali, jonka sile\u00e4 pinta kest\u00e4\u00e4 kosteutta, v\u00e4\u00e4ntymist\u00e4 ja halkeilua, joten se on luotettava valinta erilaisiin projekteihin.<\/li>\n<li>Runsaasti s\u00e4ilytystilaa: T\u00e4m\u00e4 kaappi tarjoaa runsaasti s\u00e4ilytystilaa p\u00e4ivitt\u00e4isten tavaroiden pit\u00e4miseen hyvin j\u00e4rjestyksess\u00e4 ja k\u00e4den ulottuvilla.<\/li>\n<li>Vakaa ja tukeva p\u00f6yt\u00e4levy: Tukeva kansi on ihanteellinen pienten esineiden tai koriste-esineiden, kuten maljakoiden tai ruukkukasvien, sijoittamiseen.<\/li>\n<li>Helppo huoltaa: Kaappi on helppo puhdistaa kostealla liinalla ja se tarvitsee vain v\u00e4h\u00e4ist\u00e4 huoltoa.<\/li>\n<\/ul>\n<p>Varoitus:<\/p>\n<ul>\n<li>Kaatumisen est\u00e4miseksi t\u00e4t\u00e4 tuotetta on k\u00e4ytett\u00e4v\u00e4 mukana toimitetun sein\u00e4kiinnityslaitteen kanssa.<\/li>\n<\/ul>\n<ul>\n<li>V\u00e4ri: Vanha puu<\/li>\n<li>Materiaali: Tekninen puu<\/li>\n<li>Kokonaismitat: 40 x 50 x 76 cm (P x L x K)<\/li>\n<li>3 laatikkoa ja 1 yl\u00e4hylly<\/li>\n<li>Asennus vaaditaan: Kyll\u00e4<\/li>\n<\/ul>\n","protected":false},"excerpt":{"rendered":"<ul>\n<li>V\u00e4ri: Vanha puu<\/li>\n<li>Materiaali: Tekninen puu<\/li>\n<li>Kokonaismitat: 40 x 50 x 76 cm (P x L x K)<\/li>\n<li>3 laatikkoa ja 1 yl\u00e4hylly<\/li>\n<li>Asennus vaaditaan: Kyll\u00e4<\/li>\n<\/ul>\n","protected":false},"featured_media":100000109255,"comment_status":"closed","ping_status":"closed","template":"","meta":[],"product_brand":[],"product_cat":[84,8635],"product_tag":[],"class_list":{"0":"post-109255","1":"product","2":"type-product","3":"status-publish","4":"has-post-thumbnail","6":"product_cat-huonekalut","7":"product_cat-sailytys-lukkokaapit","9":"first","10":"instock","11":"taxable","12":"shipping-taxable","13":"purchasable","14":"product-type-simple"},"_links":{"self":[{"href":"https:\/\/www.otiumhome.fi\/index.php\/wp-json\/wp\/v2\/product\/109255","targetHints":{"allow":["GET"]}}],"collection":[{"href":"https:\/\/www.otiumhome.fi\/index.php\/wp-json\/wp\/v2\/product"}],"about":[{"href":"https:\/\/www.otiumhome.fi\/index.php\/wp-json\/wp\/v2\/types\/product"}],"replies":[{"embeddable":true,"href":"https:\/\/www.otiumhome.fi\/index.php\/wp-json\/wp\/v2\/comments?post=109255"}],"wp:featuredmedia":[{"embeddable":true,"href":"https:\/\/www.otiumhome.fi\/index.php\/wp-json\/"}],"wp:attachment":[{"href":"https:\/\/www.otiumhome.fi\/index.php\/wp-json\/wp\/v2\/media?parent=109255"}],"wp:term":[{"taxonomy":"product_brand","embeddable":true,"href":"https:\/\/www.otiumhome.fi\/index.php\/wp-json\/wp\/v2\/product_brand?post=109255"},{"taxonomy":"product_cat","embeddable":true,"href":"https:\/\/www.otiumhome.fi\/index.php\/wp-json\/wp\/v2\/product_cat?post=109255"},{"taxonomy":"product_tag","embeddable":true,"href":"https:\/\/www.otiumhome.fi\/index.php\/wp-json\/wp\/v2\/product_tag?post=109255"}],"curies":[{"name":"wp","href":"https:\/\/api.w.org\/{rel}","templated":true}]}}