{"id":108956,"date":"2024-12-15T16:30:31","date_gmt":"2024-12-15T16:30:31","guid":{"rendered":"https:\/\/www.otiumhome.fi\/?p=108956"},"modified":"2025-06-06T16:35:19","modified_gmt":"2025-06-06T16:35:19","slug":"kaappi-93x405x180-cm-taysi-manty-panama-sarja","status":"publish","type":"product","link":"https:\/\/www.otiumhome.fi\/index.php\/tuote\/kaappi-93x405x180-cm-taysi-manty-panama-sarja\/","title":{"rendered":"Kaappi 93&#215;40,5&#215;180 cm t\u00e4ysi m\u00e4nty Panama-sarja"},"content":{"rendered":"<p>Maalaismainen ja trendik\u00e4s t\u00e4ydest\u00e4 m\u00e4nnyst\u00e4 valmistettu kaappi tulee olemaan koristeellinen ja k\u00e4yt\u00e4nn\u00f6llinen lis\u00e4 sisustukseesi.<\/p>\n<\/p>\n<p>Kaappi on valmistettu t\u00e4ydest\u00e4 m\u00e4nnyst\u00e4, joten se on eritt\u00e4in vakaa ja kest\u00e4v\u00e4. Hieno k\u00e4sity\u00f6 ja esteettisesti houkuttelevat puun kuviot tekev\u00e4t jokaisesta huonekalusta ainutlaatuisen ja hieman erilaisen kuin muut. Jokainen prosessin vaihe suoritetaan eritt\u00e4in huolellisesti, olipa kyse sitten kiillotuksesta, maalaamisesta tai lakkaamisesta. Lis\u00e4ksi kaapissa on eritt\u00e4in runsaasti s\u00e4ilytystilaa, joten voit pit\u00e4\u00e4 lehdet, kirjat ja muu tavarat j\u00e4rjestyksess\u00e4 ja k\u00e4den ulottuvilla.<\/p>\n<\/p>\n<p>Se on helppo koota. T\u00e4rke\u00e4 huomio: v\u00e4rit ja pintakuviot voivat vaihdella kappaleesta toiseen tehden jokaisesta kaapista ainutlaatuisen; toimitus on satunnainen.<\/p>\n<ul>\n<li>V\u00e4ri: luonnollinen<\/li>\n<li>Mitat: 93 x 40,5 x 180 cm (L x S x K)<\/li>\n<li>Materiaali: t\u00e4ysi m\u00e4nty<\/li>\n<li>Avoin lokero, 4 vetolaatikkoa, 2 ovea ja 2 lasiovea<\/li>\n<li>Hiottu, maalattu ja lakattu<\/li>\n<li><strong>VAROITUS:<\/strong> Kaatumisen est\u00e4miseksi on t\u00e4t\u00e4 tuotetta k\u00e4ytett\u00e4v\u00e4 mukana toimitetun sein\u00e4kiinnityslaitteen kanssa.<\/li>\n<li>Legal Documents:\n<p><span>Lis\u00e4tietoja huonekalujesi kaatumisen est\u00e4misest\u00e4 voit l\u00f6yt\u00e4\u00e4 <span style=\"text-decoration: underline\"><strong><a title=\"https:\/\/bit.ly\/3bVwkQp\" href=\"https:\/\/bit.ly\/3bVwkQp\" target=\"_blank\">t\u00e4\u00e4lt\u00e4<\/a><\/strong><\/span><\/span><\/p>\n<\/li>\n<\/ul>\n","protected":false},"excerpt":{"rendered":"<ul>\n<li>V\u00e4ri: luonnollinen<\/li>\n<li>Mitat: 93 x 40,5 x 180 cm (L x S x K)<\/li>\n<li>Materiaali: t\u00e4ysi m\u00e4nty<\/li>\n<li>Avoin lokero, 4 vetolaatikkoa, 2 ovea ja 2 lasiovea<\/li>\n<li>Hiottu, maalattu ja lakattu<\/li>\n<li><strong>VAROITUS:<\/strong> Kaatumisen est\u00e4miseksi on t\u00e4t\u00e4 tuotetta k\u00e4ytett\u00e4v\u00e4 mukana toimitetun sein\u00e4kiinnityslaitteen kanssa.<\/li>\n<li>Legal Documents:\n<p><span>Lis\u00e4tietoja huonekalujesi kaatumisen est\u00e4misest\u00e4 voit l\u00f6yt\u00e4\u00e4 <span style=\"text-decoration: underline\"><strong><a title=\"https:\/\/bit.ly\/3bVwkQp\" href=\"https:\/\/bit.ly\/3bVwkQp\" target=\"_blank\">t\u00e4\u00e4lt\u00e4<\/a><\/strong><\/span><\/span><\/p>\n<\/li>\n<\/ul>\n","protected":false},"featured_media":100000108956,"comment_status":"closed","ping_status":"closed","template":"","meta":[],"product_brand":[],"product_cat":[84,8635],"product_tag":[],"class_list":{"0":"post-108956","1":"product","2":"type-product","3":"status-publish","4":"has-post-thumbnail","6":"product_cat-huonekalut","7":"product_cat-sailytys-lukkokaapit","9":"first","10":"instock","11":"taxable","12":"shipping-taxable","13":"purchasable","14":"product-type-simple"},"_links":{"self":[{"href":"https:\/\/www.otiumhome.fi\/index.php\/wp-json\/wp\/v2\/product\/108956","targetHints":{"allow":["GET"]}}],"collection":[{"href":"https:\/\/www.otiumhome.fi\/index.php\/wp-json\/wp\/v2\/product"}],"about":[{"href":"https:\/\/www.otiumhome.fi\/index.php\/wp-json\/wp\/v2\/types\/product"}],"replies":[{"embeddable":true,"href":"https:\/\/www.otiumhome.fi\/index.php\/wp-json\/wp\/v2\/comments?post=108956"}],"wp:featuredmedia":[{"embeddable":true,"href":"https:\/\/www.otiumhome.fi\/index.php\/wp-json\/"}],"wp:attachment":[{"href":"https:\/\/www.otiumhome.fi\/index.php\/wp-json\/wp\/v2\/media?parent=108956"}],"wp:term":[{"taxonomy":"product_brand","embeddable":true,"href":"https:\/\/www.otiumhome.fi\/index.php\/wp-json\/wp\/v2\/product_brand?post=108956"},{"taxonomy":"product_cat","embeddable":true,"href":"https:\/\/www.otiumhome.fi\/index.php\/wp-json\/wp\/v2\/product_cat?post=108956"},{"taxonomy":"product_tag","embeddable":true,"href":"https:\/\/www.otiumhome.fi\/index.php\/wp-json\/wp\/v2\/product_tag?post=108956"}],"curies":[{"name":"wp","href":"https:\/\/api.w.org\/{rel}","templated":true}]}}