{"id":108953,"date":"2024-12-15T16:30:30","date_gmt":"2024-12-15T16:30:30","guid":{"rendered":"https:\/\/www.otiumhome.fi\/?p=108953"},"modified":"2025-06-06T16:35:18","modified_gmt":"2025-06-06T16:35:18","slug":"varastokaappi-musta-60x35x56-cm-teras","status":"publish","type":"product","link":"https:\/\/www.otiumhome.fi\/index.php\/tuote\/varastokaappi-musta-60x35x56-cm-teras\/","title":{"rendered":"Varastokaappi musta 60x35x56 cm ter\u00e4s"},"content":{"rendered":"<p>T\u00e4m\u00e4 varastokaappi pit\u00e4\u00e4 kotisi siistin\u00e4 ja hyv\u00e4ss\u00e4 j\u00e4rjestyksess\u00e4!<\/p>\n<\/p>\n<p>T\u00e4m\u00e4 varastokaappi on valmistettu ter\u00e4ksest\u00e4, joten se on tukeva ja vakaa. S\u00e4\u00e4dett\u00e4v\u00e4 hylly tarjoaa reilusti tilaa DVD-levyille, multimedialaitteille, kirjoille ja pikkutavaroille niiden j\u00e4rjestyksess\u00e4 ja k\u00e4den ulottuvilla pit\u00e4miseen. Kaappi on varustettu nelj\u00e4ll\u00e4 py\u00f6r\u00e4ll\u00e4 helpon liikkuvuuden takaamiseksi. Kahdessa etummaisessa py\u00f6r\u00e4ss\u00e4 on jarrut vahinkoliikkumisen est\u00e4miseksi. Se on helppo puhdistaa kostealla liinalla.<\/p>\n<ul>\n<li>V\u00e4ri: musta<\/li>\n<li>Materiaali: ter\u00e4s<\/li>\n<li>Mitat: 60 x 35 x 56 cm (L x S x K)<\/li>\n<li>Nelj\u00e4 py\u00f6r\u00e4\u00e4 (kaksi takapy\u00f6r\u00e4\u00e4 ja kaksi etupy\u00f6r\u00e4\u00e4 jarruilla)<\/li>\n<li>1 s\u00e4\u00e4dett\u00e4v\u00e4 hylly<\/li>\n<li>Ilmaventtiilit ovissa<\/li>\n<li>Kantavuus per hylly: 35 kg<\/li>\n<li>Kokonaiskantavuus: 70 kg<\/li>\n<li>Asennus vaaditaan: kyll\u00e4<\/li>\n<\/ul>\n","protected":false},"excerpt":{"rendered":"<ul>\n<li>V\u00e4ri: musta<\/li>\n<li>Materiaali: ter\u00e4s<\/li>\n<li>Mitat: 60 x 35 x 56 cm (L x S x K)<\/li>\n<li>Nelj\u00e4 py\u00f6r\u00e4\u00e4 (kaksi takapy\u00f6r\u00e4\u00e4 ja kaksi etupy\u00f6r\u00e4\u00e4 jarruilla)<\/li>\n<li>1 s\u00e4\u00e4dett\u00e4v\u00e4 hylly<\/li>\n<li>Ilmaventtiilit ovissa<\/li>\n<li>Kantavuus per hylly: 35 kg<\/li>\n<li>Kokonaiskantavuus: 70 kg<\/li>\n<li>Asennus vaaditaan: kyll\u00e4<\/li>\n<\/ul>\n","protected":false},"featured_media":100000108953,"comment_status":"closed","ping_status":"closed","template":"","meta":[],"product_brand":[],"product_cat":[84,8635],"product_tag":[],"class_list":{"0":"post-108953","1":"product","2":"type-product","3":"status-publish","4":"has-post-thumbnail","6":"product_cat-huonekalut","7":"product_cat-sailytys-lukkokaapit","9":"first","10":"instock","11":"taxable","12":"shipping-taxable","13":"purchasable","14":"product-type-simple"},"_links":{"self":[{"href":"https:\/\/www.otiumhome.fi\/index.php\/wp-json\/wp\/v2\/product\/108953","targetHints":{"allow":["GET"]}}],"collection":[{"href":"https:\/\/www.otiumhome.fi\/index.php\/wp-json\/wp\/v2\/product"}],"about":[{"href":"https:\/\/www.otiumhome.fi\/index.php\/wp-json\/wp\/v2\/types\/product"}],"replies":[{"embeddable":true,"href":"https:\/\/www.otiumhome.fi\/index.php\/wp-json\/wp\/v2\/comments?post=108953"}],"wp:featuredmedia":[{"embeddable":true,"href":"https:\/\/www.otiumhome.fi\/index.php\/wp-json\/"}],"wp:attachment":[{"href":"https:\/\/www.otiumhome.fi\/index.php\/wp-json\/wp\/v2\/media?parent=108953"}],"wp:term":[{"taxonomy":"product_brand","embeddable":true,"href":"https:\/\/www.otiumhome.fi\/index.php\/wp-json\/wp\/v2\/product_brand?post=108953"},{"taxonomy":"product_cat","embeddable":true,"href":"https:\/\/www.otiumhome.fi\/index.php\/wp-json\/wp\/v2\/product_cat?post=108953"},{"taxonomy":"product_tag","embeddable":true,"href":"https:\/\/www.otiumhome.fi\/index.php\/wp-json\/wp\/v2\/product_tag?post=108953"}],"curies":[{"name":"wp","href":"https:\/\/api.w.org\/{rel}","templated":true}]}}