{"id":108952,"date":"2024-12-15T16:30:30","date_gmt":"2024-12-15T16:30:30","guid":{"rendered":"https:\/\/www.otiumhome.fi\/?p=108952"},"modified":"2025-12-14T09:19:48","modified_gmt":"2025-12-14T09:19:48","slug":"astiakaappi-meksikon-manty-corona-sarja-valkoinen-80x40x170-cm","status":"publish","type":"product","link":"https:\/\/www.otiumhome.fi\/index.php\/tuote\/astiakaappi-meksikon-manty-corona-sarja-valkoinen-80x40x170-cm\/","title":{"rendered":"Astiakaappi Meksikon m\u00e4nty Corona-sarja valkoinen 80x40x170 cm"},"content":{"rendered":"<p>T\u00e4m\u00e4 laadukas puinen astiakaappi on huonekalu Meksikon &#8221;Corona&#8221; tyylill\u00e4. Vahattu m\u00e4nty metallisilla koristeilla huokuu Meksikolaista charmia, joka tekee siit\u00e4 loistavan lis\u00e4n olohuoneeseen, ruokasaliin tai eteiseen. Sit\u00e4 voidaan k\u00e4ytt\u00e4\u00e4 my\u00f6s esittelykaappina tai kirjahyllyn\u00e4.<\/p>\n<\/p>\n<p>Koska se on valmistettu t\u00e4ydest\u00e4 m\u00e4nnyst\u00e4, astiakaappi on kest\u00e4v\u00e4 ja tukeva. 3 avointa hylly\u00e4 sopivat t\u00e4ydellisesti s\u00e4ilytt\u00e4m\u00e4\u00e4n kirjoja tai astioita ja esittelem\u00e4\u00e4n koriste-esineit\u00e4. Alla olevassa kaapissa on kaksi hylly\u00e4 ja se tarjoaa riitt\u00e4v\u00e4sti tilaa.<\/p>\n<\/p>\n<p>Eritt\u00e4in helppo koota.<\/p>\n<ul>\n<li>V\u00e4ri: valkoinen runko ja ruskea p\u00f6yt\u00e4levy<\/li>\n<li>Materiaali: t\u00e4ysi m\u00e4nty<\/li>\n<li>Mitat: 80 x 40 x 170 cm (P x L x K)<\/li>\n<li>3 avointa hylly\u00e4 ja 1 kaappi 2:lla hyllyll\u00e4<\/li>\n<li>Se huokuu meksikolaista &#8217;Corona&#8217;-tyyli\u00e4<\/li>\n<li>Helppo koota<\/li>\n<li><strong>VAROITUS:<\/strong> kaatumisen est\u00e4miseksi on t\u00e4t\u00e4 tuotetta k\u00e4ytett\u00e4v\u00e4 mukana toimitetun sein\u00e4kiinnityslaitteen kanssa.<\/li>\n<li>Legal Documents:\n<p><span>Lis\u00e4tietoja huonekalujesi kaatumisen est\u00e4misest\u00e4 voit l\u00f6yt\u00e4\u00e4 <span style=\"text-decoration: underline\"><strong><a title=\"https:\/\/bit.ly\/3bVwkQp\" href=\"https:\/\/bit.ly\/3bVwkQp\" target=\"_blank\">t\u00e4\u00e4lt\u00e4<\/a><\/strong><\/span><\/span><\/p>\n<\/li>\n<\/ul>\n","protected":false},"excerpt":{"rendered":"<ul>\n<li>V\u00e4ri: valkoinen runko ja ruskea p\u00f6yt\u00e4levy<\/li>\n<li>Materiaali: t\u00e4ysi m\u00e4nty<\/li>\n<li>Mitat: 80 x 40 x 170 cm (P x L x K)<\/li>\n<li>3 avointa hylly\u00e4 ja 1 kaappi 2:lla hyllyll\u00e4<\/li>\n<li>Se huokuu meksikolaista &#8217;Corona&#8217;-tyyli\u00e4<\/li>\n<li>Helppo koota<\/li>\n<li><strong>VAROITUS:<\/strong> kaatumisen est\u00e4miseksi on t\u00e4t\u00e4 tuotetta k\u00e4ytett\u00e4v\u00e4 mukana toimitetun sein\u00e4kiinnityslaitteen kanssa.<\/li>\n<li>Legal Documents:\n<p><span>Lis\u00e4tietoja huonekalujesi kaatumisen est\u00e4misest\u00e4 voit l\u00f6yt\u00e4\u00e4 <span style=\"text-decoration: underline\"><strong><a title=\"https:\/\/bit.ly\/3bVwkQp\" href=\"https:\/\/bit.ly\/3bVwkQp\" target=\"_blank\">t\u00e4\u00e4lt\u00e4<\/a><\/strong><\/span><\/span><\/p>\n<\/li>\n<\/ul>\n","protected":false},"featured_media":100000108952,"comment_status":"closed","ping_status":"closed","template":"","meta":[],"product_brand":[],"product_cat":[84,8635],"product_tag":[],"class_list":{"0":"post-108952","1":"product","2":"type-product","3":"status-publish","4":"has-post-thumbnail","6":"product_cat-huonekalut","7":"product_cat-sailytys-lukkokaapit","9":"first","10":"instock","11":"taxable","12":"shipping-taxable","13":"purchasable","14":"product-type-simple"},"_links":{"self":[{"href":"https:\/\/www.otiumhome.fi\/index.php\/wp-json\/wp\/v2\/product\/108952","targetHints":{"allow":["GET"]}}],"collection":[{"href":"https:\/\/www.otiumhome.fi\/index.php\/wp-json\/wp\/v2\/product"}],"about":[{"href":"https:\/\/www.otiumhome.fi\/index.php\/wp-json\/wp\/v2\/types\/product"}],"replies":[{"embeddable":true,"href":"https:\/\/www.otiumhome.fi\/index.php\/wp-json\/wp\/v2\/comments?post=108952"}],"wp:featuredmedia":[{"embeddable":true,"href":"https:\/\/www.otiumhome.fi\/index.php\/wp-json\/"}],"wp:attachment":[{"href":"https:\/\/www.otiumhome.fi\/index.php\/wp-json\/wp\/v2\/media?parent=108952"}],"wp:term":[{"taxonomy":"product_brand","embeddable":true,"href":"https:\/\/www.otiumhome.fi\/index.php\/wp-json\/wp\/v2\/product_brand?post=108952"},{"taxonomy":"product_cat","embeddable":true,"href":"https:\/\/www.otiumhome.fi\/index.php\/wp-json\/wp\/v2\/product_cat?post=108952"},{"taxonomy":"product_tag","embeddable":true,"href":"https:\/\/www.otiumhome.fi\/index.php\/wp-json\/wp\/v2\/product_tag?post=108952"}],"curies":[{"name":"wp","href":"https:\/\/api.w.org\/{rel}","templated":true}]}}