{"id":108924,"date":"2024-12-15T16:30:28","date_gmt":"2024-12-15T16:30:28","guid":{"rendered":"https:\/\/www.otiumhome.fi\/?p=108924"},"modified":"2025-06-06T16:35:17","modified_gmt":"2025-06-06T16:35:17","slug":"kulmakaappi-59x36x180-cm-taystammi","status":"publish","type":"product","link":"https:\/\/www.otiumhome.fi\/index.php\/tuote\/kulmakaappi-59x36x180-cm-taystammi\/","title":{"rendered":"Kulmakaappi 59x36x180 cm t\u00e4ystammi"},"content":{"rendered":"<p>Kulmakaappi sopii etenkin pieniin tiloihin, joissa kaiken tilan hy\u00f6dynt\u00e4minen on tarpeen. Kaappi on ihanteellinen keitti\u00f6\u00f6n, olohuoneeseen tai ruokailutilaan.<\/p>\n<\/p>\n<p>Kulmakaappi on tehty kiinte\u00e4st\u00e4 tammesta ja tammiviilulla p\u00e4\u00e4llystetyst\u00e4 MDF-levyst\u00e4. Kaappi on tukeva ja kest\u00e4v\u00e4 ja sopii t\u00e4ydellisesti mihin tahansa 90 asteen kulmaan. Kaapissa on runsaasti tilaa s\u00e4ilytt\u00e4\u00e4 monia kodin esineit\u00e4 kuten kirjoja, kuppeja, kasveja ja koriste-esineit\u00e4 siististi j\u00e4rjestyksess\u00e4 ja k\u00e4den ulottuvilla.<\/p>\n<\/p>\n<p>Kulmakaappi on helppo koota.<\/p>\n<ul>\n<li>V\u00e4ri: ruskea<\/li>\n<li>Materiaali: t\u00e4ysi tammi ja MDF tammiviilulla<\/li>\n<li>Mitat: 59 x 36 x 180 cm (L x S x K)<\/li>\n<li>Sopii jokaiseen 90 asteen kulmaan<\/li>\n<li>Reilusti s\u00e4ilytystilaa<\/li>\n<li>Varoitus! Kaatumisen est\u00e4miseksi on t\u00e4t\u00e4 tuotetta k\u00e4ytett\u00e4v\u00e4 mukana toimitettavan sein\u00e4kiinnityslaitteen kanssa.<\/li>\n<li>Legal Documents:\n<p><span>Lis\u00e4tietoja huonekalujesi kaatumisen est\u00e4misest\u00e4 voit l\u00f6yt\u00e4\u00e4 <span style=\"text-decoration: underline\"><strong><a title=\"https:\/\/bit.ly\/3bVwkQp\" href=\"https:\/\/bit.ly\/3bVwkQp\" target=\"_blank\">t\u00e4\u00e4lt\u00e4<\/a><\/strong><\/span><\/span><\/p>\n<\/li>\n<\/ul>\n","protected":false},"excerpt":{"rendered":"<ul>\n<li>V\u00e4ri: ruskea<\/li>\n<li>Materiaali: t\u00e4ysi tammi ja MDF tammiviilulla<\/li>\n<li>Mitat: 59 x 36 x 180 cm (L x S x K)<\/li>\n<li>Sopii jokaiseen 90 asteen kulmaan<\/li>\n<li>Reilusti s\u00e4ilytystilaa<\/li>\n<li>Varoitus! Kaatumisen est\u00e4miseksi on t\u00e4t\u00e4 tuotetta k\u00e4ytett\u00e4v\u00e4 mukana toimitettavan sein\u00e4kiinnityslaitteen kanssa.<\/li>\n<li>Legal Documents:\n<p><span>Lis\u00e4tietoja huonekalujesi kaatumisen est\u00e4misest\u00e4 voit l\u00f6yt\u00e4\u00e4 <span style=\"text-decoration: underline\"><strong><a title=\"https:\/\/bit.ly\/3bVwkQp\" href=\"https:\/\/bit.ly\/3bVwkQp\" target=\"_blank\">t\u00e4\u00e4lt\u00e4<\/a><\/strong><\/span><\/span><\/p>\n<\/li>\n<\/ul>\n","protected":false},"featured_media":100000108924,"comment_status":"closed","ping_status":"closed","template":"","meta":[],"product_brand":[],"product_cat":[84,8635],"product_tag":[],"class_list":{"0":"post-108924","1":"product","2":"type-product","3":"status-publish","4":"has-post-thumbnail","6":"product_cat-huonekalut","7":"product_cat-sailytys-lukkokaapit","9":"first","10":"instock","11":"taxable","12":"shipping-taxable","13":"purchasable","14":"product-type-simple"},"_links":{"self":[{"href":"https:\/\/www.otiumhome.fi\/index.php\/wp-json\/wp\/v2\/product\/108924","targetHints":{"allow":["GET"]}}],"collection":[{"href":"https:\/\/www.otiumhome.fi\/index.php\/wp-json\/wp\/v2\/product"}],"about":[{"href":"https:\/\/www.otiumhome.fi\/index.php\/wp-json\/wp\/v2\/types\/product"}],"replies":[{"embeddable":true,"href":"https:\/\/www.otiumhome.fi\/index.php\/wp-json\/wp\/v2\/comments?post=108924"}],"wp:featuredmedia":[{"embeddable":true,"href":"https:\/\/www.otiumhome.fi\/index.php\/wp-json\/"}],"wp:attachment":[{"href":"https:\/\/www.otiumhome.fi\/index.php\/wp-json\/wp\/v2\/media?parent=108924"}],"wp:term":[{"taxonomy":"product_brand","embeddable":true,"href":"https:\/\/www.otiumhome.fi\/index.php\/wp-json\/wp\/v2\/product_brand?post=108924"},{"taxonomy":"product_cat","embeddable":true,"href":"https:\/\/www.otiumhome.fi\/index.php\/wp-json\/wp\/v2\/product_cat?post=108924"},{"taxonomy":"product_tag","embeddable":true,"href":"https:\/\/www.otiumhome.fi\/index.php\/wp-json\/wp\/v2\/product_tag?post=108924"}],"curies":[{"name":"wp","href":"https:\/\/api.w.org\/{rel}","templated":true}]}}