{"id":108923,"date":"2024-12-15T16:30:28","date_gmt":"2024-12-15T16:30:28","guid":{"rendered":"https:\/\/www.otiumhome.fi\/?p=108923"},"modified":"2025-06-06T16:36:40","modified_gmt":"2025-06-06T16:36:40","slug":"sailytyslaatikot-kannella-3-kpl-hunajanruskea-taysi-manty","status":"publish","type":"product","link":"https:\/\/www.otiumhome.fi\/index.php\/tuote\/sailytyslaatikot-kannella-3-kpl-hunajanruskea-taysi-manty\/","title":{"rendered":"S\u00e4ilytyslaatikot kannella 3 kpl hunajanruskea t\u00e4ysi m\u00e4nty"},"content":{"rendered":"<p>Pid\u00e4 kotitaloustarvikkeesi hyv\u00e4ss\u00e4 j\u00e4rjestyksess\u00e4 ja luo samalla siisti ja puhdas ymp\u00e4rist\u00f6 kotiisi n\u00e4ill\u00e4 s\u00e4ilytyslaatikoilla!<\/p>\n<\/p>\n<ul>\n<li> T\u00e4ysi m\u00e4nty: T\u00e4ysi m\u00e4ntypuu on kaunis luonnollinen materiaali. M\u00e4nnyll\u00e4 on suorat puunsyyt ja sen oksanpaikat antavat materiaalille sen ominaisen rustiikkisen ilmeen.<\/li>\n<li>K\u00e4yt\u00e4nn\u00f6llinen kansi: Jokaisessa ty\u00f6kalulaatikossa on kansi, joka pit\u00e4\u00e4 kaikki esineesi poissa n\u00e4kyvist\u00e4 ja p\u00f6lytt\u00f6min\u00e4.<\/li>\n<li>Apukahva: Ty\u00f6kalukotelossa on kahva k\u00e4tevyyden takaamiseksi.<\/li>\n<li>Laaja k\u00e4ytt\u00f6: Ty\u00f6kaluarkkua voidaan k\u00e4ytt\u00e4\u00e4 my\u00f6s sohva- ja sivup\u00f6yt\u00e4n\u00e4 kotonasi.<\/li>\n<\/ul>\n<p>Huomioi:<\/p>\n<ul>\n<li>Jokaisen tuotteen laatikossa mukana on kokoonpano-ohje helppoa asennusta varten.\u200b<\/li>\n<\/ul>\n<ul>\n<li>V\u00e4ri: Hunajanruskea<\/li>\n<li>Materiaali: t\u00e4ysi m\u00e4nty<\/li>\n<li>Suuren s\u00e4ilytyslaatikon mitat: 57 x 55 x 40 cm (P x L x K)<\/li>\n<li>Keskikokoisen s\u00e4ilytyslaatikon mitat: 45 x 43 x 30 cm (P x L x K)<\/li>\n<li>Pienen s\u00e4ilytyslaatikon mitat: 35 x 33 x 20 cm (P x L x K)<\/li>\n<li><strong>Toimitus sis\u00e4lt\u00e4\u00e4:<\/strong><\/li>\n<li>1 x iso s\u00e4ilytyslaatikko<\/li>\n<li>1 x keskikokoinen s\u00e4ilytyslaatikko<\/li>\n<li>1 x pieni s\u00e4ilytyslaatikko<\/li>\n<\/ul>\n","protected":false},"excerpt":{"rendered":"<ul>\n<li>V\u00e4ri: Hunajanruskea<\/li>\n<li>Materiaali: t\u00e4ysi m\u00e4nty<\/li>\n<li>Suuren s\u00e4ilytyslaatikon mitat: 57 x 55 x 40 cm (P x L x K)<\/li>\n<li>Keskikokoisen s\u00e4ilytyslaatikon mitat: 45 x 43 x 30 cm (P x L x K)<\/li>\n<li>Pienen s\u00e4ilytyslaatikon mitat: 35 x 33 x 20 cm (P x L x K)<\/li>\n<li><strong>Toimitus sis\u00e4lt\u00e4\u00e4:<\/strong><\/li>\n<li>1 x iso s\u00e4ilytyslaatikko<\/li>\n<li>1 x keskikokoinen s\u00e4ilytyslaatikko<\/li>\n<li>1 x pieni s\u00e4ilytyslaatikko<\/li>\n<\/ul>\n","protected":false},"featured_media":100000108923,"comment_status":"closed","ping_status":"closed","template":"","meta":[],"product_brand":[],"product_cat":[84,8635],"product_tag":[],"class_list":{"0":"post-108923","1":"product","2":"type-product","3":"status-publish","4":"has-post-thumbnail","6":"product_cat-huonekalut","7":"product_cat-sailytys-lukkokaapit","9":"first","10":"instock","11":"taxable","12":"shipping-taxable","13":"purchasable","14":"product-type-simple"},"_links":{"self":[{"href":"https:\/\/www.otiumhome.fi\/index.php\/wp-json\/wp\/v2\/product\/108923","targetHints":{"allow":["GET"]}}],"collection":[{"href":"https:\/\/www.otiumhome.fi\/index.php\/wp-json\/wp\/v2\/product"}],"about":[{"href":"https:\/\/www.otiumhome.fi\/index.php\/wp-json\/wp\/v2\/types\/product"}],"replies":[{"embeddable":true,"href":"https:\/\/www.otiumhome.fi\/index.php\/wp-json\/wp\/v2\/comments?post=108923"}],"wp:featuredmedia":[{"embeddable":true,"href":"https:\/\/www.otiumhome.fi\/index.php\/wp-json\/"}],"wp:attachment":[{"href":"https:\/\/www.otiumhome.fi\/index.php\/wp-json\/wp\/v2\/media?parent=108923"}],"wp:term":[{"taxonomy":"product_brand","embeddable":true,"href":"https:\/\/www.otiumhome.fi\/index.php\/wp-json\/wp\/v2\/product_brand?post=108923"},{"taxonomy":"product_cat","embeddable":true,"href":"https:\/\/www.otiumhome.fi\/index.php\/wp-json\/wp\/v2\/product_cat?post=108923"},{"taxonomy":"product_tag","embeddable":true,"href":"https:\/\/www.otiumhome.fi\/index.php\/wp-json\/wp\/v2\/product_tag?post=108923"}],"curies":[{"name":"wp","href":"https:\/\/api.w.org\/{rel}","templated":true}]}}