{"id":108920,"date":"2024-12-15T16:30:28","date_gmt":"2024-12-15T16:30:28","guid":{"rendered":"https:\/\/www.otiumhome.fi\/?p=108920"},"modified":"2025-06-06T16:35:17","modified_gmt":"2025-06-06T16:35:17","slug":"kulmahylly-59x36x100-cm-taystammi","status":"publish","type":"product","link":"https:\/\/www.otiumhome.fi\/index.php\/tuote\/kulmahylly-59x36x100-cm-taystammi\/","title":{"rendered":"Kulmahylly 59x36x100 cm t\u00e4ystammi"},"content":{"rendered":"<p>T\u00e4m\u00e4 kulmahylly on v\u00e4ltt\u00e4m\u00e4t\u00f6n koteihin, joissa on rajalliset s\u00e4ilytysmahdollisuudet. Voidaan yhdist\u00e4\u00e4 kulmakaappiin (247040) saadaksesi enemm\u00e4n s\u00e4ilytystilaa papereille ja koriste-esineille.<\/p>\n<\/p>\n<p>Kulmahylly on tehty t\u00e4ydest\u00e4 tammesta ja tammiviilutetusta MDF:st\u00e4, joten se on j\u00e4m\u00e4kk\u00e4 ja kest\u00e4v\u00e4. Koristeena k\u00e4ytett\u00e4ess\u00e4 t\u00e4ss\u00e4 kappaleessa on runsaasti tilaa palkinnoille, ker\u00e4ilyesineille ja valokuville kuin my\u00f6s erin\u00e4isille taloustavaroille kuten kirjoille, kupeille, ruukkukasveille, jne. Kauniisti viimeistelty tuote tekee sis\u00e4tiloista paremman n\u00e4k\u00f6isen.<\/p>\n<\/p>\n<p>Tuote on helppo koota.<\/p>\n<ul>\n<li>V\u00e4ri: ruskea<\/li>\n<li>Materiaali: t\u00e4ysi tammi ja MDF tammiviilulla<\/li>\n<li>Mitat: 59 x 36 x 100 cm (L x S x K)<\/li>\n<li>Sopii jokaiseen 90 asteen kulmaan<\/li>\n<li>Reilusti s\u00e4ilytystilaa<\/li>\n<li>Asennus vaaditaan: kyll\u00e4<\/li>\n<li>Varoitus! Kaatumisen est\u00e4miseksi on t\u00e4t\u00e4 tuotetta k\u00e4ytett\u00e4v\u00e4 mukana toimitettavan sein\u00e4kiinnityslaitteen kanssa.<\/li>\n<li>Legal Documents:\n<p><span>Lis\u00e4tietoja huonekalujesi kaatumisen est\u00e4misest\u00e4 voit l\u00f6yt\u00e4\u00e4 <span style=\"text-decoration: underline\"><strong><a title=\"https:\/\/bit.ly\/3bVwkQp\" href=\"https:\/\/bit.ly\/3bVwkQp\" target=\"_blank\">t\u00e4\u00e4lt\u00e4<\/a><\/strong><\/span><\/span><\/p>\n<\/li>\n<\/ul>\n","protected":false},"excerpt":{"rendered":"<ul>\n<li>V\u00e4ri: ruskea<\/li>\n<li>Materiaali: t\u00e4ysi tammi ja MDF tammiviilulla<\/li>\n<li>Mitat: 59 x 36 x 100 cm (L x S x K)<\/li>\n<li>Sopii jokaiseen 90 asteen kulmaan<\/li>\n<li>Reilusti s\u00e4ilytystilaa<\/li>\n<li>Asennus vaaditaan: kyll\u00e4<\/li>\n<li>Varoitus! Kaatumisen est\u00e4miseksi on t\u00e4t\u00e4 tuotetta k\u00e4ytett\u00e4v\u00e4 mukana toimitettavan sein\u00e4kiinnityslaitteen kanssa.<\/li>\n<li>Legal Documents:\n<p><span>Lis\u00e4tietoja huonekalujesi kaatumisen est\u00e4misest\u00e4 voit l\u00f6yt\u00e4\u00e4 <span style=\"text-decoration: underline\"><strong><a title=\"https:\/\/bit.ly\/3bVwkQp\" href=\"https:\/\/bit.ly\/3bVwkQp\" target=\"_blank\">t\u00e4\u00e4lt\u00e4<\/a><\/strong><\/span><\/span><\/p>\n<\/li>\n<\/ul>\n","protected":false},"featured_media":100000108920,"comment_status":"closed","ping_status":"closed","template":"","meta":[],"product_brand":[],"product_cat":[84,8635],"product_tag":[],"class_list":{"0":"post-108920","1":"product","2":"type-product","3":"status-publish","4":"has-post-thumbnail","6":"product_cat-huonekalut","7":"product_cat-sailytys-lukkokaapit","9":"first","10":"instock","11":"taxable","12":"shipping-taxable","13":"purchasable","14":"product-type-simple"},"_links":{"self":[{"href":"https:\/\/www.otiumhome.fi\/index.php\/wp-json\/wp\/v2\/product\/108920","targetHints":{"allow":["GET"]}}],"collection":[{"href":"https:\/\/www.otiumhome.fi\/index.php\/wp-json\/wp\/v2\/product"}],"about":[{"href":"https:\/\/www.otiumhome.fi\/index.php\/wp-json\/wp\/v2\/types\/product"}],"replies":[{"embeddable":true,"href":"https:\/\/www.otiumhome.fi\/index.php\/wp-json\/wp\/v2\/comments?post=108920"}],"wp:featuredmedia":[{"embeddable":true,"href":"https:\/\/www.otiumhome.fi\/index.php\/wp-json\/"}],"wp:attachment":[{"href":"https:\/\/www.otiumhome.fi\/index.php\/wp-json\/wp\/v2\/media?parent=108920"}],"wp:term":[{"taxonomy":"product_brand","embeddable":true,"href":"https:\/\/www.otiumhome.fi\/index.php\/wp-json\/wp\/v2\/product_brand?post=108920"},{"taxonomy":"product_cat","embeddable":true,"href":"https:\/\/www.otiumhome.fi\/index.php\/wp-json\/wp\/v2\/product_cat?post=108920"},{"taxonomy":"product_tag","embeddable":true,"href":"https:\/\/www.otiumhome.fi\/index.php\/wp-json\/wp\/v2\/product_tag?post=108920"}],"curies":[{"name":"wp","href":"https:\/\/api.w.org\/{rel}","templated":true}]}}