{"id":108912,"date":"2024-12-15T16:30:27","date_gmt":"2024-12-15T16:30:27","guid":{"rendered":"https:\/\/www.otiumhome.fi\/?p=108912"},"modified":"2025-06-06T16:35:16","modified_gmt":"2025-06-06T16:35:16","slug":"kulmakaappi-80x335x78-cm-taystammi","status":"publish","type":"product","link":"https:\/\/www.otiumhome.fi\/index.php\/tuote\/kulmakaappi-80x335x78-cm-taystammi\/","title":{"rendered":"Kulmakaappi 80&#215;33,5&#215;78 cm t\u00e4ystammi"},"content":{"rendered":"<p>T\u00e4m\u00e4 kulmakaappi on k\u00e4yt\u00e4nn\u00f6llinen sek\u00e4 koristeellinen lis\u00e4 sisustukseesi.<\/p>\n<\/p>\n<p>T\u00e4ydest\u00e4 tammesta ja tammiviilutetusta MDF:st\u00e4 tehty kaappi on j\u00e4m\u00e4kk\u00e4 ja kest\u00e4v\u00e4, joka sopii t\u00e4ydellisesti jokaiseen 90-asteen kulmaan. J\u00e4m\u00e4kk\u00e4 yl\u00e4osa on erinomainen paikka s\u00e4ilytyspaikka vaaseille ja hedelm\u00e4koreille. Kaapissa on runsaasti tilaa pit\u00e4\u00e4 kaikenlaiset taloustavarat hyv\u00e4ss\u00e4 j\u00e4rjestyksess\u00e4.<\/p>\n<\/p>\n<p>Kulmakaappi on helppo koota.<\/p>\n<ul>\n<li>V\u00e4ri: ruskea<\/li>\n<li>Materiaali: t\u00e4ysi tammi ja MDF tammiviilulla<\/li>\n<li>Mitat: 80 x 33,5 x 78 cm (L x S x K)<\/li>\n<li>Sopii jokaiseen 90 asteen kulmaan<\/li>\n<li>Reilusti s\u00e4ilytystilaa<\/li>\n<li>Varoitus! Kaatumisen est\u00e4miseksi on t\u00e4t\u00e4 tuotetta k\u00e4ytett\u00e4v\u00e4 mukana toimitettavan sein\u00e4kiinnityslaitteen kanssa.<\/li>\n<li>Legal Documents:\n<p><span>Lis\u00e4tietoja huonekalujesi kaatumisen est\u00e4misest\u00e4 voit l\u00f6yt\u00e4\u00e4 <span style=\"text-decoration: underline\"><strong><a title=\"https:\/\/bit.ly\/3bVwkQp\" href=\"https:\/\/bit.ly\/3bVwkQp\" target=\"_blank\">t\u00e4\u00e4lt\u00e4<\/a><\/strong><\/span><\/span><\/p>\n<\/li>\n<\/ul>\n","protected":false},"excerpt":{"rendered":"<ul>\n<li>V\u00e4ri: ruskea<\/li>\n<li>Materiaali: t\u00e4ysi tammi ja MDF tammiviilulla<\/li>\n<li>Mitat: 80 x 33,5 x 78 cm (L x S x K)<\/li>\n<li>Sopii jokaiseen 90 asteen kulmaan<\/li>\n<li>Reilusti s\u00e4ilytystilaa<\/li>\n<li>Varoitus! Kaatumisen est\u00e4miseksi on t\u00e4t\u00e4 tuotetta k\u00e4ytett\u00e4v\u00e4 mukana toimitettavan sein\u00e4kiinnityslaitteen kanssa.<\/li>\n<li>Legal Documents:\n<p><span>Lis\u00e4tietoja huonekalujesi kaatumisen est\u00e4misest\u00e4 voit l\u00f6yt\u00e4\u00e4 <span style=\"text-decoration: underline\"><strong><a title=\"https:\/\/bit.ly\/3bVwkQp\" href=\"https:\/\/bit.ly\/3bVwkQp\" target=\"_blank\">t\u00e4\u00e4lt\u00e4<\/a><\/strong><\/span><\/span><\/p>\n<\/li>\n<\/ul>\n","protected":false},"featured_media":100000108912,"comment_status":"closed","ping_status":"closed","template":"","meta":[],"product_brand":[],"product_cat":[84,8635],"product_tag":[],"class_list":{"0":"post-108912","1":"product","2":"type-product","3":"status-publish","4":"has-post-thumbnail","6":"product_cat-huonekalut","7":"product_cat-sailytys-lukkokaapit","9":"first","10":"instock","11":"taxable","12":"shipping-taxable","13":"purchasable","14":"product-type-simple"},"_links":{"self":[{"href":"https:\/\/www.otiumhome.fi\/index.php\/wp-json\/wp\/v2\/product\/108912","targetHints":{"allow":["GET"]}}],"collection":[{"href":"https:\/\/www.otiumhome.fi\/index.php\/wp-json\/wp\/v2\/product"}],"about":[{"href":"https:\/\/www.otiumhome.fi\/index.php\/wp-json\/wp\/v2\/types\/product"}],"replies":[{"embeddable":true,"href":"https:\/\/www.otiumhome.fi\/index.php\/wp-json\/wp\/v2\/comments?post=108912"}],"wp:featuredmedia":[{"embeddable":true,"href":"https:\/\/www.otiumhome.fi\/index.php\/wp-json\/"}],"wp:attachment":[{"href":"https:\/\/www.otiumhome.fi\/index.php\/wp-json\/wp\/v2\/media?parent=108912"}],"wp:term":[{"taxonomy":"product_brand","embeddable":true,"href":"https:\/\/www.otiumhome.fi\/index.php\/wp-json\/wp\/v2\/product_brand?post=108912"},{"taxonomy":"product_cat","embeddable":true,"href":"https:\/\/www.otiumhome.fi\/index.php\/wp-json\/wp\/v2\/product_cat?post=108912"},{"taxonomy":"product_tag","embeddable":true,"href":"https:\/\/www.otiumhome.fi\/index.php\/wp-json\/wp\/v2\/product_tag?post=108912"}],"curies":[{"name":"wp","href":"https:\/\/api.w.org\/{rel}","templated":true}]}}