{"id":108908,"date":"2024-12-15T16:22:58","date_gmt":"2024-12-15T16:22:58","guid":{"rendered":"https:\/\/www.otiumhome.fi\/?p=108908"},"modified":"2025-06-06T16:35:16","modified_gmt":"2025-06-06T16:35:16","slug":"sailytysteline-6-kangaskorilla-setripuu-beige","status":"publish","type":"product","link":"https:\/\/www.otiumhome.fi\/index.php\/tuote\/sailytysteline-6-kangaskorilla-setripuu-beige\/","title":{"rendered":"S\u00e4ilytysteline 6 kangaskorilla setripuu beige"},"content":{"rendered":"<p>Setripuisessa s\u00e4ilytystelineess\u00e4 on 6 erillist\u00e4 kangaskoria arjen tavaroille.<\/p>\n<\/p>\n<p>Puinen s\u00e4ilytysteline on kevyt ja helposti siirrelt\u00e4viss\u00e4 paikasta toiseen. S\u00e4ilytyslokerot ovat valmistettu vaaleasta kankaasta, joka luo eleganttia tunnelmaa kotisi sisustukseen.<\/p>\n<\/p>\n<p>S\u00e4ilytysteline on helppo koota.<\/p>\n<ul>\n<li>V\u00e4ri: beige<\/li>\n<li>Materiaali: setripuinen kehys ja kangaskorit<\/li>\n<li>Mitat: 59 x 28 x 75 cm (L x S x K)<\/li>\n<li>Korin mitat: 27,5 x 27,5 x 20 cm (L x S x K)<\/li>\n<li>Kantavuus: 2 kg (kukin kori)<\/li>\n<li>Suurin kantavuus (per kerros): 3,5 kg<\/li>\n<li>Tekstiili: Polypropeeni: 100%<\/li>\n<\/ul>\n","protected":false},"excerpt":{"rendered":"<ul>\n<li>V\u00e4ri: beige<\/li>\n<li>Materiaali: setripuinen kehys ja kangaskorit<\/li>\n<li>Mitat: 59 x 28 x 75 cm (L x S x K)<\/li>\n<li>Korin mitat: 27,5 x 27,5 x 20 cm (L x S x K)<\/li>\n<li>Kantavuus: 2 kg (kukin kori)<\/li>\n<li>Suurin kantavuus (per kerros): 3,5 kg<\/li>\n<li>Tekstiili: Polypropeeni: 100%<\/li>\n<\/ul>\n","protected":false},"featured_media":100000108908,"comment_status":"closed","ping_status":"closed","template":"","meta":[],"product_brand":[],"product_cat":[84,8635],"product_tag":[],"class_list":{"0":"post-108908","1":"product","2":"type-product","3":"status-publish","4":"has-post-thumbnail","6":"product_cat-huonekalut","7":"product_cat-sailytys-lukkokaapit","9":"first","10":"instock","11":"taxable","12":"shipping-taxable","13":"purchasable","14":"product-type-simple"},"_links":{"self":[{"href":"https:\/\/www.otiumhome.fi\/index.php\/wp-json\/wp\/v2\/product\/108908","targetHints":{"allow":["GET"]}}],"collection":[{"href":"https:\/\/www.otiumhome.fi\/index.php\/wp-json\/wp\/v2\/product"}],"about":[{"href":"https:\/\/www.otiumhome.fi\/index.php\/wp-json\/wp\/v2\/types\/product"}],"replies":[{"embeddable":true,"href":"https:\/\/www.otiumhome.fi\/index.php\/wp-json\/wp\/v2\/comments?post=108908"}],"wp:featuredmedia":[{"embeddable":true,"href":"https:\/\/www.otiumhome.fi\/index.php\/wp-json\/"}],"wp:attachment":[{"href":"https:\/\/www.otiumhome.fi\/index.php\/wp-json\/wp\/v2\/media?parent=108908"}],"wp:term":[{"taxonomy":"product_brand","embeddable":true,"href":"https:\/\/www.otiumhome.fi\/index.php\/wp-json\/wp\/v2\/product_brand?post=108908"},{"taxonomy":"product_cat","embeddable":true,"href":"https:\/\/www.otiumhome.fi\/index.php\/wp-json\/wp\/v2\/product_cat?post=108908"},{"taxonomy":"product_tag","embeddable":true,"href":"https:\/\/www.otiumhome.fi\/index.php\/wp-json\/wp\/v2\/product_tag?post=108908"}],"curies":[{"name":"wp","href":"https:\/\/api.w.org\/{rel}","templated":true}]}}