{"id":108905,"date":"2024-12-15T16:22:57","date_gmt":"2024-12-15T16:22:57","guid":{"rendered":"https:\/\/www.otiumhome.fi\/?p=108905"},"modified":"2025-06-06T16:35:16","modified_gmt":"2025-06-06T16:35:16","slug":"pukukaappi-pinkki-35x46x180-cm-teras","status":"publish","type":"product","link":"https:\/\/www.otiumhome.fi\/index.php\/tuote\/pukukaappi-pinkki-35x46x180-cm-teras\/","title":{"rendered":"Pukukaappi pinkki 35x46x180 cm ter\u00e4s"},"content":{"rendered":"<p>T\u00e4m\u00e4 moderni pukukaappi on erinomainen sisustuselementti mihin tahansa asuintilaan tai toimistoon.<\/p>\n<\/p>\n<p>Ter\u00e4ksest\u00e4 valmistettu varastokaappi on kest\u00e4v\u00e4 ja helppo puhdistaa. Pohjassa olevat tasaajat antavat sinun s\u00e4\u00e4t\u00e4\u00e4 korkeuden haluamallesi tasolle. Nelj\u00e4n s\u00e4\u00e4dett\u00e4v\u00e4n hyllyn ja lukkojen ansiosta ter\u00e4skaapissa on riitt\u00e4v\u00e4sti tilaa s\u00e4ilytt\u00e4\u00e4 erilaiset tavarasi, kuten vaatteet, keng\u00e4t, laukut, kirjat, dokumentit, jne.<\/p>\n<ul>\n<li>V\u00e4ri: pinkki<\/li>\n<li>Materiaali: ter\u00e4s<\/li>\n<li>Mitat: 35 x 46 x 180 cm (L x S x K)<\/li>\n<li>4 s\u00e4\u00e4dett\u00e4v\u00e4\u00e4 hylly\u00e4<\/li>\n<li>Tasaajat pohjassa<\/li>\n<li>Lukko kahvan alla<\/li>\n<li>Ilmaventtiilit ovissa<\/li>\n<li>Kantavuus per hylly: 20 kg<\/li>\n<li>Kokonaiskantavuus: 40 kg<\/li>\n<li>Asennus vaaditaan: kyll\u00e4<\/li>\n<li><strong>VAROITUS:<\/strong> kaatumisen est\u00e4miseksi on t\u00e4t\u00e4 tuotetta k\u00e4ytett\u00e4v\u00e4 mukana toimitetun sein\u00e4kiinnityslaitteen kanssa.<\/li>\n<li>Legal Documents:\n<p><span>Lis\u00e4tietoja huonekalujesi kaatumisen est\u00e4misest\u00e4 voit l\u00f6yt\u00e4\u00e4 <span style=\"text-decoration: underline\"><strong><a title=\"https:\/\/bit.ly\/3bVwkQp\" href=\"https:\/\/bit.ly\/3bVwkQp\" target=\"_blank\">t\u00e4\u00e4lt\u00e4<\/a><\/strong><\/span><\/span><\/p>\n<\/li>\n<\/ul>\n","protected":false},"excerpt":{"rendered":"<ul>\n<li>V\u00e4ri: pinkki<\/li>\n<li>Materiaali: ter\u00e4s<\/li>\n<li>Mitat: 35 x 46 x 180 cm (L x S x K)<\/li>\n<li>4 s\u00e4\u00e4dett\u00e4v\u00e4\u00e4 hylly\u00e4<\/li>\n<li>Tasaajat pohjassa<\/li>\n<li>Lukko kahvan alla<\/li>\n<li>Ilmaventtiilit ovissa<\/li>\n<li>Kantavuus per hylly: 20 kg<\/li>\n<li>Kokonaiskantavuus: 40 kg<\/li>\n<li>Asennus vaaditaan: kyll\u00e4<\/li>\n<li><strong>VAROITUS:<\/strong> kaatumisen est\u00e4miseksi on t\u00e4t\u00e4 tuotetta k\u00e4ytett\u00e4v\u00e4 mukana toimitetun sein\u00e4kiinnityslaitteen kanssa.<\/li>\n<li>Legal Documents:\n<p><span>Lis\u00e4tietoja huonekalujesi kaatumisen est\u00e4misest\u00e4 voit l\u00f6yt\u00e4\u00e4 <span style=\"text-decoration: underline\"><strong><a title=\"https:\/\/bit.ly\/3bVwkQp\" href=\"https:\/\/bit.ly\/3bVwkQp\" target=\"_blank\">t\u00e4\u00e4lt\u00e4<\/a><\/strong><\/span><\/span><\/p>\n<\/li>\n<\/ul>\n","protected":false},"featured_media":100000108905,"comment_status":"closed","ping_status":"closed","template":"","meta":[],"product_brand":[],"product_cat":[84,8635],"product_tag":[],"class_list":{"0":"post-108905","1":"product","2":"type-product","3":"status-publish","4":"has-post-thumbnail","6":"product_cat-huonekalut","7":"product_cat-sailytys-lukkokaapit","9":"first","10":"instock","11":"taxable","12":"shipping-taxable","13":"purchasable","14":"product-type-simple"},"_links":{"self":[{"href":"https:\/\/www.otiumhome.fi\/index.php\/wp-json\/wp\/v2\/product\/108905","targetHints":{"allow":["GET"]}}],"collection":[{"href":"https:\/\/www.otiumhome.fi\/index.php\/wp-json\/wp\/v2\/product"}],"about":[{"href":"https:\/\/www.otiumhome.fi\/index.php\/wp-json\/wp\/v2\/types\/product"}],"replies":[{"embeddable":true,"href":"https:\/\/www.otiumhome.fi\/index.php\/wp-json\/wp\/v2\/comments?post=108905"}],"wp:featuredmedia":[{"embeddable":true,"href":"https:\/\/www.otiumhome.fi\/index.php\/wp-json\/"}],"wp:attachment":[{"href":"https:\/\/www.otiumhome.fi\/index.php\/wp-json\/wp\/v2\/media?parent=108905"}],"wp:term":[{"taxonomy":"product_brand","embeddable":true,"href":"https:\/\/www.otiumhome.fi\/index.php\/wp-json\/wp\/v2\/product_brand?post=108905"},{"taxonomy":"product_cat","embeddable":true,"href":"https:\/\/www.otiumhome.fi\/index.php\/wp-json\/wp\/v2\/product_cat?post=108905"},{"taxonomy":"product_tag","embeddable":true,"href":"https:\/\/www.otiumhome.fi\/index.php\/wp-json\/wp\/v2\/product_tag?post=108905"}],"curies":[{"name":"wp","href":"https:\/\/api.w.org\/{rel}","templated":true}]}}