{"id":108888,"date":"2024-12-15T16:22:56","date_gmt":"2024-12-15T16:22:56","guid":{"rendered":"https:\/\/www.otiumhome.fi\/?p=108888"},"modified":"2025-06-06T16:35:16","modified_gmt":"2025-06-06T16:35:16","slug":"pukukaappi-18-lokerolla-metalli-90x40x180-cm","status":"publish","type":"product","link":"https:\/\/www.otiumhome.fi\/index.php\/tuote\/pukukaappi-18-lokerolla-metalli-90x40x180-cm\/","title":{"rendered":"Pukukaappi 18 lokerolla metalli 90x40x180 cm"},"content":{"rendered":"<p>T\u00e4m\u00e4 pukukaappi sopii t\u00e4ydellisesti urheiluseuran tai yrityksen pukuhuoneeseen.<\/p>\n<\/p>\n<p>Kahdeksantoista lukittavan lokeron ansiosta t\u00e4m\u00e4 pukukaappi tarjoaa riitt\u00e4v\u00e4n tilan vaatteille ja muille henkil\u00f6kohtaisille tavaroille. Jokaisessa lokerossa on nimikorttiteline ja ilmarei\u00e4t. T\u00e4m\u00e4 pukukaappi on valmistettu pellist\u00e4, joka tekee siit\u00e4 kest\u00e4v\u00e4n sek\u00e4 helpon puhdistaa. Helppo koota.<\/p>\n<ul>\n<li>V\u00e4ri: harmaa<\/li>\n<li>Materiaali: metalli<\/li>\n<li>Mitat: 90 x 40 x 180 cm (L x S x K)<\/li>\n<li>18 lokeroa, jokaisessa ovessa nimikorttiteline ja ilmarei\u00e4t<\/li>\n<li>Lukittavat ovet (sis\u00e4lt\u00e4\u00e4 2 avainta per ovi)<\/li>\n<li>Kantavuus per hylly: 25 kg<\/li>\n<li>Kokonaiskantavuus: 170 kg<\/li>\n<li>Helppo koota<\/li>\n<li>VAROITUS! Kaatumisen est\u00e4miseksi t\u00e4t\u00e4 tuotetta on k\u00e4ytett\u00e4v\u00e4 mukana toimitetun sein\u00e4kiinnityslaitteen kanssa.<\/li>\n<li>Legal Documents:\n<p><span>Lis\u00e4tietoja huonekalujesi kaatumisen est\u00e4misest\u00e4 voit l\u00f6yt\u00e4\u00e4 <span style=\"text-decoration: underline\"><strong><a title=\"https:\/\/bit.ly\/3bVwkQp\" href=\"https:\/\/bit.ly\/3bVwkQp\" target=\"_blank\">t\u00e4\u00e4lt\u00e4<\/a><\/strong><\/span><\/span><\/p>\n<\/li>\n<\/ul>\n","protected":false},"excerpt":{"rendered":"<ul>\n<li>V\u00e4ri: harmaa<\/li>\n<li>Materiaali: metalli<\/li>\n<li>Mitat: 90 x 40 x 180 cm (L x S x K)<\/li>\n<li>18 lokeroa, jokaisessa ovessa nimikorttiteline ja ilmarei\u00e4t<\/li>\n<li>Lukittavat ovet (sis\u00e4lt\u00e4\u00e4 2 avainta per ovi)<\/li>\n<li>Kantavuus per hylly: 25 kg<\/li>\n<li>Kokonaiskantavuus: 170 kg<\/li>\n<li>Helppo koota<\/li>\n<li>VAROITUS! Kaatumisen est\u00e4miseksi t\u00e4t\u00e4 tuotetta on k\u00e4ytett\u00e4v\u00e4 mukana toimitetun sein\u00e4kiinnityslaitteen kanssa.<\/li>\n<li>Legal Documents:\n<p><span>Lis\u00e4tietoja huonekalujesi kaatumisen est\u00e4misest\u00e4 voit l\u00f6yt\u00e4\u00e4 <span style=\"text-decoration: underline\"><strong><a title=\"https:\/\/bit.ly\/3bVwkQp\" href=\"https:\/\/bit.ly\/3bVwkQp\" target=\"_blank\">t\u00e4\u00e4lt\u00e4<\/a><\/strong><\/span><\/span><\/p>\n<\/li>\n<\/ul>\n","protected":false},"featured_media":100000108888,"comment_status":"closed","ping_status":"closed","template":"","meta":[],"product_brand":[],"product_cat":[84,8635],"product_tag":[],"class_list":{"0":"post-108888","1":"product","2":"type-product","3":"status-publish","4":"has-post-thumbnail","6":"product_cat-huonekalut","7":"product_cat-sailytys-lukkokaapit","9":"first","10":"instock","11":"taxable","12":"shipping-taxable","13":"purchasable","14":"product-type-simple"},"_links":{"self":[{"href":"https:\/\/www.otiumhome.fi\/index.php\/wp-json\/wp\/v2\/product\/108888","targetHints":{"allow":["GET"]}}],"collection":[{"href":"https:\/\/www.otiumhome.fi\/index.php\/wp-json\/wp\/v2\/product"}],"about":[{"href":"https:\/\/www.otiumhome.fi\/index.php\/wp-json\/wp\/v2\/types\/product"}],"replies":[{"embeddable":true,"href":"https:\/\/www.otiumhome.fi\/index.php\/wp-json\/wp\/v2\/comments?post=108888"}],"wp:featuredmedia":[{"embeddable":true,"href":"https:\/\/www.otiumhome.fi\/index.php\/wp-json\/"}],"wp:attachment":[{"href":"https:\/\/www.otiumhome.fi\/index.php\/wp-json\/wp\/v2\/media?parent=108888"}],"wp:term":[{"taxonomy":"product_brand","embeddable":true,"href":"https:\/\/www.otiumhome.fi\/index.php\/wp-json\/wp\/v2\/product_brand?post=108888"},{"taxonomy":"product_cat","embeddable":true,"href":"https:\/\/www.otiumhome.fi\/index.php\/wp-json\/wp\/v2\/product_cat?post=108888"},{"taxonomy":"product_tag","embeddable":true,"href":"https:\/\/www.otiumhome.fi\/index.php\/wp-json\/wp\/v2\/product_tag?post=108888"}],"curies":[{"name":"wp","href":"https:\/\/api.w.org\/{rel}","templated":true}]}}