{"id":108884,"date":"2024-12-15T16:22:55","date_gmt":"2024-12-15T16:22:55","guid":{"rendered":"https:\/\/www.otiumhome.fi\/?p=108884"},"modified":"2025-06-06T16:35:15","modified_gmt":"2025-06-06T16:35:15","slug":"lipasto-kiintea-kuusipuu-91x35x73-cm","status":"publish","type":"product","link":"https:\/\/www.otiumhome.fi\/index.php\/tuote\/lipasto-kiintea-kuusipuu-91x35x73-cm\/","title":{"rendered":"Lipasto kiinte\u00e4 kuusipuu 91x35x73 cm"},"content":{"rendered":"<p>T\u00e4m\u00e4 retrotyylinen puinen lipasto huokuu rustiikkista vieh\u00e4tysvoimaa luoden koristeellisen lis\u00e4n makuu- tai olohuoneesi sisustukseen.<\/p>\n<\/p>\n<p>T\u00e4m\u00e4 eritt\u00e4in vakaa ja kest\u00e4v\u00e4 kaappi on valmistettu kiinte\u00e4st\u00e4 kuusipuusta. Vakaalle p\u00f6yt\u00e4tasolle voi asettaa koriste-esineit\u00e4 kuten maljakoita tai hedelm\u00e4koreja. Vetolaatikoissa on runsaasti tilaa asettaa monenlaiset pikkutavarat siististi j\u00e4rjestykseen. Erityinen matkalaukun n\u00e4k\u00f6inen muotoilu korostaa senkin vintagetyyli\u00e4. Se on helppo koota.<\/p>\n<ul>\n<li>Materiaali: kuusipuu + MDF + ter\u00e4s<\/li>\n<li>Mitat: 91 x 35 x 73 cm (L x S x K)<\/li>\n<li>6 laatikkoa<\/li>\n<li>Helppo koota<\/li>\n<li>Enimm\u00e4iskantavuus (yhteens\u00e4): 75 kg<\/li>\n<li>Enimm\u00e4iskantavuus per laatikko: 2,5 kg<\/li>\n<li>VAROITUS! Kaatumisen est\u00e4miseksi t\u00e4t\u00e4 tuotetta on k\u00e4ytett\u00e4v\u00e4 mukana toimitetun sein\u00e4kiinnityslaitteen kanssa.<\/li>\n<li>Legal Documents:\n<p><span>Lis\u00e4tietoja huonekalujesi kaatumisen est\u00e4misest\u00e4 voit l\u00f6yt\u00e4\u00e4 <span style=\"text-decoration: underline\"><strong><a title=\"https:\/\/bit.ly\/3bVwkQp\" href=\"https:\/\/bit.ly\/3bVwkQp\" target=\"_blank\">t\u00e4\u00e4lt\u00e4<\/a><\/strong><\/span><\/span><\/p>\n<\/li>\n<\/ul>\n","protected":false},"excerpt":{"rendered":"<ul>\n<li>Materiaali: kuusipuu + MDF + ter\u00e4s<\/li>\n<li>Mitat: 91 x 35 x 73 cm (L x S x K)<\/li>\n<li>6 laatikkoa<\/li>\n<li>Helppo koota<\/li>\n<li>Enimm\u00e4iskantavuus (yhteens\u00e4): 75 kg<\/li>\n<li>Enimm\u00e4iskantavuus per laatikko: 2,5 kg<\/li>\n<li>VAROITUS! Kaatumisen est\u00e4miseksi t\u00e4t\u00e4 tuotetta on k\u00e4ytett\u00e4v\u00e4 mukana toimitetun sein\u00e4kiinnityslaitteen kanssa.<\/li>\n<li>Legal Documents:\n<p><span>Lis\u00e4tietoja huonekalujesi kaatumisen est\u00e4misest\u00e4 voit l\u00f6yt\u00e4\u00e4 <span style=\"text-decoration: underline\"><strong><a title=\"https:\/\/bit.ly\/3bVwkQp\" href=\"https:\/\/bit.ly\/3bVwkQp\" target=\"_blank\">t\u00e4\u00e4lt\u00e4<\/a><\/strong><\/span><\/span><\/p>\n<\/li>\n<\/ul>\n","protected":false},"featured_media":100000108884,"comment_status":"closed","ping_status":"closed","template":"","meta":[],"product_brand":[],"product_cat":[84,8635],"product_tag":[],"class_list":{"0":"post-108884","1":"product","2":"type-product","3":"status-publish","4":"has-post-thumbnail","6":"product_cat-huonekalut","7":"product_cat-sailytys-lukkokaapit","9":"first","10":"instock","11":"taxable","12":"shipping-taxable","13":"purchasable","14":"product-type-simple"},"_links":{"self":[{"href":"https:\/\/www.otiumhome.fi\/index.php\/wp-json\/wp\/v2\/product\/108884","targetHints":{"allow":["GET"]}}],"collection":[{"href":"https:\/\/www.otiumhome.fi\/index.php\/wp-json\/wp\/v2\/product"}],"about":[{"href":"https:\/\/www.otiumhome.fi\/index.php\/wp-json\/wp\/v2\/types\/product"}],"replies":[{"embeddable":true,"href":"https:\/\/www.otiumhome.fi\/index.php\/wp-json\/wp\/v2\/comments?post=108884"}],"wp:featuredmedia":[{"embeddable":true,"href":"https:\/\/www.otiumhome.fi\/index.php\/wp-json\/"}],"wp:attachment":[{"href":"https:\/\/www.otiumhome.fi\/index.php\/wp-json\/wp\/v2\/media?parent=108884"}],"wp:term":[{"taxonomy":"product_brand","embeddable":true,"href":"https:\/\/www.otiumhome.fi\/index.php\/wp-json\/wp\/v2\/product_brand?post=108884"},{"taxonomy":"product_cat","embeddable":true,"href":"https:\/\/www.otiumhome.fi\/index.php\/wp-json\/wp\/v2\/product_cat?post=108884"},{"taxonomy":"product_tag","embeddable":true,"href":"https:\/\/www.otiumhome.fi\/index.php\/wp-json\/wp\/v2\/product_tag?post=108884"}],"curies":[{"name":"wp","href":"https:\/\/api.w.org\/{rel}","templated":true}]}}