{"id":108860,"date":"2024-12-15T16:22:53","date_gmt":"2024-12-15T16:22:53","guid":{"rendered":"https:\/\/www.otiumhome.fi\/?p=108860"},"modified":"2025-06-06T16:34:43","modified_gmt":"2025-06-06T16:34:43","slug":"sailytyskaappi-5-korilla-vesihyasintti-255x37x100-cm","status":"publish","type":"product","link":"https:\/\/www.otiumhome.fi\/index.php\/tuote\/sailytyskaappi-5-korilla-vesihyasintti-255x37x100-cm\/","title":{"rendered":"S\u00e4ilytyskaappi 5 korilla vesihyasintti 25,5x37x100 cm"},"content":{"rendered":"<p>T\u00e4m\u00e4 k\u00e4yt\u00e4nn\u00f6llinen lipasto on t\u00e4ydellinen s\u00e4ilytysratkaisu, joka ei vie liikaa tilaa.<\/p>\n<\/p>\n<p>Siin\u00e4 on 5 vetolaatikkoa, joissa on runsaasti tilaa kaikenlaisille esineille. S\u00e4ilytyskaappi on valmistettu metallisesta rungosta ja vesihyasintista, mik\u00e4 tekee siit\u00e4 vakaan ja kest\u00e4v\u00e4n. Hurmaava punontatyyli korostaa kaapin rustiikkista vieh\u00e4tysvoimaa.<\/p>\n<ul>\n<li>V\u00e4ri: ruskea<\/li>\n<li>Materiaali: vesihyasintti + metallirunko<\/li>\n<li>Kokonaismitat: 25,5 x 37 x 100 cm (L x S x K)<\/li>\n<li>Korin mitat: 21,5 x 35 x 18 cm (L x S x K)<\/li>\n<li>5 koria<\/li>\n<\/ul>\n","protected":false},"excerpt":{"rendered":"<ul>\n<li>V\u00e4ri: ruskea<\/li>\n<li>Materiaali: vesihyasintti + metallirunko<\/li>\n<li>Kokonaismitat: 25,5 x 37 x 100 cm (L x S x K)<\/li>\n<li>Korin mitat: 21,5 x 35 x 18 cm (L x S x K)<\/li>\n<li>5 koria<\/li>\n<\/ul>\n","protected":false},"featured_media":100000108860,"comment_status":"closed","ping_status":"closed","template":"","meta":[],"product_brand":[],"product_cat":[84,8635],"product_tag":[],"class_list":{"0":"post-108860","1":"product","2":"type-product","3":"status-publish","4":"has-post-thumbnail","6":"product_cat-huonekalut","7":"product_cat-sailytys-lukkokaapit","9":"first","10":"instock","11":"taxable","12":"shipping-taxable","13":"purchasable","14":"product-type-simple"},"_links":{"self":[{"href":"https:\/\/www.otiumhome.fi\/index.php\/wp-json\/wp\/v2\/product\/108860","targetHints":{"allow":["GET"]}}],"collection":[{"href":"https:\/\/www.otiumhome.fi\/index.php\/wp-json\/wp\/v2\/product"}],"about":[{"href":"https:\/\/www.otiumhome.fi\/index.php\/wp-json\/wp\/v2\/types\/product"}],"replies":[{"embeddable":true,"href":"https:\/\/www.otiumhome.fi\/index.php\/wp-json\/wp\/v2\/comments?post=108860"}],"wp:featuredmedia":[{"embeddable":true,"href":"https:\/\/www.otiumhome.fi\/index.php\/wp-json\/"}],"wp:attachment":[{"href":"https:\/\/www.otiumhome.fi\/index.php\/wp-json\/wp\/v2\/media?parent=108860"}],"wp:term":[{"taxonomy":"product_brand","embeddable":true,"href":"https:\/\/www.otiumhome.fi\/index.php\/wp-json\/wp\/v2\/product_brand?post=108860"},{"taxonomy":"product_cat","embeddable":true,"href":"https:\/\/www.otiumhome.fi\/index.php\/wp-json\/wp\/v2\/product_cat?post=108860"},{"taxonomy":"product_tag","embeddable":true,"href":"https:\/\/www.otiumhome.fi\/index.php\/wp-json\/wp\/v2\/product_tag?post=108860"}],"curies":[{"name":"wp","href":"https:\/\/api.w.org\/{rel}","templated":true}]}}