{"id":108824,"date":"2024-12-15T16:22:50","date_gmt":"2024-12-15T16:22:50","guid":{"rendered":"https:\/\/www.otiumhome.fi\/?p=108824"},"modified":"2025-06-06T16:34:42","modified_gmt":"2025-06-06T16:34:42","slug":"toimistolaatikosto-rullapyorilla-5-laatikkoa-tammi","status":"publish","type":"product","link":"https:\/\/www.otiumhome.fi\/index.php\/tuote\/toimistolaatikosto-rullapyorilla-5-laatikkoa-tammi\/","title":{"rendered":"Toimistolaatikosto rullapy\u00f6rill\u00e4 5 laatikkoa tammi"},"content":{"rendered":"<p>Meid\u00e4n moderni laatikosto on loistava varastoratkaisu toimistoosi.<\/p>\n<\/p>\n<p>T\u00e4m\u00e4 toimiston laatikosto on valmistettu laadukkaista materiaaleista, se on vakaa ja kest\u00e4v\u00e4. Alumiiniset laatikon vetimet lis\u00e4\u00e4v\u00e4t siihen tyyli\u00e4. Siin\u00e4 on laatikkoa, jotka tarjoavat riitt\u00e4v\u00e4sti tilaa dokumenteille, vihoille, kynille, paperiliittimille, avaimille ja muille toimistotarvikkeille. Sen 4:n rullapy\u00f6r\u00e4n ansiosta, laatikosto on helppo siirt\u00e4\u00e4 sille sopivaan paikkaan.<\/p>\n<\/p>\n<p>T\u00e4m\u00e4 py\u00f6rill\u00e4 varustettu laatikosto sopii my\u00f6s yhteen tietokonep\u00f6yd\u00e4n kanssa, se on my\u00f6s loistava huonekalu lapsesi huoneeseen.<\/p>\n<ul>\n<li>V\u00e4ri: tammi<\/li>\n<li>Materiaali: Tekninen puu + MDF<\/li>\n<li>Mitat: 33 x 38 x 63 cm (L x S x K)<\/li>\n<li>Alumiiniset laatikon kahvat<\/li>\n<li>4 py\u00f6r\u00e4\u00e4, 2:ssa niist\u00e4 jarrut<\/li>\n<\/ul>\n","protected":false},"excerpt":{"rendered":"<ul>\n<li>V\u00e4ri: tammi<\/li>\n<li>Materiaali: Tekninen puu + MDF<\/li>\n<li>Mitat: 33 x 38 x 63 cm (L x S x K)<\/li>\n<li>Alumiiniset laatikon kahvat<\/li>\n<li>4 py\u00f6r\u00e4\u00e4, 2:ssa niist\u00e4 jarrut<\/li>\n<\/ul>\n","protected":false},"featured_media":100000108824,"comment_status":"closed","ping_status":"closed","template":"","meta":[],"product_brand":[],"product_cat":[84,8635],"product_tag":[],"class_list":{"0":"post-108824","1":"product","2":"type-product","3":"status-publish","4":"has-post-thumbnail","6":"product_cat-huonekalut","7":"product_cat-sailytys-lukkokaapit","9":"first","10":"instock","11":"taxable","12":"shipping-taxable","13":"purchasable","14":"product-type-simple"},"_links":{"self":[{"href":"https:\/\/www.otiumhome.fi\/index.php\/wp-json\/wp\/v2\/product\/108824","targetHints":{"allow":["GET"]}}],"collection":[{"href":"https:\/\/www.otiumhome.fi\/index.php\/wp-json\/wp\/v2\/product"}],"about":[{"href":"https:\/\/www.otiumhome.fi\/index.php\/wp-json\/wp\/v2\/types\/product"}],"replies":[{"embeddable":true,"href":"https:\/\/www.otiumhome.fi\/index.php\/wp-json\/wp\/v2\/comments?post=108824"}],"wp:featuredmedia":[{"embeddable":true,"href":"https:\/\/www.otiumhome.fi\/index.php\/wp-json\/"}],"wp:attachment":[{"href":"https:\/\/www.otiumhome.fi\/index.php\/wp-json\/wp\/v2\/media?parent=108824"}],"wp:term":[{"taxonomy":"product_brand","embeddable":true,"href":"https:\/\/www.otiumhome.fi\/index.php\/wp-json\/wp\/v2\/product_brand?post=108824"},{"taxonomy":"product_cat","embeddable":true,"href":"https:\/\/www.otiumhome.fi\/index.php\/wp-json\/wp\/v2\/product_cat?post=108824"},{"taxonomy":"product_tag","embeddable":true,"href":"https:\/\/www.otiumhome.fi\/index.php\/wp-json\/wp\/v2\/product_tag?post=108824"}],"curies":[{"name":"wp","href":"https:\/\/api.w.org\/{rel}","templated":true}]}}