{"id":108816,"date":"2024-12-15T16:22:49","date_gmt":"2024-12-15T16:22:49","guid":{"rendered":"https:\/\/www.otiumhome.fi\/?p=108816"},"modified":"2025-06-06T16:34:41","modified_gmt":"2025-06-06T16:34:41","slug":"ranskalaistyylinen-sailytyskaappi-5-vetolaatikolla-puu","status":"publish","type":"product","link":"https:\/\/www.otiumhome.fi\/index.php\/tuote\/ranskalaistyylinen-sailytyskaappi-5-vetolaatikolla-puu\/","title":{"rendered":"Ranskalaistyylinen s\u00e4ilytyskaappi 5 vetolaatikolla puu"},"content":{"rendered":"<p>Lis\u00e4\u00e4 rustiikkista vieh\u00e4tysvoimaa kotiisi t\u00e4ll\u00e4 klassisella puisella s\u00e4ilytyskaapilla, joka huokuu ranskalaista maalaistyyli\u00e4!<\/p>\n<\/p>\n<p>T\u00e4ss\u00e4 s\u00e4ilytyskaapissa on 5 sulavasti kulkevaa laatikkoa, jotka tarjoavat riitt\u00e4v\u00e4n tilan henkil\u00f6kohtaisille tavaroille ja pit\u00e4\u00e4 huoneesi siistin\u00e4. Laatikoissa on perinteinen maalaistyylinen kuviointi, joka korostaa kaapin maalaischarmia. Laatikot voidaan vaihtaa. Voit laittaa sen p\u00e4\u00e4lle esineit\u00e4, kuten valokuvia, kirjoja ja ruukkukasveja. Kaappi on valmistettu korkealaatuisista materiaaleista, joten se on kest\u00e4v\u00e4 ja helppo puhdistaa.<\/p>\n<ul>\n<li>Materiaali: keisaripuu + vaneri<\/li>\n<li>Kokonaismitat: 38 x 28 x 86,5 cm (L x S x K)<\/li>\n<li>Vetolaatikon mitat: 28,5 x 23,5 x 12,5 cm (L x S x K)<\/li>\n<li>5 eriv\u00e4rist\u00e4 laatikkoa<\/li>\n<li>Ranskalaisen maalaistalon tyyli<\/li>\n<li>Sit\u00e4 voidaan k\u00e4ytt\u00e4\u00e4 my\u00f6s lipastona, eteiskaappina, sivup\u00f6yt\u00e4n\u00e4 jne.<\/li>\n<li>Maksimikantavuus (yhteens\u00e4): 50 kg<\/li>\n<li>Enimm\u00e4iskantavuus per laatikko: 2,5 kg<\/li>\n<li>VAROITUS! Kaatumisen est\u00e4miseksi t\u00e4t\u00e4 tuotetta on k\u00e4ytett\u00e4v\u00e4 mukana toimitetun sein\u00e4kiinnityslaitteen kanssa.<\/li>\n<li>Legal Documents:\n<p><span>Lis\u00e4tietoja huonekalujesi kaatumisen est\u00e4misest\u00e4 voit l\u00f6yt\u00e4\u00e4 <span style=\"text-decoration: underline\"><strong><a title=\"https:\/\/bit.ly\/3bVwkQp\" href=\"https:\/\/bit.ly\/3bVwkQp\" target=\"_blank\">t\u00e4\u00e4lt\u00e4<\/a><\/strong><\/span><\/span><\/p>\n<\/li>\n<\/ul>\n","protected":false},"excerpt":{"rendered":"<ul>\n<li>Materiaali: keisaripuu + vaneri<\/li>\n<li>Kokonaismitat: 38 x 28 x 86,5 cm (L x S x K)<\/li>\n<li>Vetolaatikon mitat: 28,5 x 23,5 x 12,5 cm (L x S x K)<\/li>\n<li>5 eriv\u00e4rist\u00e4 laatikkoa<\/li>\n<li>Ranskalaisen maalaistalon tyyli<\/li>\n<li>Sit\u00e4 voidaan k\u00e4ytt\u00e4\u00e4 my\u00f6s lipastona, eteiskaappina, sivup\u00f6yt\u00e4n\u00e4 jne.<\/li>\n<li>Maksimikantavuus (yhteens\u00e4): 50 kg<\/li>\n<li>Enimm\u00e4iskantavuus per laatikko: 2,5 kg<\/li>\n<li>VAROITUS! Kaatumisen est\u00e4miseksi t\u00e4t\u00e4 tuotetta on k\u00e4ytett\u00e4v\u00e4 mukana toimitetun sein\u00e4kiinnityslaitteen kanssa.<\/li>\n<li>Legal Documents:\n<p><span>Lis\u00e4tietoja huonekalujesi kaatumisen est\u00e4misest\u00e4 voit l\u00f6yt\u00e4\u00e4 <span style=\"text-decoration: underline\"><strong><a title=\"https:\/\/bit.ly\/3bVwkQp\" href=\"https:\/\/bit.ly\/3bVwkQp\" target=\"_blank\">t\u00e4\u00e4lt\u00e4<\/a><\/strong><\/span><\/span><\/p>\n<\/li>\n<\/ul>\n","protected":false},"featured_media":100000108816,"comment_status":"closed","ping_status":"closed","template":"","meta":[],"product_brand":[],"product_cat":[84,8635],"product_tag":[],"class_list":{"0":"post-108816","1":"product","2":"type-product","3":"status-publish","4":"has-post-thumbnail","6":"product_cat-huonekalut","7":"product_cat-sailytys-lukkokaapit","9":"first","10":"instock","11":"taxable","12":"shipping-taxable","13":"purchasable","14":"product-type-simple"},"_links":{"self":[{"href":"https:\/\/www.otiumhome.fi\/index.php\/wp-json\/wp\/v2\/product\/108816","targetHints":{"allow":["GET"]}}],"collection":[{"href":"https:\/\/www.otiumhome.fi\/index.php\/wp-json\/wp\/v2\/product"}],"about":[{"href":"https:\/\/www.otiumhome.fi\/index.php\/wp-json\/wp\/v2\/types\/product"}],"replies":[{"embeddable":true,"href":"https:\/\/www.otiumhome.fi\/index.php\/wp-json\/wp\/v2\/comments?post=108816"}],"wp:featuredmedia":[{"embeddable":true,"href":"https:\/\/www.otiumhome.fi\/index.php\/wp-json\/"}],"wp:attachment":[{"href":"https:\/\/www.otiumhome.fi\/index.php\/wp-json\/wp\/v2\/media?parent=108816"}],"wp:term":[{"taxonomy":"product_brand","embeddable":true,"href":"https:\/\/www.otiumhome.fi\/index.php\/wp-json\/wp\/v2\/product_brand?post=108816"},{"taxonomy":"product_cat","embeddable":true,"href":"https:\/\/www.otiumhome.fi\/index.php\/wp-json\/wp\/v2\/product_cat?post=108816"},{"taxonomy":"product_tag","embeddable":true,"href":"https:\/\/www.otiumhome.fi\/index.php\/wp-json\/wp\/v2\/product_tag?post=108816"}],"curies":[{"name":"wp","href":"https:\/\/api.w.org\/{rel}","templated":true}]}}