{"id":108781,"date":"2024-12-15T16:22:46","date_gmt":"2024-12-15T16:22:46","guid":{"rendered":"https:\/\/www.otiumhome.fi\/?p=108781"},"modified":"2025-06-06T16:34:40","modified_gmt":"2025-06-06T16:34:40","slug":"varastokaappi-valkoinen-80x35x1015-cm-teras","status":"publish","type":"product","link":"https:\/\/www.otiumhome.fi\/index.php\/tuote\/varastokaappi-valkoinen-80x35x1015-cm-teras\/","title":{"rendered":"Varastokaappi valkoinen 80x35x101,5 cm ter\u00e4s"},"content":{"rendered":"<p>T\u00e4m\u00e4 k\u00e4yt\u00e4nn\u00f6llinen s\u00e4ilytyskaappi on todellinen katseiden vangitsija kotisi sisustuksessa.<\/p>\n<\/p>\n<p>Ter\u00e4srakenteinen sivukaappi on tukeva ja pitk\u00e4ik\u00e4inen. Sen pohjassa olevien tasaajien ansiosta voit s\u00e4\u00e4t\u00e4\u00e4 korkeuden tarpeidesi mukaan. Sivukaapissa on kaksi ovea, joiden sis\u00e4ll\u00e4 on s\u00e4\u00e4dett\u00e4v\u00e4t hyllyt, joten siin\u00e4 on reilusti tilaa s\u00e4ilytt\u00e4m\u00e4\u00e4n kirjat, lehdet ja muut henkil\u00f6kohtaiset tavarat.<\/p>\n<ul>\n<li>V\u00e4ri: valkoinen<\/li>\n<li>Materiaali: ter\u00e4s<\/li>\n<li>Mitat: 80 x 35 x 101,5 cm (P x L x K)<\/li>\n<li>Jalkojen korkeus: 15 cm<\/li>\n<li>Hyllyjen m\u00e4\u00e4r\u00e4: 2 (s\u00e4\u00e4dett\u00e4v\u00e4t)<\/li>\n<li>Kantavuus per hylly: 30 kg<\/li>\n<li>Kokonaiskantavuus: 90 kg<\/li>\n<li>Tasaajat pohjassa<\/li>\n<li>Asennus vaaditaan: kyll\u00e4<\/li>\n<li><strong>VAROITUS<\/strong>: Kaatumisen est\u00e4miseksi t\u00e4t\u00e4 tuotetta on k\u00e4ytett\u00e4v\u00e4 mukana toimitettavan sein\u00e4kiinnityslaitteen kanssa.<\/li>\n<li>Legal Documents:\n<p><span>Lis\u00e4tietoja huonekalujesi kaatumisen est\u00e4misest\u00e4 voit l\u00f6yt\u00e4\u00e4 <span style=\"text-decoration: underline\"><strong><a title=\"https:\/\/bit.ly\/3bVwkQp\" href=\"https:\/\/bit.ly\/3bVwkQp\" target=\"_blank\">t\u00e4\u00e4lt\u00e4<\/a><\/strong><\/span><\/span><\/p>\n<\/li>\n<\/ul>\n","protected":false},"excerpt":{"rendered":"<ul>\n<li>V\u00e4ri: valkoinen<\/li>\n<li>Materiaali: ter\u00e4s<\/li>\n<li>Mitat: 80 x 35 x 101,5 cm (P x L x K)<\/li>\n<li>Jalkojen korkeus: 15 cm<\/li>\n<li>Hyllyjen m\u00e4\u00e4r\u00e4: 2 (s\u00e4\u00e4dett\u00e4v\u00e4t)<\/li>\n<li>Kantavuus per hylly: 30 kg<\/li>\n<li>Kokonaiskantavuus: 90 kg<\/li>\n<li>Tasaajat pohjassa<\/li>\n<li>Asennus vaaditaan: kyll\u00e4<\/li>\n<li><strong>VAROITUS<\/strong>: Kaatumisen est\u00e4miseksi t\u00e4t\u00e4 tuotetta on k\u00e4ytett\u00e4v\u00e4 mukana toimitettavan sein\u00e4kiinnityslaitteen kanssa.<\/li>\n<li>Legal Documents:\n<p><span>Lis\u00e4tietoja huonekalujesi kaatumisen est\u00e4misest\u00e4 voit l\u00f6yt\u00e4\u00e4 <span style=\"text-decoration: underline\"><strong><a title=\"https:\/\/bit.ly\/3bVwkQp\" href=\"https:\/\/bit.ly\/3bVwkQp\" target=\"_blank\">t\u00e4\u00e4lt\u00e4<\/a><\/strong><\/span><\/span><\/p>\n<\/li>\n<\/ul>\n","protected":false},"featured_media":100000108781,"comment_status":"closed","ping_status":"closed","template":"","meta":[],"product_brand":[],"product_cat":[84,8635],"product_tag":[],"class_list":{"0":"post-108781","1":"product","2":"type-product","3":"status-publish","4":"has-post-thumbnail","6":"product_cat-huonekalut","7":"product_cat-sailytys-lukkokaapit","9":"first","10":"instock","11":"taxable","12":"shipping-taxable","13":"purchasable","14":"product-type-simple"},"_links":{"self":[{"href":"https:\/\/www.otiumhome.fi\/index.php\/wp-json\/wp\/v2\/product\/108781","targetHints":{"allow":["GET"]}}],"collection":[{"href":"https:\/\/www.otiumhome.fi\/index.php\/wp-json\/wp\/v2\/product"}],"about":[{"href":"https:\/\/www.otiumhome.fi\/index.php\/wp-json\/wp\/v2\/types\/product"}],"replies":[{"embeddable":true,"href":"https:\/\/www.otiumhome.fi\/index.php\/wp-json\/wp\/v2\/comments?post=108781"}],"wp:featuredmedia":[{"embeddable":true,"href":"https:\/\/www.otiumhome.fi\/index.php\/wp-json\/"}],"wp:attachment":[{"href":"https:\/\/www.otiumhome.fi\/index.php\/wp-json\/wp\/v2\/media?parent=108781"}],"wp:term":[{"taxonomy":"product_brand","embeddable":true,"href":"https:\/\/www.otiumhome.fi\/index.php\/wp-json\/wp\/v2\/product_brand?post=108781"},{"taxonomy":"product_cat","embeddable":true,"href":"https:\/\/www.otiumhome.fi\/index.php\/wp-json\/wp\/v2\/product_cat?post=108781"},{"taxonomy":"product_tag","embeddable":true,"href":"https:\/\/www.otiumhome.fi\/index.php\/wp-json\/wp\/v2\/product_tag?post=108781"}],"curies":[{"name":"wp","href":"https:\/\/api.w.org\/{rel}","templated":true}]}}