{"id":108747,"date":"2024-12-15T16:22:42","date_gmt":"2024-12-15T16:22:42","guid":{"rendered":"https:\/\/www.otiumhome.fi\/?p=108747"},"modified":"2025-06-06T16:03:24","modified_gmt":"2025-06-06T16:03:24","slug":"seinakiinnitettava-kylpyhuoneen-kaappi-savutammi-32x20x67-cm","status":"publish","type":"product","link":"https:\/\/www.otiumhome.fi\/index.php\/tuote\/seinakiinnitettava-kylpyhuoneen-kaappi-savutammi-32x20x67-cm\/","title":{"rendered":"Sein\u00e4kiinnitett\u00e4v\u00e4 kylpyhuoneen kaappi savutammi 32x20x67 cm"},"content":{"rendered":"<p>T\u00e4m\u00e4 klassinen sein\u00e4kiinnitett\u00e4v\u00e4 kylpyhuoneen kaappi on t\u00e4ydellinen lis\u00e4 kylpyhuoneeseesi, antaen sille siistin ja katseet vangitsevan ulkon\u00e4\u00f6n!<\/p>\n<\/p>\n<ul>\n<li>Tukeva materiaali: Tekninen puu on poikkeuksellisen laadukasta ja sile\u00e4pintaista. Se on my\u00f6s luja, vakaa ja kosteudelle vastustuskykyinen.<\/li>\n<li>Runsaasti s\u00e4ilytystilaa: Kylpyhuoneen kaappi sis\u00e4lt\u00e4\u00e4 yhden oven, tarjoten reilusti s\u00e4ilytystilaa t\u00e4rkeiden tavaroidesi s\u00e4ilytt\u00e4miseen.<\/li>\n<li>Sein\u00e4lle asennettava toiminto: WC-kaappi ei vie lainkaan lattiatilaa. Voit kiinnitt\u00e4\u00e4 sen sein\u00e4lle helposti.<\/li>\n<li>Tyylik\u00e4s muotoilu: Puhtaat linjat ja tyylik\u00e4s muotoilu saavat t\u00e4m\u00e4n kylpyhuoneen s\u00e4ilytyskaapin sulautumaan t\u00e4ydellisesti kylpyhuoneeseesi.<\/li>\n<\/ul>\n<p>Huomioi:<\/p>\n<ul>\n<li>Sein\u00e4\u00e4n kiinnitett\u00e4v\u00e4t ruuvit ja tulpat eiv\u00e4t sis\u00e4lly toimitukseen. Etsi ja k\u00e4yt\u00e4 sein\u00e4\u00e4si sopivia ruuveja ja tulppia. Jos olet ep\u00e4varma, kysy ammattilaisen neuvoa. Lue ja seuraa asennusohjeiden jokaista vaihetta huolella.<\/li>\n<li>Jokaisen tuotteen mukana on laatikossa kokoonpano-ohje helppoa asennusta varten.<\/li>\n<\/ul>\n<ul>\n<li>V\u00e4ri: savutammi<\/li>\n<li>Materiaali: tekninen puu<\/li>\n<li>Mitat: 32 x 20 x 67 cm (P x L x K)<\/li>\n<li>Maksimikantavuus (yhteens\u00e4): 60 kg<\/li>\n<\/ul>\n","protected":false},"excerpt":{"rendered":"<ul>\n<li>V\u00e4ri: savutammi<\/li>\n<li>Materiaali: tekninen puu<\/li>\n<li>Mitat: 32 x 20 x 67 cm (P x L x K)<\/li>\n<li>Maksimikantavuus (yhteens\u00e4): 60 kg<\/li>\n<\/ul>\n","protected":false},"featured_media":100000108747,"comment_status":"closed","ping_status":"closed","template":"","meta":[],"product_brand":[],"product_cat":[84,8561,8562],"product_tag":[],"class_list":{"0":"post-108747","1":"product","2":"type-product","3":"status-publish","4":"has-post-thumbnail","6":"product_cat-huonekalut","7":"product_cat-kampauspoydat","8":"product_cat-kylpyhuoneen-kampauspoydat","10":"first","11":"instock","12":"taxable","13":"shipping-taxable","14":"purchasable","15":"product-type-simple"},"_links":{"self":[{"href":"https:\/\/www.otiumhome.fi\/index.php\/wp-json\/wp\/v2\/product\/108747","targetHints":{"allow":["GET"]}}],"collection":[{"href":"https:\/\/www.otiumhome.fi\/index.php\/wp-json\/wp\/v2\/product"}],"about":[{"href":"https:\/\/www.otiumhome.fi\/index.php\/wp-json\/wp\/v2\/types\/product"}],"replies":[{"embeddable":true,"href":"https:\/\/www.otiumhome.fi\/index.php\/wp-json\/wp\/v2\/comments?post=108747"}],"wp:featuredmedia":[{"embeddable":true,"href":"https:\/\/www.otiumhome.fi\/index.php\/wp-json\/"}],"wp:attachment":[{"href":"https:\/\/www.otiumhome.fi\/index.php\/wp-json\/wp\/v2\/media?parent=108747"}],"wp:term":[{"taxonomy":"product_brand","embeddable":true,"href":"https:\/\/www.otiumhome.fi\/index.php\/wp-json\/wp\/v2\/product_brand?post=108747"},{"taxonomy":"product_cat","embeddable":true,"href":"https:\/\/www.otiumhome.fi\/index.php\/wp-json\/wp\/v2\/product_cat?post=108747"},{"taxonomy":"product_tag","embeddable":true,"href":"https:\/\/www.otiumhome.fi\/index.php\/wp-json\/wp\/v2\/product_tag?post=108747"}],"curies":[{"name":"wp","href":"https:\/\/api.w.org\/{rel}","templated":true}]}}