{"id":108700,"date":"2024-12-15T16:17:35","date_gmt":"2024-12-15T16:17:35","guid":{"rendered":"https:\/\/www.otiumhome.fi\/?p=108700"},"modified":"2025-06-06T16:36:39","modified_gmt":"2025-06-06T16:36:39","slug":"lipasto-pinkki-80x35x1015-cm-teras","status":"publish","type":"product","link":"https:\/\/www.otiumhome.fi\/index.php\/tuote\/lipasto-pinkki-80x35x1015-cm-teras\/","title":{"rendered":"Lipasto pinkki 80x35x101,5 cm ter\u00e4s"},"content":{"rendered":"<p>T\u00e4m\u00e4 lipasto pit\u00e4\u00e4 kotisi siistin\u00e4 ja hyv\u00e4ss\u00e4 j\u00e4rjestyksess\u00e4!<\/p>\n<\/p>\n<p>T\u00e4m\u00e4 varastokaappi on valmistettu ter\u00e4ksest\u00e4, joten se on tukeva ja vakaa. Kaapissa on kuusi laatikkoa, joten siin\u00e4 on reilusti tilaa DVD-levyille, multimedialaitteille, kirjoille ja pikkutavaroille niiden j\u00e4rjestyksess\u00e4 ja k\u00e4den ulottuvilla pit\u00e4miseen. Kolmeosaisilla kuulalaakerikiskoilla varustetut laatikot takaavat sulavan avaamisen sek\u00e4 sulkemisen, jopa kovan kuorman alla n\u00e4m\u00e4 laatikot voidaan avata kokonaan. Se on helppo puhdistaa kostealla liinalla.<\/p>\n<ul>\n<li>V\u00e4ri: pinkki<\/li>\n<li>Materiaali: ter\u00e4s<\/li>\n<li>Mitat: 80 x 35 x 101,5 cm (L x S x K)<\/li>\n<li>6 vetolaatikkoa ja 3-osaiset kuulalaakerikiskot<\/li>\n<li>Laatikot voidaan avata kokonaan<\/li>\n<li>Tasaajat pohjassa<\/li>\n<li>Kantavuus laatikkoa kohden: 20 kg<\/li>\n<li>Kokonaiskantavuus: 120 kg<\/li>\n<li>Asennus vaaditaan: kyll\u00e4<\/li>\n<li><strong>VAROITUS:<\/strong> Kaatumisen est\u00e4miseksi t\u00e4t\u00e4 tuotetta on k\u00e4ytett\u00e4v\u00e4 mukana toimitetun sein\u00e4kiinnityslaitteen kanssa<\/li>\n<li>Legal Documents:\n<p><span>Lis\u00e4tietoja huonekalujesi kaatumisen est\u00e4misest\u00e4 voit l\u00f6yt\u00e4\u00e4 <span style=\"text-decoration: underline\"><strong><a title=\"https:\/\/bit.ly\/3bVwkQp\" href=\"https:\/\/bit.ly\/3bVwkQp\" target=\"_blank\">t\u00e4\u00e4lt\u00e4<\/a><\/strong><\/span><\/span><\/p>\n<\/li>\n<\/ul>\n","protected":false},"excerpt":{"rendered":"<ul>\n<li>V\u00e4ri: pinkki<\/li>\n<li>Materiaali: ter\u00e4s<\/li>\n<li>Mitat: 80 x 35 x 101,5 cm (L x S x K)<\/li>\n<li>6 vetolaatikkoa ja 3-osaiset kuulalaakerikiskot<\/li>\n<li>Laatikot voidaan avata kokonaan<\/li>\n<li>Tasaajat pohjassa<\/li>\n<li>Kantavuus laatikkoa kohden: 20 kg<\/li>\n<li>Kokonaiskantavuus: 120 kg<\/li>\n<li>Asennus vaaditaan: kyll\u00e4<\/li>\n<li><strong>VAROITUS:<\/strong> Kaatumisen est\u00e4miseksi t\u00e4t\u00e4 tuotetta on k\u00e4ytett\u00e4v\u00e4 mukana toimitetun sein\u00e4kiinnityslaitteen kanssa<\/li>\n<li>Legal Documents:\n<p><span>Lis\u00e4tietoja huonekalujesi kaatumisen est\u00e4misest\u00e4 voit l\u00f6yt\u00e4\u00e4 <span style=\"text-decoration: underline\"><strong><a title=\"https:\/\/bit.ly\/3bVwkQp\" href=\"https:\/\/bit.ly\/3bVwkQp\" target=\"_blank\">t\u00e4\u00e4lt\u00e4<\/a><\/strong><\/span><\/span><\/p>\n<\/li>\n<\/ul>\n","protected":false},"featured_media":100000108700,"comment_status":"closed","ping_status":"closed","template":"","meta":[],"product_brand":[],"product_cat":[84,8635],"product_tag":[],"class_list":{"0":"post-108700","1":"product","2":"type-product","3":"status-publish","4":"has-post-thumbnail","6":"product_cat-huonekalut","7":"product_cat-sailytys-lukkokaapit","9":"first","10":"instock","11":"taxable","12":"shipping-taxable","13":"purchasable","14":"product-type-simple"},"_links":{"self":[{"href":"https:\/\/www.otiumhome.fi\/index.php\/wp-json\/wp\/v2\/product\/108700","targetHints":{"allow":["GET"]}}],"collection":[{"href":"https:\/\/www.otiumhome.fi\/index.php\/wp-json\/wp\/v2\/product"}],"about":[{"href":"https:\/\/www.otiumhome.fi\/index.php\/wp-json\/wp\/v2\/types\/product"}],"replies":[{"embeddable":true,"href":"https:\/\/www.otiumhome.fi\/index.php\/wp-json\/wp\/v2\/comments?post=108700"}],"wp:featuredmedia":[{"embeddable":true,"href":"https:\/\/www.otiumhome.fi\/index.php\/wp-json\/"}],"wp:attachment":[{"href":"https:\/\/www.otiumhome.fi\/index.php\/wp-json\/wp\/v2\/media?parent=108700"}],"wp:term":[{"taxonomy":"product_brand","embeddable":true,"href":"https:\/\/www.otiumhome.fi\/index.php\/wp-json\/wp\/v2\/product_brand?post=108700"},{"taxonomy":"product_cat","embeddable":true,"href":"https:\/\/www.otiumhome.fi\/index.php\/wp-json\/wp\/v2\/product_cat?post=108700"},{"taxonomy":"product_tag","embeddable":true,"href":"https:\/\/www.otiumhome.fi\/index.php\/wp-json\/wp\/v2\/product_tag?post=108700"}],"curies":[{"name":"wp","href":"https:\/\/api.w.org\/{rel}","templated":true}]}}