{"id":108684,"date":"2024-12-15T16:17:33","date_gmt":"2024-12-15T16:17:33","guid":{"rendered":"https:\/\/www.otiumhome.fi\/?p=108684"},"modified":"2025-06-06T16:36:30","modified_gmt":"2025-06-06T16:36:30","slug":"yopoydat-2-kpl-harmaa-sonoma-50x39x47-cm","status":"publish","type":"product","link":"https:\/\/www.otiumhome.fi\/index.php\/tuote\/yopoydat-2-kpl-harmaa-sonoma-50x39x47-cm\/","title":{"rendered":"Y\u00f6p\u00f6yd\u00e4t 2 kpl harmaa Sonoma 50x39x47 cm"},"content":{"rendered":"<p>N\u00e4m\u00e4 trendikk\u00e4\u00e4t y\u00f6p\u00f6yd\u00e4t edustavat eleganttia muotoilua ja niist\u00e4 tulee ajaton lis\u00e4 sisustukseesi.<\/p>\n<\/p>\n<ul>\n<li>Tukeva materiaali: Tekninen puu on poikkeuksellisen laadukasta ja sile\u00e4pintaista. Se on my\u00f6s luja, vakaa ja kosteudelle vastustuskykyinen.<\/li>\n<li>Runsaasti s\u00e4ilytystilaa: Y\u00f6p\u00f6yt\u00e4 tarjoaa k\u00e4tev\u00e4\u00e4 s\u00e4ilytystilaa lehdille, kaukos\u00e4\u00e4timille ja muille pienesineille niiden j\u00e4rjestyksess\u00e4 ja k\u00e4den ulottuvilla pit\u00e4miseen.<\/li>\n<li>Tukeva yl\u00e4taso: Sivukaapissa on tukeva yl\u00e4taso, jolle voidaan asettaa p\u00f6yt\u00e4lamput, kirjat ja muut vastaavat.<\/li>\n<\/ul>\n<p>Huomioi:<\/p>\n<ul>\n<li>Jokaisen tuotteen mukana on laatikossa kokoonpano-ohje helppoa asennusta varten.<\/li>\n<\/ul>\n<ul>\n<li>V\u00e4ri: harmaa Sonoma<\/li>\n<li>Materiaali: tekninen puu<\/li>\n<li>Mitat: 50 x 39 x 47 cm (L x S x K)<\/li>\n<li><strong>Toimitus sis\u00e4lt\u00e4\u00e4:<\/strong><\/li>\n<li>2 x y\u00f6p\u00f6yt\u00e4<\/li>\n<\/ul>\n","protected":false},"excerpt":{"rendered":"<ul>\n<li>V\u00e4ri: harmaa Sonoma<\/li>\n<li>Materiaali: tekninen puu<\/li>\n<li>Mitat: 50 x 39 x 47 cm (L x S x K)<\/li>\n<li><strong>Toimitus sis\u00e4lt\u00e4\u00e4:<\/strong><\/li>\n<li>2 x y\u00f6p\u00f6yt\u00e4<\/li>\n<\/ul>\n","protected":false},"featured_media":100000108684,"comment_status":"closed","ping_status":"closed","template":"","meta":[],"product_brand":[],"product_cat":[84,8635],"product_tag":[],"class_list":{"0":"post-108684","1":"product","2":"type-product","3":"status-publish","4":"has-post-thumbnail","6":"product_cat-huonekalut","7":"product_cat-sailytys-lukkokaapit","9":"first","10":"instock","11":"taxable","12":"shipping-taxable","13":"purchasable","14":"product-type-simple"},"_links":{"self":[{"href":"https:\/\/www.otiumhome.fi\/index.php\/wp-json\/wp\/v2\/product\/108684","targetHints":{"allow":["GET"]}}],"collection":[{"href":"https:\/\/www.otiumhome.fi\/index.php\/wp-json\/wp\/v2\/product"}],"about":[{"href":"https:\/\/www.otiumhome.fi\/index.php\/wp-json\/wp\/v2\/types\/product"}],"replies":[{"embeddable":true,"href":"https:\/\/www.otiumhome.fi\/index.php\/wp-json\/wp\/v2\/comments?post=108684"}],"wp:featuredmedia":[{"embeddable":true,"href":"https:\/\/www.otiumhome.fi\/index.php\/wp-json\/"}],"wp:attachment":[{"href":"https:\/\/www.otiumhome.fi\/index.php\/wp-json\/wp\/v2\/media?parent=108684"}],"wp:term":[{"taxonomy":"product_brand","embeddable":true,"href":"https:\/\/www.otiumhome.fi\/index.php\/wp-json\/wp\/v2\/product_brand?post=108684"},{"taxonomy":"product_cat","embeddable":true,"href":"https:\/\/www.otiumhome.fi\/index.php\/wp-json\/wp\/v2\/product_cat?post=108684"},{"taxonomy":"product_tag","embeddable":true,"href":"https:\/\/www.otiumhome.fi\/index.php\/wp-json\/wp\/v2\/product_tag?post=108684"}],"curies":[{"name":"wp","href":"https:\/\/api.w.org\/{rel}","templated":true}]}}