{"id":108610,"date":"2024-12-15T16:17:26","date_gmt":"2024-12-15T16:17:26","guid":{"rendered":"https:\/\/www.otiumhome.fi\/?p=108610"},"modified":"2025-06-06T16:35:47","modified_gmt":"2025-06-06T16:35:47","slug":"kaappi-pyorilla-harmaa-sonoma-60x53x72-cm-tekninen-puu","status":"publish","type":"product","link":"https:\/\/www.otiumhome.fi\/index.php\/tuote\/kaappi-pyorilla-harmaa-sonoma-60x53x72-cm-tekninen-puu\/","title":{"rendered":"Kaappi py\u00f6rill\u00e4 harmaa Sonoma 60x53x72 cm tekninen puu"},"content":{"rendered":"<p>Jos p\u00f6yt\u00e4si on sotkussa etk\u00e4 mill\u00e4\u00e4n l\u00f6yd\u00e4 papereitasi, niin t\u00e4m\u00e4 py\u00f6r\u00e4llinen kaappi on ylivoimainen vaihtoehto!<\/p>\n<\/p>\n<ul>\n<li>Ensiluokkainen materiaali: Tekninen puu on poikkeuksellisen laadukasta ja sile\u00e4pintaista. Se on my\u00f6s luja, vakaa ja kosteudelle vastustuskykyinen. Teknisest\u00e4 puusta valmistettu kaappi on helppo puhdistaa kostealla liinalla.<\/li>\n<li>Lis\u00e4\u00e4 s\u00e4ilytystilaa: Suorakaiteen muotoista yl\u00e4osaa voidaan k\u00e4ytt\u00e4\u00e4 tulostimen, paperien ja lis\u00e4varusteiden s\u00e4ilytt\u00e4miseen ty\u00f6p\u00f6yd\u00e4n alla tai vieress\u00e4 tilan s\u00e4\u00e4st\u00e4miseksi.<\/li>\n<li>Rullaava suunnittelu: Py\u00f6rien ansiosta, joista kaksi on lukittavissa, s\u00e4ilytyskaappi on erityisen liikkuva ja universaali.\n<\/p>\n<\/li>\n<\/ul>\n<ul>\n<li>V\u00e4ri: harmaa Sonoma-tammi<\/li>\n<li>Materiaali: tekninen puu<\/li>\n<li>Mitat: 60 x 53 x 72 cm (L x S x K)<\/li>\n<li>Helposti liikkuva nelj\u00e4ll\u00e4 py\u00f6r\u00e4ll\u00e4 (kaksi niist\u00e4 lukittavia)<\/li>\n<li>Asennus vaaditaan: kyll\u00e4<\/li>\n<\/ul>\n","protected":false},"excerpt":{"rendered":"<ul>\n<li>V\u00e4ri: harmaa Sonoma-tammi<\/li>\n<li>Materiaali: tekninen puu<\/li>\n<li>Mitat: 60 x 53 x 72 cm (L x S x K)<\/li>\n<li>Helposti liikkuva nelj\u00e4ll\u00e4 py\u00f6r\u00e4ll\u00e4 (kaksi niist\u00e4 lukittavia)<\/li>\n<li>Asennus vaaditaan: kyll\u00e4<\/li>\n<\/ul>\n","protected":false},"featured_media":100000108610,"comment_status":"closed","ping_status":"closed","template":"","meta":[],"product_brand":[],"product_cat":[84,8635],"product_tag":[],"class_list":{"0":"post-108610","1":"product","2":"type-product","3":"status-publish","4":"has-post-thumbnail","6":"product_cat-huonekalut","7":"product_cat-sailytys-lukkokaapit","9":"first","10":"instock","11":"taxable","12":"shipping-taxable","13":"purchasable","14":"product-type-simple"},"_links":{"self":[{"href":"https:\/\/www.otiumhome.fi\/index.php\/wp-json\/wp\/v2\/product\/108610","targetHints":{"allow":["GET"]}}],"collection":[{"href":"https:\/\/www.otiumhome.fi\/index.php\/wp-json\/wp\/v2\/product"}],"about":[{"href":"https:\/\/www.otiumhome.fi\/index.php\/wp-json\/wp\/v2\/types\/product"}],"replies":[{"embeddable":true,"href":"https:\/\/www.otiumhome.fi\/index.php\/wp-json\/wp\/v2\/comments?post=108610"}],"wp:featuredmedia":[{"embeddable":true,"href":"https:\/\/www.otiumhome.fi\/index.php\/wp-json\/"}],"wp:attachment":[{"href":"https:\/\/www.otiumhome.fi\/index.php\/wp-json\/wp\/v2\/media?parent=108610"}],"wp:term":[{"taxonomy":"product_brand","embeddable":true,"href":"https:\/\/www.otiumhome.fi\/index.php\/wp-json\/wp\/v2\/product_brand?post=108610"},{"taxonomy":"product_cat","embeddable":true,"href":"https:\/\/www.otiumhome.fi\/index.php\/wp-json\/wp\/v2\/product_cat?post=108610"},{"taxonomy":"product_tag","embeddable":true,"href":"https:\/\/www.otiumhome.fi\/index.php\/wp-json\/wp\/v2\/product_tag?post=108610"}],"curies":[{"name":"wp","href":"https:\/\/api.w.org\/{rel}","templated":true}]}}