{"id":108568,"date":"2024-12-15T16:17:21","date_gmt":"2024-12-15T16:17:21","guid":{"rendered":"https:\/\/www.otiumhome.fi\/?p=108568"},"modified":"2025-08-07T13:23:25","modified_gmt":"2025-08-07T13:23:25","slug":"toimistokaappi-musta-90x40x180-cm-teras-karkaistu-lasi","status":"publish","type":"product","link":"https:\/\/www.otiumhome.fi\/index.php\/tuote\/toimistokaappi-musta-90x40x180-cm-teras-karkaistu-lasi\/","title":{"rendered":"Toimistokaappi musta 90x40x180 cm ter\u00e4s\/karkaistu lasi"},"content":{"rendered":"<p>Poista kaikki ep\u00e4siisteys toimistostasi t\u00e4m\u00e4n kaapin avulla!<\/p>\n<\/p>\n<p>Varastokaappi on valmistettu ter\u00e4ksest\u00e4, joten se on todella tukeva ja kest\u00e4v\u00e4. Kaapissa on nelj\u00e4 ovea ja s\u00e4\u00e4dett\u00e4v\u00e4t hyllyt, jotka mahdollistavan erikokoisten dokumenttien s\u00e4ilytyksen. Karkaistusta lasista valmistettujen ovien kautta n\u00e4et helposti l\u00e4pi ja voit ottaa haluamasi dokumentin. Arkistokaapissa on my\u00f6s lukko, joka suojelee henkil\u00f6kohtaisia papereitasi ei-toivotuilta vierailta.<\/p>\n<ul>\n<li>V\u00e4ri: musta<\/li>\n<li>Materiaali: ter\u00e4s, karkaistu lasi<\/li>\n<li>Mitat: 90 x 40 x 180 cm (P x S x K)<\/li>\n<li>Hyllyjen m\u00e4\u00e4r\u00e4: 2 (s\u00e4\u00e4dett\u00e4v\u00e4t)<\/li>\n<li>Sis\u00e4lt\u00e4\u00e4 lukon<\/li>\n<li>Asennus vaaditaan: kyll\u00e4<\/li>\n<li><strong>VAROITUS:<\/strong> Kaatumisen est\u00e4miseksi on t\u00e4t\u00e4 tuotetta k\u00e4ytett\u00e4v\u00e4 mukana toimitetun sein\u00e4kiinnityslaitteen kanssa.<\/li>\n<li>Legal Documents:\n<p><span>Lis\u00e4tietoja huonekalujesi kaatumisen est\u00e4misest\u00e4 voit l\u00f6yt\u00e4\u00e4 <span style=\"text-decoration: underline\"><strong><a title=\"https:\/\/bit.ly\/3bVwkQp\" href=\"https:\/\/bit.ly\/3bVwkQp\" target=\"_blank\">t\u00e4\u00e4lt\u00e4<\/a><\/strong><\/span><\/span><\/p>\n<\/li>\n<\/ul>\n","protected":false},"excerpt":{"rendered":"<ul>\n<li>V\u00e4ri: musta<\/li>\n<li>Materiaali: ter\u00e4s, karkaistu lasi<\/li>\n<li>Mitat: 90 x 40 x 180 cm (P x S x K)<\/li>\n<li>Hyllyjen m\u00e4\u00e4r\u00e4: 2 (s\u00e4\u00e4dett\u00e4v\u00e4t)<\/li>\n<li>Sis\u00e4lt\u00e4\u00e4 lukon<\/li>\n<li>Asennus vaaditaan: kyll\u00e4<\/li>\n<li><strong>VAROITUS:<\/strong> Kaatumisen est\u00e4miseksi on t\u00e4t\u00e4 tuotetta k\u00e4ytett\u00e4v\u00e4 mukana toimitetun sein\u00e4kiinnityslaitteen kanssa.<\/li>\n<li>Legal Documents:\n<p><span>Lis\u00e4tietoja huonekalujesi kaatumisen est\u00e4misest\u00e4 voit l\u00f6yt\u00e4\u00e4 <span style=\"text-decoration: underline\"><strong><a title=\"https:\/\/bit.ly\/3bVwkQp\" href=\"https:\/\/bit.ly\/3bVwkQp\" target=\"_blank\">t\u00e4\u00e4lt\u00e4<\/a><\/strong><\/span><\/span><\/p>\n<\/li>\n<\/ul>\n","protected":false},"featured_media":100000108568,"comment_status":"closed","ping_status":"closed","template":"","meta":[],"product_brand":[],"product_cat":[84,8635],"product_tag":[],"class_list":{"0":"post-108568","1":"product","2":"type-product","3":"status-publish","4":"has-post-thumbnail","6":"product_cat-huonekalut","7":"product_cat-sailytys-lukkokaapit","9":"first","10":"outofstock","11":"taxable","12":"shipping-taxable","13":"purchasable","14":"product-type-simple"},"_links":{"self":[{"href":"https:\/\/www.otiumhome.fi\/index.php\/wp-json\/wp\/v2\/product\/108568","targetHints":{"allow":["GET"]}}],"collection":[{"href":"https:\/\/www.otiumhome.fi\/index.php\/wp-json\/wp\/v2\/product"}],"about":[{"href":"https:\/\/www.otiumhome.fi\/index.php\/wp-json\/wp\/v2\/types\/product"}],"replies":[{"embeddable":true,"href":"https:\/\/www.otiumhome.fi\/index.php\/wp-json\/wp\/v2\/comments?post=108568"}],"wp:featuredmedia":[{"embeddable":true,"href":"https:\/\/www.otiumhome.fi\/index.php\/wp-json\/"}],"wp:attachment":[{"href":"https:\/\/www.otiumhome.fi\/index.php\/wp-json\/wp\/v2\/media?parent=108568"}],"wp:term":[{"taxonomy":"product_brand","embeddable":true,"href":"https:\/\/www.otiumhome.fi\/index.php\/wp-json\/wp\/v2\/product_brand?post=108568"},{"taxonomy":"product_cat","embeddable":true,"href":"https:\/\/www.otiumhome.fi\/index.php\/wp-json\/wp\/v2\/product_cat?post=108568"},{"taxonomy":"product_tag","embeddable":true,"href":"https:\/\/www.otiumhome.fi\/index.php\/wp-json\/wp\/v2\/product_tag?post=108568"}],"curies":[{"name":"wp","href":"https:\/\/api.w.org\/{rel}","templated":true}]}}