{"id":108525,"date":"2024-12-15T16:17:17","date_gmt":"2024-12-15T16:17:17","guid":{"rendered":"https:\/\/www.otiumhome.fi\/?p=108525"},"modified":"2025-06-06T16:36:31","modified_gmt":"2025-06-06T16:36:31","slug":"kylpyhuonekaappi-42x29x182-cm-taysi-pahkinapuu","status":"publish","type":"product","link":"https:\/\/www.otiumhome.fi\/index.php\/tuote\/kylpyhuonekaappi-42x29x182-cm-taysi-pahkinapuu\/","title":{"rendered":"Kylpyhuonekaappi 42x29x182 cm t\u00e4ysi p\u00e4hkin\u00e4puu"},"content":{"rendered":"<p>T\u00e4m\u00e4 kylpyhuoneen kaappi suurella s\u00e4ilytystilalla on loistava lis\u00e4 kylpyhuoneeseesi antaen sille siistin ja n\u00e4ytt\u00e4v\u00e4n ulkon\u00e4\u00f6n!<\/p>\n<\/p>\n<ul>\n<li>T\u00e4ysi p\u00e4hkin\u00e4puu: T\u00e4ysi p\u00e4hkin\u00e4puu on tihe\u00e4\u00e4 ja kest\u00e4v\u00e4\u00e4 puuta, joka on eritt\u00e4in vastustuskykyinen ajan tuomaa kulutusta vastaan. Se on hyvin tunnettu luonteenomaisesta v\u00e4rist\u00e4\u00e4n ja vieh\u00e4tt\u00e4vist\u00e4 puunsyy kuvioistaan.<\/li>\n<li>Runsaasti s\u00e4ilytystilaa: Kylpyhuoneen kaapissa on viisi lokeroa ja laatikko, jotka tarjoavat runsaasti s\u00e4ilytystilaa p\u00e4ivitt\u00e4istavaroiden hyv\u00e4ss\u00e4 j\u00e4rjestyksess\u00e4 pit\u00e4miseen.<\/li>\n<li>K\u00e4yt\u00e4nn\u00f6llinen ovi: Pid\u00e4 tilasi sotkuttomina piilottamalla pikkutavarasi t\u00e4m\u00e4n kylpyhuonekaapin oven taakse.<\/li>\n<li>Hyv\u00e4 ilmanvaihto: Kylpyhuonekaapin ovessa ja laatikossa on s\u00e4lemuotoilu, joka takaa optimaalisen ilmanvaihdon.<\/li>\n<\/ul>\n<p>Varoitus:<\/p>\n<ul>\n<li>Kaatumisen est\u00e4miseksi on t\u00e4t\u00e4 tuotetta k\u00e4ytett\u00e4v\u00e4 mukana toimitetun sein\u00e4kiinnityslaitteen kanssa.<\/li>\n<\/ul>\n<p>Huomioi:<\/p>\n<ul>\n<li>Jokaisen tuotteen mukana on laatikossa kokoonpano-ohje helppoa asennusta varten.<\/li>\n<li>Kaapin sivupaneelit koostuvan kahdesta yhdistyv\u00e4st\u00e4 osasta<\/li>\n<\/ul>\n<ul>\n<li>Materiaali: T\u00e4ysi \u00f6ljytty p\u00e4hkin\u00e4puu<\/li>\n<li>Mitat: 42 x 29 x 182 cm (L x S x K)<\/li>\n<li>Enimm\u00e4iskantavuus (yhteens\u00e4): 30 kg<\/li>\n<li>Enimm\u00e4iskantavuus per hylly: 5 kg<\/li>\n<li>Legal Documents:\n<p><span>Lis\u00e4tietoja huonekalujesi kaatumisen est\u00e4misest\u00e4 voit l\u00f6yt\u00e4\u00e4 <span style=\"text-decoration: underline\"><strong><a title=\"https:\/\/bit.ly\/3bVwkQp\" href=\"https:\/\/bit.ly\/3bVwkQp\" target=\"_blank\">t\u00e4\u00e4lt\u00e4<\/a><\/strong><\/span><\/span><\/p>\n<\/li>\n<\/ul>\n","protected":false},"excerpt":{"rendered":"<ul>\n<li>Materiaali: T\u00e4ysi \u00f6ljytty p\u00e4hkin\u00e4puu<\/li>\n<li>Mitat: 42 x 29 x 182 cm (L x S x K)<\/li>\n<li>Enimm\u00e4iskantavuus (yhteens\u00e4): 30 kg<\/li>\n<li>Enimm\u00e4iskantavuus per hylly: 5 kg<\/li>\n<li>Legal Documents:\n<p><span>Lis\u00e4tietoja huonekalujesi kaatumisen est\u00e4misest\u00e4 voit l\u00f6yt\u00e4\u00e4 <span style=\"text-decoration: underline\"><strong><a title=\"https:\/\/bit.ly\/3bVwkQp\" href=\"https:\/\/bit.ly\/3bVwkQp\" target=\"_blank\">t\u00e4\u00e4lt\u00e4<\/a><\/strong><\/span><\/span><\/p>\n<\/li>\n<\/ul>\n","protected":false},"featured_media":100000108525,"comment_status":"closed","ping_status":"closed","template":"","meta":[],"product_brand":[],"product_cat":[84,8635],"product_tag":[],"class_list":{"0":"post-108525","1":"product","2":"type-product","3":"status-publish","4":"has-post-thumbnail","6":"product_cat-huonekalut","7":"product_cat-sailytys-lukkokaapit","9":"first","10":"instock","11":"taxable","12":"shipping-taxable","13":"purchasable","14":"product-type-simple"},"_links":{"self":[{"href":"https:\/\/www.otiumhome.fi\/index.php\/wp-json\/wp\/v2\/product\/108525","targetHints":{"allow":["GET"]}}],"collection":[{"href":"https:\/\/www.otiumhome.fi\/index.php\/wp-json\/wp\/v2\/product"}],"about":[{"href":"https:\/\/www.otiumhome.fi\/index.php\/wp-json\/wp\/v2\/types\/product"}],"replies":[{"embeddable":true,"href":"https:\/\/www.otiumhome.fi\/index.php\/wp-json\/wp\/v2\/comments?post=108525"}],"wp:featuredmedia":[{"embeddable":true,"href":"https:\/\/www.otiumhome.fi\/index.php\/wp-json\/"}],"wp:attachment":[{"href":"https:\/\/www.otiumhome.fi\/index.php\/wp-json\/wp\/v2\/media?parent=108525"}],"wp:term":[{"taxonomy":"product_brand","embeddable":true,"href":"https:\/\/www.otiumhome.fi\/index.php\/wp-json\/wp\/v2\/product_brand?post=108525"},{"taxonomy":"product_cat","embeddable":true,"href":"https:\/\/www.otiumhome.fi\/index.php\/wp-json\/wp\/v2\/product_cat?post=108525"},{"taxonomy":"product_tag","embeddable":true,"href":"https:\/\/www.otiumhome.fi\/index.php\/wp-json\/wp\/v2\/product_tag?post=108525"}],"curies":[{"name":"wp","href":"https:\/\/api.w.org\/{rel}","templated":true}]}}