{"id":108513,"date":"2024-12-15T16:17:15","date_gmt":"2024-12-15T16:17:15","guid":{"rendered":"https:\/\/www.otiumhome.fi\/?p=108513"},"modified":"2025-06-06T16:36:29","modified_gmt":"2025-06-06T16:36:29","slug":"laatikosto-rullapyorilla-harmaa-sonoma-tekninen-puu","status":"publish","type":"product","link":"https:\/\/www.otiumhome.fi\/index.php\/tuote\/laatikosto-rullapyorilla-harmaa-sonoma-tekninen-puu\/","title":{"rendered":"Laatikosto rullapy\u00f6rill\u00e4 harmaa Sonoma tekninen puu"},"content":{"rendered":"<p>T\u00e4m\u00e4 modernin tyylik\u00e4s laatikosto rullapy\u00f6rill\u00e4 on t\u00e4ydellinen, k\u00e4yt\u00e4nn\u00f6llinen s\u00e4ilytysratkaisu mihin tahansa toimistoon.<\/p>\n<\/p>\n<ul>\n<li>Kest\u00e4v\u00e4 materiaali: Tekninen puu on poikkeuksellisen laadukasta ja sile\u00e4pintaista. Se on luja, vakaa ja kosteudelle vastustuskykyinen.<\/li>\n<li>Runsaasti s\u00e4ilytystilaa: Kaapissa on viisi laatikkoa, jotka tarjoavat runsaasti s\u00e4ilytystilaa asiakirjoille, muistivihoille, kynille, paperiliittimille, avaimille ja muille toimistotarvikkeille.<\/li>\n<li>Joustava muotoilu: Nelj\u00e4n py\u00f6r\u00e4n ansiosta laatikosto voidaan sijoittaa joustavasti ja siirt\u00e4\u00e4 helposti. T\u00e4m\u00e4 s\u00e4ilytyskaappi sopii my\u00f6s t\u00e4ydellisesti yhteen tietokonep\u00f6yd\u00e4n kanssa, ja se on erinomainen kaluste lapsesi huoneeseen.<\/li>\n<\/ul>\n<p>Huomioi: <\/p>\n<ul>\n<li>Jokaisen tuotteen mukana on laatikossa kokoonpano-ohje helppoa asennusta varten.<\/li>\n<\/ul>\n<ul>\n<li>V\u00e4ri: harmaa Sonoma<\/li>\n<li>Materiaali: tekninen puu, alumiini<\/li>\n<li>Mitat: 33 x 38 x 63 cm (L x S x K)<\/li>\n<li>Nelj\u00e4 rullapy\u00f6r\u00e4\u00e4, joissa kahdessa jarrut<\/li>\n<li>Enimm\u00e4iskantavuus (yhteens\u00e4): 40 kg<\/li>\n<li>Enimm\u00e4iskantavuus (yl\u00e4osa): 15 kg<\/li>\n<li>Enimm\u00e4iskantavuus per laatikko: 3 kg<\/li>\n<\/ul>\n","protected":false},"excerpt":{"rendered":"<ul>\n<li>V\u00e4ri: harmaa Sonoma<\/li>\n<li>Materiaali: tekninen puu, alumiini<\/li>\n<li>Mitat: 33 x 38 x 63 cm (L x S x K)<\/li>\n<li>Nelj\u00e4 rullapy\u00f6r\u00e4\u00e4, joissa kahdessa jarrut<\/li>\n<li>Enimm\u00e4iskantavuus (yhteens\u00e4): 40 kg<\/li>\n<li>Enimm\u00e4iskantavuus (yl\u00e4osa): 15 kg<\/li>\n<li>Enimm\u00e4iskantavuus per laatikko: 3 kg<\/li>\n<\/ul>\n","protected":false},"featured_media":100000108513,"comment_status":"closed","ping_status":"closed","template":"","meta":[],"product_brand":[],"product_cat":[84,8635],"product_tag":[],"class_list":{"0":"post-108513","1":"product","2":"type-product","3":"status-publish","4":"has-post-thumbnail","6":"product_cat-huonekalut","7":"product_cat-sailytys-lukkokaapit","9":"first","10":"instock","11":"taxable","12":"shipping-taxable","13":"purchasable","14":"product-type-simple"},"_links":{"self":[{"href":"https:\/\/www.otiumhome.fi\/index.php\/wp-json\/wp\/v2\/product\/108513","targetHints":{"allow":["GET"]}}],"collection":[{"href":"https:\/\/www.otiumhome.fi\/index.php\/wp-json\/wp\/v2\/product"}],"about":[{"href":"https:\/\/www.otiumhome.fi\/index.php\/wp-json\/wp\/v2\/types\/product"}],"replies":[{"embeddable":true,"href":"https:\/\/www.otiumhome.fi\/index.php\/wp-json\/wp\/v2\/comments?post=108513"}],"wp:featuredmedia":[{"embeddable":true,"href":"https:\/\/www.otiumhome.fi\/index.php\/wp-json\/"}],"wp:attachment":[{"href":"https:\/\/www.otiumhome.fi\/index.php\/wp-json\/wp\/v2\/media?parent=108513"}],"wp:term":[{"taxonomy":"product_brand","embeddable":true,"href":"https:\/\/www.otiumhome.fi\/index.php\/wp-json\/wp\/v2\/product_brand?post=108513"},{"taxonomy":"product_cat","embeddable":true,"href":"https:\/\/www.otiumhome.fi\/index.php\/wp-json\/wp\/v2\/product_cat?post=108513"},{"taxonomy":"product_tag","embeddable":true,"href":"https:\/\/www.otiumhome.fi\/index.php\/wp-json\/wp\/v2\/product_tag?post=108513"}],"curies":[{"name":"wp","href":"https:\/\/api.w.org\/{rel}","templated":true}]}}