{"id":108433,"date":"2024-12-15T16:15:03","date_gmt":"2024-12-15T16:15:03","guid":{"rendered":"https:\/\/www.otiumhome.fi\/?p=108433"},"modified":"2025-06-06T16:35:47","modified_gmt":"2025-06-06T16:35:47","slug":"muovikaappi-79x43x125-cm-puutyyli-vaniljajaatelo","status":"publish","type":"product","link":"https:\/\/www.otiumhome.fi\/index.php\/tuote\/muovikaappi-79x43x125-cm-puutyyli-vaniljajaatelo\/","title":{"rendered":"Muovikaappi 79x43x125 cm puutyyli vaniljaj\u00e4\u00e4tel\u00f6"},"content":{"rendered":"<p>Pid\u00e4 kotisi puhtaana ja hyv\u00e4ss\u00e4 j\u00e4rjestyksess\u00e4 t\u00e4m\u00e4n kaapin avulla. Se on ihanteellinen kotiin, toimistoon tai varastotilaan.<\/p>\n<\/p>\n<p>S\u00e4ilytyskaappi on valmistettu muovista, joten se on helppo puhdistaa. Kaapissa on reilusti s\u00e4ilytystilaa t\u00e4rkeiden tavaroidesi pit\u00e4miseksi j\u00e4rjestyksess\u00e4 ja k\u00e4ttesi ulottuvilla. Kodin j\u00e4rjestelij\u00e4ss\u00e4 on kompakti suunnittelu ja se k\u00e4ytt\u00e4\u00e4 rajatun tilan upeasti hyv\u00e4kseen.<\/p>\n<ul>\n<li>V\u00e4ri: Vaniljaj\u00e4\u00e4tel\u00f6<\/li>\n<li>Materiaali: muovi<\/li>\n<li>Mitat: 79 x 43 x 125 cm (L x S x K)<\/li>\n<li>Kaksi ovea<\/li>\n<li>Kantavuus per hylly: 30 kg<\/li>\n<li>Puuefektill\u00e4<\/li>\n<li>Asennus vaaditaan: kyll\u00e4<\/li>\n<li><strong>VAROITUS:<\/strong> Kaatumisen est\u00e4miseksi t\u00e4t\u00e4 tuotetta on k\u00e4ytett\u00e4v\u00e4 mukana toimitetun sein\u00e4kiinnityslaitteen kanssa<\/li>\n<li>Legal Documents:\n<p><span>Lis\u00e4tietoja huonekalujesi kaatumisen est\u00e4misest\u00e4 voit l\u00f6yt\u00e4\u00e4 <span style=\"text-decoration: underline\"><strong><a title=\"https:\/\/bit.ly\/3bVwkQp\" href=\"https:\/\/bit.ly\/3bVwkQp\" target=\"_blank\">t\u00e4\u00e4lt\u00e4<\/a><\/strong><\/span><\/span><\/p>\n<\/li>\n<\/ul>\n","protected":false},"excerpt":{"rendered":"<ul>\n<li>V\u00e4ri: Vaniljaj\u00e4\u00e4tel\u00f6<\/li>\n<li>Materiaali: muovi<\/li>\n<li>Mitat: 79 x 43 x 125 cm (L x S x K)<\/li>\n<li>Kaksi ovea<\/li>\n<li>Kantavuus per hylly: 30 kg<\/li>\n<li>Puuefektill\u00e4<\/li>\n<li>Asennus vaaditaan: kyll\u00e4<\/li>\n<li><strong>VAROITUS:<\/strong> Kaatumisen est\u00e4miseksi t\u00e4t\u00e4 tuotetta on k\u00e4ytett\u00e4v\u00e4 mukana toimitetun sein\u00e4kiinnityslaitteen kanssa<\/li>\n<li>Legal Documents:\n<p><span>Lis\u00e4tietoja huonekalujesi kaatumisen est\u00e4misest\u00e4 voit l\u00f6yt\u00e4\u00e4 <span style=\"text-decoration: underline\"><strong><a title=\"https:\/\/bit.ly\/3bVwkQp\" href=\"https:\/\/bit.ly\/3bVwkQp\" target=\"_blank\">t\u00e4\u00e4lt\u00e4<\/a><\/strong><\/span><\/span><\/p>\n<\/li>\n<\/ul>\n","protected":false},"featured_media":100000108433,"comment_status":"closed","ping_status":"closed","template":"","meta":[],"product_brand":[],"product_cat":[84,8635],"product_tag":[],"class_list":{"0":"post-108433","1":"product","2":"type-product","3":"status-publish","4":"has-post-thumbnail","6":"product_cat-huonekalut","7":"product_cat-sailytys-lukkokaapit","9":"first","10":"instock","11":"taxable","12":"shipping-taxable","13":"purchasable","14":"product-type-simple"},"_links":{"self":[{"href":"https:\/\/www.otiumhome.fi\/index.php\/wp-json\/wp\/v2\/product\/108433","targetHints":{"allow":["GET"]}}],"collection":[{"href":"https:\/\/www.otiumhome.fi\/index.php\/wp-json\/wp\/v2\/product"}],"about":[{"href":"https:\/\/www.otiumhome.fi\/index.php\/wp-json\/wp\/v2\/types\/product"}],"replies":[{"embeddable":true,"href":"https:\/\/www.otiumhome.fi\/index.php\/wp-json\/wp\/v2\/comments?post=108433"}],"wp:featuredmedia":[{"embeddable":true,"href":"https:\/\/www.otiumhome.fi\/index.php\/wp-json\/"}],"wp:attachment":[{"href":"https:\/\/www.otiumhome.fi\/index.php\/wp-json\/wp\/v2\/media?parent=108433"}],"wp:term":[{"taxonomy":"product_brand","embeddable":true,"href":"https:\/\/www.otiumhome.fi\/index.php\/wp-json\/wp\/v2\/product_brand?post=108433"},{"taxonomy":"product_cat","embeddable":true,"href":"https:\/\/www.otiumhome.fi\/index.php\/wp-json\/wp\/v2\/product_cat?post=108433"},{"taxonomy":"product_tag","embeddable":true,"href":"https:\/\/www.otiumhome.fi\/index.php\/wp-json\/wp\/v2\/product_tag?post=108433"}],"curies":[{"name":"wp","href":"https:\/\/api.w.org\/{rel}","templated":true}]}}