{"id":108302,"date":"2024-12-15T16:14:51","date_gmt":"2024-12-15T16:14:51","guid":{"rendered":"https:\/\/www.otiumhome.fi\/?p=108302"},"modified":"2025-06-06T16:35:34","modified_gmt":"2025-06-06T16:35:34","slug":"kulmakaappi-musta-33x33x1645-cm-tekninen-puu","status":"publish","type":"product","link":"https:\/\/www.otiumhome.fi\/index.php\/tuote\/kulmakaappi-musta-33x33x1645-cm-tekninen-puu\/","title":{"rendered":"Kulmakaappi musta 33x33x164,5 cm tekninen puu"},"content":{"rendered":"<p>T\u00e4m\u00e4 kulmakaappi luo tyylikk\u00e4\u00e4n lis\u00e4n olohuoneesi sisustukseen. Siin\u00e4 on viisi lokeroa, joihin voit siististi asettaa kirjoja, CD-levyj\u00e4, lehti\u00e4, koriste-esineit\u00e4 tai ruukkukasveja.<\/p>\n<\/p>\n<p>T\u00e4m\u00e4 kulmayksikk\u00f6 on tukeva ja vakaa rakenteensa vuoksi. Sivusein\u00e4t suojelevat tavaroitasi putoamiselta. Sen kompaktin koon ansiosta s\u00e4ilytyshylly vie vain v\u00e4h\u00e4n tilaa. Voit asettaa sen kodikkaaseen kulmaan pieneen olo-, tai makuuhuoneeseen tai toimistoon. Lis\u00e4ksi sen puhdistus k\u00e4y helposti kostealla liinalla.<\/p>\n<ul>\n<li>V\u00e4ri: musta<\/li>\n<li>Materiaali: tekninen puu<\/li>\n<li>Mitat: 33 x 33 x 164,5 cm (L x S x K)<\/li>\n<li>Asennus vaaditaan: kyll\u00e4<\/li>\n<li><strong>Varoitus: <\/strong>Kaatumisen est\u00e4miseksi on t\u00e4t\u00e4 tuotetta k\u00e4ytett\u00e4v\u00e4 mukana toimitettavan sein\u00e4kiinnityslaitteen kanssa.<\/li>\n<li>Legal Documents:\n<p><span>Lis\u00e4tietoja huonekalujesi kaatumisen est\u00e4misest\u00e4 voit l\u00f6yt\u00e4\u00e4 <span style=\"text-decoration: underline\"><strong><a title=\"https:\/\/bit.ly\/3bVwkQp\" href=\"https:\/\/bit.ly\/3bVwkQp\" target=\"_blank\">t\u00e4\u00e4lt\u00e4<\/a><\/strong><\/span><\/span><\/p>\n<\/li>\n<\/ul>\n","protected":false},"excerpt":{"rendered":"<ul>\n<li>V\u00e4ri: musta<\/li>\n<li>Materiaali: tekninen puu<\/li>\n<li>Mitat: 33 x 33 x 164,5 cm (L x S x K)<\/li>\n<li>Asennus vaaditaan: kyll\u00e4<\/li>\n<li><strong>Varoitus: <\/strong>Kaatumisen est\u00e4miseksi on t\u00e4t\u00e4 tuotetta k\u00e4ytett\u00e4v\u00e4 mukana toimitettavan sein\u00e4kiinnityslaitteen kanssa.<\/li>\n<li>Legal Documents:\n<p><span>Lis\u00e4tietoja huonekalujesi kaatumisen est\u00e4misest\u00e4 voit l\u00f6yt\u00e4\u00e4 <span style=\"text-decoration: underline\"><strong><a title=\"https:\/\/bit.ly\/3bVwkQp\" href=\"https:\/\/bit.ly\/3bVwkQp\" target=\"_blank\">t\u00e4\u00e4lt\u00e4<\/a><\/strong><\/span><\/span><\/p>\n<\/li>\n<\/ul>\n","protected":false},"featured_media":100000108302,"comment_status":"closed","ping_status":"closed","template":"","meta":[],"product_brand":[],"product_cat":[84,8635],"product_tag":[],"class_list":{"0":"post-108302","1":"product","2":"type-product","3":"status-publish","4":"has-post-thumbnail","6":"product_cat-huonekalut","7":"product_cat-sailytys-lukkokaapit","9":"first","10":"instock","11":"taxable","12":"shipping-taxable","13":"purchasable","14":"product-type-simple"},"_links":{"self":[{"href":"https:\/\/www.otiumhome.fi\/index.php\/wp-json\/wp\/v2\/product\/108302","targetHints":{"allow":["GET"]}}],"collection":[{"href":"https:\/\/www.otiumhome.fi\/index.php\/wp-json\/wp\/v2\/product"}],"about":[{"href":"https:\/\/www.otiumhome.fi\/index.php\/wp-json\/wp\/v2\/types\/product"}],"replies":[{"embeddable":true,"href":"https:\/\/www.otiumhome.fi\/index.php\/wp-json\/wp\/v2\/comments?post=108302"}],"wp:featuredmedia":[{"embeddable":true,"href":"https:\/\/www.otiumhome.fi\/index.php\/wp-json\/"}],"wp:attachment":[{"href":"https:\/\/www.otiumhome.fi\/index.php\/wp-json\/wp\/v2\/media?parent=108302"}],"wp:term":[{"taxonomy":"product_brand","embeddable":true,"href":"https:\/\/www.otiumhome.fi\/index.php\/wp-json\/wp\/v2\/product_brand?post=108302"},{"taxonomy":"product_cat","embeddable":true,"href":"https:\/\/www.otiumhome.fi\/index.php\/wp-json\/wp\/v2\/product_cat?post=108302"},{"taxonomy":"product_tag","embeddable":true,"href":"https:\/\/www.otiumhome.fi\/index.php\/wp-json\/wp\/v2\/product_tag?post=108302"}],"curies":[{"name":"wp","href":"https:\/\/api.w.org\/{rel}","templated":true}]}}